{"id":5291161,"date":"2026-01-16T17:12:22","date_gmt":"2026-01-16T15:12:22","guid":{"rendered":"https:\/\/gadgettravellers.eu\/shop\/parker-copri-testina-in-pelle-di-bufalo-per-rasoi-di-sicurezza\/"},"modified":"2026-05-05T03:12:39","modified_gmt":"2026-05-05T01:12:39","slug":"parker-copri-testina-in-pelle-di-bufalo-per-rasoi-di-sicurezza","status":"publish","type":"product","link":"https:\/\/gadgettravellers.eu\/it\/shop\/parker-copri-testina-in-pelle-di-bufalo-per-rasoi-di-sicurezza\/","title":{"rendered":"Parker Copri testina in pelle di bufalo per rasoi di sicurezza"},"content":{"rendered":"<h2>Parker Copri testina in pelle di bufalo per rasoi di sicurezza<\/h2>\n<p>Il copri testina Parker in pelle di bufalo per rasoi di sicurezza \u00e8 un accessorio di alta qualit\u00e0 e dal design esclusivo, ideale per proteggere la testina e la lama del tuo rasoio di sicurezza. Questo prodotto, oltre ad essere estremamente funzionale, aggiunge un tocco di eleganza e stile al tuo kit di rasatura tradizionale.<\/p>\n<p><strong>Caratteristiche principali<\/strong><br \/>\nIl copri testina Parker \u00e8 realizzato in pregiata pelle di bufalo, cucita a mano per garantire resistenza e durata nel tempo. Il suo design compatto e la sua struttura robusta lo rendono perfetto per proteggere efficacemente la testina e la lama del tuo rasoio di sicurezza. Questo accessorio \u00e8 adatto per essere utilizzato con la maggior parte dei rasoi di sicurezza disponibili sul mercato. Le sue dimensioni sono di circa 5,08&#215;3,81 cm, ideali per garantire una protezione completa senza aggiungere ingombro.<\/p>\n<p><strong>Nota<\/strong><br \/>\nIl rasoio \u00e8 venduto separatamente.<\/p>\n<p>Questo copri testina Parker \u00e8 un prodotto di alta qualit\u00e0, realizzato con attenzione ai dettagli e con materiali di prima scelta. \u00c8 un accessorio indispensabile per chi ama la rasatura tradizionale e desidera proteggere il proprio rasoio di sicurezza in modo efficace ed elegante.<\/p>\n<p>Prodotto in India da Parker Safety Razors. Formato: 5,08&#215;3,81 cm.<\/p>\n","protected":false},"excerpt":{"rendered":"<p>Parker Copri testina in pelle di bufalo per rasoi di sicurezza Il copri testina Parker in pelle di bufalo per rasoi di sicurezza \u00e8 un accessorio di alta qualit\u00e0 e dal design esclusivo, ideale per proteggere la testina e la lama del tuo rasoio di sicurezza. Questo prodotto, oltre ad essere estremamente funzionale, aggiunge un [&hellip;]<\/p>\n","protected":false},"featured_media":61402,"comment_status":"closed","ping_status":"open","template":"","meta":[],"product_brand":[],"product_cat":[],"product_tag":[2020],"class_list":{"0":"post-5291161","1":"product","2":"type-product","3":"status-publish","4":"has-post-thumbnail","6":"product_tag-parker","8":"first","9":"onbackorder","10":"purchasable","11":"product-type-simple"},"jetpack_sharing_enabled":true,"_links":{"self":[{"href":"https:\/\/gadgettravellers.eu\/it\/wp-json\/wp\/v2\/product\/5291161","targetHints":{"allow":["GET"]}}],"collection":[{"href":"https:\/\/gadgettravellers.eu\/it\/wp-json\/wp\/v2\/product"}],"about":[{"href":"https:\/\/gadgettravellers.eu\/it\/wp-json\/wp\/v2\/types\/product"}],"replies":[{"embeddable":true,"href":"https:\/\/gadgettravellers.eu\/it\/wp-json\/wp\/v2\/comments?post=5291161"}],"wp:featuredmedia":[{"embeddable":true,"href":"https:\/\/gadgettravellers.eu\/it\/wp-json\/wp\/v2\/media\/61402"}],"wp:attachment":[{"href":"https:\/\/gadgettravellers.eu\/it\/wp-json\/wp\/v2\/media?parent=5291161"}],"wp:term":[{"taxonomy":"product_brand","embeddable":true,"href":"https:\/\/gadgettravellers.eu\/it\/wp-json\/wp\/v2\/product_brand?post=5291161"},{"taxonomy":"product_cat","embeddable":true,"href":"https:\/\/gadgettravellers.eu\/it\/wp-json\/wp\/v2\/product_cat?post=5291161"},{"taxonomy":"product_tag","embeddable":true,"href":"https:\/\/gadgettravellers.eu\/it\/wp-json\/wp\/v2\/product_tag?post=5291161"}],"curies":[{"name":"wp","href":"https:\/\/api.w.org\/{rel}","templated":true}]}}