{"id":5291172,"date":"2026-01-16T17:12:25","date_gmt":"2026-01-16T15:12:25","guid":{"rendered":"https:\/\/gadgettravellers.eu\/shop\/parker-rasoio-di-sicurezza-soloedge-single-edge\/"},"modified":"2026-04-22T19:41:32","modified_gmt":"2026-04-22T17:41:32","slug":"parker-rasoio-di-sicurezza-soloedge-single-edge","status":"publish","type":"product","link":"https:\/\/gadgettravellers.eu\/it\/shop\/parker-rasoio-di-sicurezza-soloedge-single-edge\/","title":{"rendered":"Parker rasoio di sicurezza SoloEdge single edge"},"content":{"rendered":"<h2>Parker rasoio di sicurezza SoloEdge single edge<\/h2>\n<p><strong>SoloEdge<\/strong>, l&#8217;innovativo rasoio di sicurezza a <strong>lama singola<\/strong> di Parker, rappresenta una soluzione ideale sia per chi si avvicina per la prima volta alla rasatura tradizionale sia per gli esperti del wetshaving.<\/p>\n<p>Creato per essere versatile, questo rasoio accoglie sia le classiche lame a doppio taglio, facilmente divisibili a met\u00e0, sia le comode mezze lame pre-tagliate. Il suo design permette che la lama, una volta inserita, si posizioni automaticamente nella giusta angolazione negli appositi slot, eliminando la necessit\u00e0 di regolazioni manuali e assicurando una rasatura accurata e piacevole, anche grazie alla testina magnetica per un maggiore ancoraggio della lametta<\/p>\n<p>I principali <strong>punti di forza del SoloEdge<\/strong> includono il suo peso bilanciato e la sua ergonomia ottimale, con un design elegante della testina progettato per radere con facilit\u00e0 anche le aree pi\u00f9 difficili inoltre, l&#8217;angolazione del taglio \u00e8 stata studiata per garantire efficienza e scorrevolezza, riducendo al minimo le irritazioni della pelle.<\/p>\n<p>Il rasoio di sicurezza <strong>SoloEdge<\/strong> si distingue anche per il suo impegno verso l&#8217;ecosostenibilit\u00e0: sia il manico del rasoio sia le lame sono completamente privi di plastica, proponendosi come una scelta rispettosa dell&#8217;ambiente per la tua routine di grooming.<\/p>\n<p><strong>Specifiche tecniche<\/strong><\/p>\n<ul>\n<li>Lunghezza: 9,8 cm<\/li>\n<li>Peso: 94 g<\/li>\n<li>Tipo di lama: mezza lama pretaglia o Lama a doppio taglio spezzata<\/li>\n<li>Materiale: manico in ottone massiccio con finitura cromata satinata elettroplaccata<\/li>\n<li>Testina: realizzata in lega metallica con finitura cromata satinata<\/li>\n<li>Piastra: inclusa di magnete, che permette un maggiore ancoraggio della lamette in fase di inserimento<\/li>\n<\/ul>\n<p><strong>Istruzioni per l&#8217;inserimento della Lama<\/strong>:<\/p>\n<p>Ruotare delicatamente il manico per svitare il cappuccio superiore. Ricorda che il SoloEdge \u00e8 un rasoio a due pezzi, con la piastra della barra di sicurezza integrata nel manico.<br \/>\nRimuovere il cappuccio e inserire la lama verticalmente<strong>*<\/strong>, assicurandosi che si incastri correttamente negli slot alle estremit\u00e0 della piastra. Attenzione ai bordi affilati della lama.<br \/>\nRiposizionare il cappuccio superiore, mantenendo la lama fissa con una mano mentre con l&#8217;altra si avvita il manico. Stringere fino alla completa immobilizzazione del manico, poi controllare che la lama sia ben fissata e il manico ben serrato.<\/p>\n<p><strong>*Suggerimento<\/strong>: Alcuni utenti preferiscono inumidire leggermente la lama prima dell&#8217;inserimento per migliorarne l&#8217;aderenza alla piastra della barra di sicurezza durante il montaggio.<\/p>\n<p><a href=\"https:\/\/www.youtube.com\/watch?v=N5pFH8pAwW4\" target=\"_blank\" rel=\"noopener noreferrer\"><u>Clicca qui<\/u><\/a> per vedere il video tutorial su come posizionare correttamente la lama<\/p>\n<p>Made in India<\/p>\n","protected":false},"excerpt":{"rendered":"<p>Parker rasoio di sicurezza SoloEdge single edge SoloEdge, l&#8217;innovativo rasoio di sicurezza a lama singola di Parker, rappresenta una soluzione ideale sia per chi si avvicina per la prima volta alla rasatura tradizionale sia per gli esperti del wetshaving. Creato per essere versatile, questo rasoio accoglie sia le classiche lame a doppio taglio, facilmente divisibili [&hellip;]<\/p>\n","protected":false},"featured_media":61433,"comment_status":"closed","ping_status":"open","template":"","meta":[],"product_brand":[],"product_cat":[],"product_tag":[2020],"class_list":{"0":"post-5291172","1":"product","2":"type-product","3":"status-publish","4":"has-post-thumbnail","6":"product_tag-parker","8":"first","9":"onbackorder","10":"purchasable","11":"product-type-simple"},"jetpack_sharing_enabled":true,"_links":{"self":[{"href":"https:\/\/gadgettravellers.eu\/it\/wp-json\/wp\/v2\/product\/5291172","targetHints":{"allow":["GET"]}}],"collection":[{"href":"https:\/\/gadgettravellers.eu\/it\/wp-json\/wp\/v2\/product"}],"about":[{"href":"https:\/\/gadgettravellers.eu\/it\/wp-json\/wp\/v2\/types\/product"}],"replies":[{"embeddable":true,"href":"https:\/\/gadgettravellers.eu\/it\/wp-json\/wp\/v2\/comments?post=5291172"}],"wp:featuredmedia":[{"embeddable":true,"href":"https:\/\/gadgettravellers.eu\/it\/wp-json\/wp\/v2\/media\/61433"}],"wp:attachment":[{"href":"https:\/\/gadgettravellers.eu\/it\/wp-json\/wp\/v2\/media?parent=5291172"}],"wp:term":[{"taxonomy":"product_brand","embeddable":true,"href":"https:\/\/gadgettravellers.eu\/it\/wp-json\/wp\/v2\/product_brand?post=5291172"},{"taxonomy":"product_cat","embeddable":true,"href":"https:\/\/gadgettravellers.eu\/it\/wp-json\/wp\/v2\/product_cat?post=5291172"},{"taxonomy":"product_tag","embeddable":true,"href":"https:\/\/gadgettravellers.eu\/it\/wp-json\/wp\/v2\/product_tag?post=5291172"}],"curies":[{"name":"wp","href":"https:\/\/api.w.org\/{rel}","templated":true}]}}