{"id":5291279,"date":"2026-01-16T17:13:01","date_gmt":"2026-01-16T15:13:01","guid":{"rendered":"https:\/\/gadgettravellers.eu\/shop\/merkur-pennello-da-barba-sintetico-black-futur-cromato-opaco\/"},"modified":"2026-04-13T23:58:18","modified_gmt":"2026-04-13T21:58:18","slug":"merkur-pennello-da-barba-sintetico-black-futur-cromato-opaco","status":"publish","type":"product","link":"https:\/\/gadgettravellers.eu\/it\/shop\/merkur-pennello-da-barba-sintetico-black-futur-cromato-opaco\/","title":{"rendered":"Merkur pennello da barba sintetico Black Futur cromato opaco"},"content":{"rendered":"<h2>Merkur pennello da barba sintetico Black Futur cromato opaco<\/h2>\n<p><strong>Il Merkur pennello da barba Synt Brown Fibre Cromato Opaco<\/strong> \u00e8 un accessorio sofisticato e di alta qualit\u00e0, ideale per gli amanti della <strong>rasatura tradizionale<\/strong>.<\/p>\n<p>Questo pennello \u00e8 caratterizzato da un manico in alluminio anodizzato con una finitura cromata opaca, conferendogli un aspetto elegante e moderno.<\/p>\n<p><strong>Le dimensioni del prodotto<\/strong> sono 105&#215;26 mm e il peso \u00e8 di 69 grammi.<\/p>\n<p>Le fibre sintetiche marroni di alta qualit\u00e0 del Merkur pennello da barba sono progettate per creare una schiuma ricca e cremosa, migliorando l&#8217;esperienza di rasatura.<\/p>\n<p><strong>Queste fibre non solo producono una schiuma eccellente, ma offrono anche un massaggio delicato al viso<\/strong>, rendendo la rasatura un momento rilassante e piacevole. Inoltre, le fibre sintetiche sono estremamente resistenti e facili da mantenere.<\/p>\n<ul>\n<li>Per assicurare una lunga durata al pennello, \u00e8 consigliabile sciacquarlo accuratamente dopo ogni utilizzo e lasciarlo asciugare in un luogo ben ventilato.<\/li>\n<li>Un suggerimento utile \u00e8 risciacquare occasionalmente il pennello con shampoo per capelli, per rimuovere i residui di sapone e mantenere la qualit\u00e0 delle fibre.<\/li>\n<\/ul>\n<p>Made in Germany<\/p>\n","protected":false},"excerpt":{"rendered":"<p>Merkur pennello da barba sintetico Black Futur cromato opaco Il Merkur pennello da barba Synt Brown Fibre Cromato Opaco \u00e8 un accessorio sofisticato e di alta qualit\u00e0, ideale per gli amanti della rasatura tradizionale. Questo pennello \u00e8 caratterizzato da un manico in alluminio anodizzato con una finitura cromata opaca, conferendogli un aspetto elegante e moderno. [&hellip;]<\/p>\n","protected":false},"featured_media":61806,"comment_status":"closed","ping_status":"open","template":"","meta":[],"product_brand":[],"product_cat":[],"product_tag":[2086],"class_list":{"0":"post-5291279","1":"product","2":"type-product","3":"status-publish","4":"has-post-thumbnail","6":"product_tag-merkur","8":"first","9":"onbackorder","10":"purchasable","11":"product-type-simple"},"jetpack_sharing_enabled":true,"_links":{"self":[{"href":"https:\/\/gadgettravellers.eu\/it\/wp-json\/wp\/v2\/product\/5291279","targetHints":{"allow":["GET"]}}],"collection":[{"href":"https:\/\/gadgettravellers.eu\/it\/wp-json\/wp\/v2\/product"}],"about":[{"href":"https:\/\/gadgettravellers.eu\/it\/wp-json\/wp\/v2\/types\/product"}],"replies":[{"embeddable":true,"href":"https:\/\/gadgettravellers.eu\/it\/wp-json\/wp\/v2\/comments?post=5291279"}],"wp:featuredmedia":[{"embeddable":true,"href":"https:\/\/gadgettravellers.eu\/it\/wp-json\/wp\/v2\/media\/61806"}],"wp:attachment":[{"href":"https:\/\/gadgettravellers.eu\/it\/wp-json\/wp\/v2\/media?parent=5291279"}],"wp:term":[{"taxonomy":"product_brand","embeddable":true,"href":"https:\/\/gadgettravellers.eu\/it\/wp-json\/wp\/v2\/product_brand?post=5291279"},{"taxonomy":"product_cat","embeddable":true,"href":"https:\/\/gadgettravellers.eu\/it\/wp-json\/wp\/v2\/product_cat?post=5291279"},{"taxonomy":"product_tag","embeddable":true,"href":"https:\/\/gadgettravellers.eu\/it\/wp-json\/wp\/v2\/product_tag?post=5291279"}],"curies":[{"name":"wp","href":"https:\/\/api.w.org\/{rel}","templated":true}]}}