{"id":5291282,"date":"2026-01-16T17:13:02","date_gmt":"2026-01-16T15:13:02","guid":{"rendered":"https:\/\/gadgettravellers.eu\/shop\/ariana-evans-sapone-da-barba-barbiere-di-famiglia-christmas-148ml\/"},"modified":"2026-04-13T23:58:19","modified_gmt":"2026-04-13T21:58:19","slug":"ariana-evans-sapone-da-barba-barbiere-di-famiglia-christmas-148ml","status":"publish","type":"product","link":"https:\/\/gadgettravellers.eu\/it\/shop\/ariana-evans-sapone-da-barba-barbiere-di-famiglia-christmas-148ml\/","title":{"rendered":"Ariana &#038; Evans sapone da barba Barbiere di Famiglia Christmas 148ml"},"content":{"rendered":"<h2>Ariana &#038; Evans sapone da barba Barbiere di Famiglia Christmas 148ml<\/h2>\n<p><strong>Sapone da barba Christmas<\/strong> di Ariana &#038; Evans \u00e8 un viaggio sensoriale che riporta alla mente i ricordi pi\u00f9 dolci e caldi delle feste natalizie. Questo sapone da barba \u00e8 un omaggio a quei momenti trascorsi nella casa di famiglia, quando l&#8217;odore del legno bruciato nel camino, il profumo delle candele e le note inconfondibili dei canzoni natalizie creavano un\u2019atmosfera magica. La fragranza evoca le lunghe serate trascorse davanti al grande camino, dove il calore del fuoco e il suono delle melodie natalizie riempivano la casa, creando un ambiente accogliente e familiare.<\/p>\n<p>Il <strong>Sapone da barba Christmas<\/strong> si apre con note fresche di mandarino, che donano un risveglio energico e vivace, per poi fondersi con il profumo intenso degli aghi di pino, che ricorda la bellezza degli alberi addobbati. L\u2019aroma del fuoco, con le sue braci ardenti, si unisce alla dolcezza dei marshmallow arrostiti, trasportandoti in quei momenti in cui il freddo esterno veniva sconfitto dal calore di un abbraccio familiare. La fragranza si arricchisce con tocchi esotici di davana e mirra somaliana, che aggiungono una dimensione calda e avvolgente, mentre la vaniglia, l&#8217;incenso, il labdano, il sandalo e l&#8217;abete balsamico completano il bouquet, creando una miscela equilibrata e profonda.<\/p>\n<p><strong>Caratteristiche principali del Sapone da barba Christmas:<\/strong><\/p>\n<ul>\n<li>Richiama atmosfere natalizie, evocando calore, tradizione e ricordi familiari;<\/li>\n<li>Una combinazione armoniosa di note fruttate, legnose e speziate che trasforma la rasatura in un rituale di benessere;<\/li>\n<li>Formula studiata per nutrire e proteggere la pelle, grazie a una miscela di ingredienti di alta qualit\u00e0;<\/li>\n<li>Presentato in un elegante vasetto in vetro da 5 once, ideale per chi apprezza il design raffinato e la sostenibilit\u00e0;<\/li>\n<li>Adatto a tutti i mesi dell\u2019anno, ma perfetto per rinvigorire lo spirito durante la stagione invernale.<\/li>\n<\/ul>\n<p>Questo sapone da barba non \u00e8 soltanto un prodotto per la cura quotidiana, ma una vera e propria esperienza emotiva che ti permette di rivivere ogni volta la magia delle festivit\u00e0 natalizie. La sua fragranza, studiata per essere avvolgente e persistente, coccola la pelle lasciandola morbida e idratata, trasformando ogni rasatura in un momento di puro relax e piacere. Se desideri un prodotto che unisca tradizione, eleganza e un tocco di innovazione, il <strong>Sapone da barba Christmas<\/strong> di Ariana &#038; Evans \u00e8 la scelta perfetta per te.<\/p>\n<p><strong>Ingredients: <\/strong>Stearic Acid, (Vegetable) Glycerin, Aqua (Water), Butyrospermum Parkii (Shea) Butter, Potassium Hydroxide, Garcinia Indica Seed (Kokum) Butter, Shorea Robusta Seed Butter, Castor Oil, Theobroma Grandiflorum (Cupuacu) Seed Butter, Persea Gratissima (Avocado) Oil, Theobroma Cacao (Cocoa) Seed Butter, Sodium Hydroxide, Mangifera Indica (Mango) Seed Butter, Shorea Stenoptera (Illipe) Seed Butter, Bassia Latifolia (Mowrah) Seed Butter, Aloe Barbedensis Leaf juice, Hydrogenated Palm (Fruit) Oil, Rice Ferment (Milk) Filtrate, Beer, Parfum (Fragrance), Xanthan Gum, Astrocaryum Murumuru Seed Butter, Simmondsia Chinensis (Jojoba) Oil, Helianthys Annuus (Sunflower) Seed Oil, Alpha Isomethyl Ionone, Coumarin, Linalool<\/p>\n<p>Formula VR2<\/p>\n<p>Formato 148ml<br \/>\nMade in USA<\/p>\n","protected":false},"excerpt":{"rendered":"<p>Ariana &#038; Evans sapone da barba Barbiere di Famiglia Christmas 148ml Sapone da barba Christmas di Ariana &#038; Evans \u00e8 un viaggio sensoriale che riporta alla mente i ricordi pi\u00f9 dolci e caldi delle feste natalizie. Questo sapone da barba \u00e8 un omaggio a quei momenti trascorsi nella casa di famiglia, quando l&#8217;odore del legno [&hellip;]<\/p>\n","protected":false},"featured_media":74245,"comment_status":"closed","ping_status":"open","template":"","meta":[],"product_brand":[],"product_cat":[142172],"product_tag":[1960],"class_list":{"0":"post-5291282","1":"product","2":"type-product","3":"status-publish","4":"has-post-thumbnail","6":"product_cat-ariana-evans-3","7":"product_tag-ariana-evans","9":"first","10":"onbackorder","11":"purchasable","12":"product-type-simple"},"jetpack_sharing_enabled":true,"_links":{"self":[{"href":"https:\/\/gadgettravellers.eu\/it\/wp-json\/wp\/v2\/product\/5291282","targetHints":{"allow":["GET"]}}],"collection":[{"href":"https:\/\/gadgettravellers.eu\/it\/wp-json\/wp\/v2\/product"}],"about":[{"href":"https:\/\/gadgettravellers.eu\/it\/wp-json\/wp\/v2\/types\/product"}],"replies":[{"embeddable":true,"href":"https:\/\/gadgettravellers.eu\/it\/wp-json\/wp\/v2\/comments?post=5291282"}],"wp:featuredmedia":[{"embeddable":true,"href":"https:\/\/gadgettravellers.eu\/it\/wp-json\/wp\/v2\/media\/74245"}],"wp:attachment":[{"href":"https:\/\/gadgettravellers.eu\/it\/wp-json\/wp\/v2\/media?parent=5291282"}],"wp:term":[{"taxonomy":"product_brand","embeddable":true,"href":"https:\/\/gadgettravellers.eu\/it\/wp-json\/wp\/v2\/product_brand?post=5291282"},{"taxonomy":"product_cat","embeddable":true,"href":"https:\/\/gadgettravellers.eu\/it\/wp-json\/wp\/v2\/product_cat?post=5291282"},{"taxonomy":"product_tag","embeddable":true,"href":"https:\/\/gadgettravellers.eu\/it\/wp-json\/wp\/v2\/product_tag?post=5291282"}],"curies":[{"name":"wp","href":"https:\/\/api.w.org\/{rel}","templated":true}]}}