{"id":5291302,"date":"2026-01-16T17:13:08","date_gmt":"2026-01-16T15:13:08","guid":{"rendered":"https:\/\/gadgettravellers.eu\/shop\/babyliss-pro-trimmer-snapfx-4artists-fx797e\/"},"modified":"2026-04-05T19:37:13","modified_gmt":"2026-04-05T17:37:13","slug":"babyliss-pro-trimmer-snapfx-4artists-fx797e","status":"publish","type":"product","link":"https:\/\/gadgettravellers.eu\/it\/shop\/babyliss-pro-trimmer-snapfx-4artists-fx797e\/","title":{"rendered":"Babyliss Pro trimmer SnapFx 4Artists-FX797E"},"content":{"rendered":"<h2>Babyliss Pro trimmer SnapFx 4Artists-FX797E<\/h2>\n<p>FX797E <strong>Babyliss Pro trimmer SnapFx<\/strong> 4Artists con il rivoluzionario sistema con due batterie al litio intercambiabili ad alta capacit\u00e0 snap-in\/snap-out, permette alle batterie di essere  caricate singolarmente o contemporaneamente, per un uso senza filo continuo. L&#8217;indicatore della batteria con luce circolare a LED blu, permette di tenere sempre sotto controllo il livello di ricarica. Una batteria pu\u00f2 poi rimanere in carica mentre l&#8217;altra \u00e8 in uso, per avere una potenza e una velocit\u00e0 sostenute sempre garantite, cliente dopo cliente.<\/p>\n<p><strong>SnapFX<\/strong> con motore di ultima generazione senza filo ha una robusta struttura metallica. Il motore brushless High Torque a lunga durata offre una velocit\u00e0 della lama elevata e costante, ideale anche per il taglio dei capelli pi\u00f9 spessi e lunghi. La lama di precisione a T esposta a 360\u00b0 in Black DLC  consente di effettuare tagli uniformi e precisi. Regolabile a zero gap.<\/p>\n<p><strong>Caratteristiche Babyliss Pro trimmer SnapFx 4Artists<\/strong><br \/>\n\u2022 Doppio sistema di ricarica SNAPFX con batterie al litio<br \/>\n\u2022 2 batterie al litio ad alta capacit\u00e0 con 3h di ricarica completa per 2 ore di utilizzo continuo senza filo<br \/>\n\u2022 Indicatore livello della batteria con luce LED circolare<br \/>\n\u2022 Cord\/cordless<br \/>\n\u2022 Trimmer Skeleton a zero gap regolabile e lame a T in DLC<br \/>\n\u2022 Motore Brushless High-Torque per potenza e velocit\u00e0 sostenute sempre garantite<br \/>\n\u2022 Design ergonomico e bilanciamento assoluto<br \/>\n\u2022 Robusta struttura metallica<br \/>\n\u2022 Sistema snap on\/snap off auto-allineante e con coperchio magnetico per una facile pulizia delle lame<br \/>\n\u2022 Olio e spazzolina di pulizia inclusi<\/p>\n<p>Made in China<\/p>\n","protected":false},"excerpt":{"rendered":"<p>Babyliss Pro trimmer SnapFx 4Artists-FX797E FX797E Babyliss Pro trimmer SnapFx 4Artists con il rivoluzionario sistema con due batterie al litio intercambiabili ad alta capacit\u00e0 snap-in\/snap-out, permette alle batterie di essere caricate singolarmente o contemporaneamente, per un uso senza filo continuo. L&#8217;indicatore della batteria con luce circolare a LED blu, permette di tenere sempre sotto controllo [&hellip;]<\/p>\n","protected":false},"featured_media":5282850,"comment_status":"closed","ping_status":"open","template":"","meta":[],"product_brand":[],"product_cat":[142198],"product_tag":[142269],"class_list":{"0":"post-5291302","1":"product","2":"type-product","3":"status-publish","4":"has-post-thumbnail","6":"product_cat-babyliss-pro-3","7":"product_tag-babyliss-pro","9":"first","10":"onbackorder","11":"purchasable","12":"product-type-simple"},"jetpack_sharing_enabled":true,"_links":{"self":[{"href":"https:\/\/gadgettravellers.eu\/it\/wp-json\/wp\/v2\/product\/5291302","targetHints":{"allow":["GET"]}}],"collection":[{"href":"https:\/\/gadgettravellers.eu\/it\/wp-json\/wp\/v2\/product"}],"about":[{"href":"https:\/\/gadgettravellers.eu\/it\/wp-json\/wp\/v2\/types\/product"}],"replies":[{"embeddable":true,"href":"https:\/\/gadgettravellers.eu\/it\/wp-json\/wp\/v2\/comments?post=5291302"}],"wp:featuredmedia":[{"embeddable":true,"href":"https:\/\/gadgettravellers.eu\/it\/wp-json\/wp\/v2\/media\/5282850"}],"wp:attachment":[{"href":"https:\/\/gadgettravellers.eu\/it\/wp-json\/wp\/v2\/media?parent=5291302"}],"wp:term":[{"taxonomy":"product_brand","embeddable":true,"href":"https:\/\/gadgettravellers.eu\/it\/wp-json\/wp\/v2\/product_brand?post=5291302"},{"taxonomy":"product_cat","embeddable":true,"href":"https:\/\/gadgettravellers.eu\/it\/wp-json\/wp\/v2\/product_cat?post=5291302"},{"taxonomy":"product_tag","embeddable":true,"href":"https:\/\/gadgettravellers.eu\/it\/wp-json\/wp\/v2\/product_tag?post=5291302"}],"curies":[{"name":"wp","href":"https:\/\/api.w.org\/{rel}","templated":true}]}}