{"id":5291308,"date":"2026-01-16T17:13:10","date_gmt":"2026-01-16T15:13:10","guid":{"rendered":"https:\/\/gadgettravellers.eu\/shop\/the-shave-factory-polvere-volumizzante-texturizzante-e-modellante-per-capelli-20gr\/"},"modified":"2026-04-05T19:37:18","modified_gmt":"2026-04-05T17:37:18","slug":"the-shave-factory-polvere-volumizzante-texturizzante-e-modellante-per-capelli-20gr","status":"publish","type":"product","link":"https:\/\/gadgettravellers.eu\/it\/shop\/the-shave-factory-polvere-volumizzante-texturizzante-e-modellante-per-capelli-20gr\/","title":{"rendered":"The Shave Factory polvere volumizzante, texturizzante e modellante per capelli 20gr"},"content":{"rendered":"<h2>The Shave Factory polvere volumizzante, texturizzante e modellante per capelli 20gr<\/h2>\n<p>La polvere volumizzante The Shave Factory modella perfettamente il capello texturizzandolo, \u00e8 leggera e<strong> dona un effetto naturale<\/strong>.<br \/>\nLa polvere volumizzante The Shave Factory lascer\u00e0 i <strong>capelli pi\u00f9 spessi e pieni di volume<\/strong>, <strong>senza alcun residuo<\/strong>.<\/p>\n<p>Ultraleggera offre una<strong> tenuta flessibile e di lunga durata<\/strong>, Ideale per stili strutturati che resistono alla gravit\u00e0 con una finitura opaca che dura per tutto il giorno.<br \/>\nLa polvere texturizzante The Shave Factory consente ai tuoi capelli di cambiare facilmente look e rielaborare il tuo stile, dandoti un aspetto asciutto completo e naturale.<\/p>\n<p>Adatto a tutti i tipi di capelli e perfetto sia per uomini che donne, puoi sempre ottenere lo stile che desideri, indipendentemente dal fatto che tu sia riccio, liscio, ondulato o diradato.<\/p>\n<p>Porta il tuo stile a nuovi livelli con Shaving Factory polvere volumizzante.<br \/>\nBasta cospargere e strofinare per ottenere istantaneamente volume con una finitura opaca che dura tutto il giorno.<\/p>\n","protected":false},"excerpt":{"rendered":"<p>The Shave Factory polvere volumizzante, texturizzante e modellante per capelli 20gr La polvere volumizzante The Shave Factory modella perfettamente il capello texturizzandolo, \u00e8 leggera e dona un effetto naturale. La polvere volumizzante The Shave Factory lascer\u00e0 i capelli pi\u00f9 spessi e pieni di volume, senza alcun residuo. Ultraleggera offre una tenuta flessibile e di lunga [&hellip;]<\/p>\n","protected":false},"featured_media":61915,"comment_status":"closed","ping_status":"open","template":"","meta":[],"product_brand":[],"product_cat":[142196],"product_tag":[142267],"class_list":{"0":"post-5291308","1":"product","2":"type-product","3":"status-publish","4":"has-post-thumbnail","6":"product_cat-the-shave-factory-3","7":"product_tag-the-shave-factory","9":"first","10":"onbackorder","11":"purchasable","12":"product-type-simple"},"jetpack_sharing_enabled":true,"_links":{"self":[{"href":"https:\/\/gadgettravellers.eu\/it\/wp-json\/wp\/v2\/product\/5291308","targetHints":{"allow":["GET"]}}],"collection":[{"href":"https:\/\/gadgettravellers.eu\/it\/wp-json\/wp\/v2\/product"}],"about":[{"href":"https:\/\/gadgettravellers.eu\/it\/wp-json\/wp\/v2\/types\/product"}],"replies":[{"embeddable":true,"href":"https:\/\/gadgettravellers.eu\/it\/wp-json\/wp\/v2\/comments?post=5291308"}],"wp:featuredmedia":[{"embeddable":true,"href":"https:\/\/gadgettravellers.eu\/it\/wp-json\/wp\/v2\/media\/61915"}],"wp:attachment":[{"href":"https:\/\/gadgettravellers.eu\/it\/wp-json\/wp\/v2\/media?parent=5291308"}],"wp:term":[{"taxonomy":"product_brand","embeddable":true,"href":"https:\/\/gadgettravellers.eu\/it\/wp-json\/wp\/v2\/product_brand?post=5291308"},{"taxonomy":"product_cat","embeddable":true,"href":"https:\/\/gadgettravellers.eu\/it\/wp-json\/wp\/v2\/product_cat?post=5291308"},{"taxonomy":"product_tag","embeddable":true,"href":"https:\/\/gadgettravellers.eu\/it\/wp-json\/wp\/v2\/product_tag?post=5291308"}],"curies":[{"name":"wp","href":"https:\/\/api.w.org\/{rel}","templated":true}]}}