{"id":5291333,"date":"2026-01-16T17:13:18","date_gmt":"2026-01-16T15:13:18","guid":{"rendered":"https:\/\/gadgettravellers.eu\/shop\/suavecito-cera-per-capelli-matte-pomade-113gr\/"},"modified":"2026-04-04T19:28:28","modified_gmt":"2026-04-04T17:28:28","slug":"suavecito-cera-per-capelli-matte-pomade-113gr","status":"publish","type":"product","link":"https:\/\/gadgettravellers.eu\/it\/shop\/suavecito-cera-per-capelli-matte-pomade-113gr\/","title":{"rendered":"Suavecito cera per capelli matte pomade 113gr"},"content":{"rendered":"<h2>Suavecito cera per capelli matte pomade 113gr<\/h2>\n<p>Questa formula incredibile ti fornir\u00e0 una tenuta unica e una finitura opaca. Suavecito matte pomade scivoler\u00e0 nei tuoi capelli senza sforzo , permettendoti di creare il tuo stile con estrema facilit\u00e0. Suavecito Cera Capelli Matte Pomade ha anche una grandiosa tenuta, ma si lava via semplicemente con acqua.<\/p>\n<p>Suavecito matte pomade \u00e8 tutto ci\u00f2 che gi\u00e0 conosci e ami delle pomate Suavecito ma con una finitura completamente opaca.<\/p>\n<p><strong>SPECIFICHE:<\/strong><br \/>\nSolubile in acqua<br \/>\nNessuna lucentezza<br \/>\nTenuta media<br \/>\nFunziona su tutti i tipi di capelli e texture<\/p>\n<p><strong>CONSIGLI:<\/strong><br \/>\nApplicare sui capelli asciutti per una vera esperienza opaca. Dai Stile con la spazzola o con le dita per un look naturale o disordinato. Utilizzare l&#8217;acqua con parsimonia.<br \/>\nIniziare prelevando una quantit\u00e0 simile a una nocciolina dal vasetto. Strofinare il prodotto nelle mani e nelle dita. Lavorare sui capelli con la punta delle dita dalle radici. Assicurarsi di dare una distribuzione uniforme del prodotto. Pettinare per ottenere lo stile desiderato. Per rimuovere <strong>Suavecito hair pomade matte<\/strong>, lavare semplicemente con acqua.<\/p>\n<p><strong>Formato:<\/strong> 113gr<\/p>\n<p>Prodotto in USA<\/p>\n","protected":false},"excerpt":{"rendered":"<p>Suavecito cera per capelli matte pomade 113gr Questa formula incredibile ti fornir\u00e0 una tenuta unica e una finitura opaca. Suavecito matte pomade scivoler\u00e0 nei tuoi capelli senza sforzo , permettendoti di creare il tuo stile con estrema facilit\u00e0. Suavecito Cera Capelli Matte Pomade ha anche una grandiosa tenuta, ma si lava via semplicemente con acqua. [&hellip;]<\/p>\n","protected":false},"featured_media":61992,"comment_status":"closed","ping_status":"open","template":"","meta":[],"product_brand":[],"product_cat":[142184],"product_tag":[142258],"class_list":{"0":"post-5291333","1":"product","2":"type-product","3":"status-publish","4":"has-post-thumbnail","6":"product_cat-suavecito-3","7":"product_tag-suavecito","9":"first","10":"onbackorder","11":"purchasable","12":"product-type-simple"},"jetpack_sharing_enabled":true,"_links":{"self":[{"href":"https:\/\/gadgettravellers.eu\/it\/wp-json\/wp\/v2\/product\/5291333","targetHints":{"allow":["GET"]}}],"collection":[{"href":"https:\/\/gadgettravellers.eu\/it\/wp-json\/wp\/v2\/product"}],"about":[{"href":"https:\/\/gadgettravellers.eu\/it\/wp-json\/wp\/v2\/types\/product"}],"replies":[{"embeddable":true,"href":"https:\/\/gadgettravellers.eu\/it\/wp-json\/wp\/v2\/comments?post=5291333"}],"wp:featuredmedia":[{"embeddable":true,"href":"https:\/\/gadgettravellers.eu\/it\/wp-json\/wp\/v2\/media\/61992"}],"wp:attachment":[{"href":"https:\/\/gadgettravellers.eu\/it\/wp-json\/wp\/v2\/media?parent=5291333"}],"wp:term":[{"taxonomy":"product_brand","embeddable":true,"href":"https:\/\/gadgettravellers.eu\/it\/wp-json\/wp\/v2\/product_brand?post=5291333"},{"taxonomy":"product_cat","embeddable":true,"href":"https:\/\/gadgettravellers.eu\/it\/wp-json\/wp\/v2\/product_cat?post=5291333"},{"taxonomy":"product_tag","embeddable":true,"href":"https:\/\/gadgettravellers.eu\/it\/wp-json\/wp\/v2\/product_tag?post=5291333"}],"curies":[{"name":"wp","href":"https:\/\/api.w.org\/{rel}","templated":true}]}}