{"id":5291362,"date":"2026-01-16T17:13:28","date_gmt":"2026-01-16T15:13:28","guid":{"rendered":"https:\/\/gadgettravellers.eu\/shop\/zingari-balsamo-barba-the-explorer-42gr\/"},"modified":"2026-04-05T19:37:41","modified_gmt":"2026-04-05T17:37:41","slug":"zingari-balsamo-barba-the-explorer-42gr","status":"publish","type":"product","link":"https:\/\/gadgettravellers.eu\/it\/shop\/zingari-balsamo-barba-the-explorer-42gr\/","title":{"rendered":"Zingari balsamo barba The Explorer 42gr"},"content":{"rendered":"<h2>Zingari balsamo barba The Explorer 42gr<\/h2>\n<p>Il balsamo barba di Zingari Man \u00e8 realizzato con cera d&#8217;api naturale con l&#8217;aggiunta di Burro di Karit\u00e9. Questo prodotto \u00e8 un ottimo strumento da portare sempce con s\u00e9 per mantenere la barba profumata e sempre in ordine.<\/p>\n<p><strong>Profilo olfattivo<\/strong>: note di agrumi, cedro, vetiver, benzoino, legni.<\/p>\n<p><strong>Utilizzo<\/strong>: Scaldare tra le mani una piccola quantit\u00e0 di prodotto e applicarlo su tutta la lunghezza della barba.<\/p>\n<p><strong>Ingredients<\/strong>: Cera Alba (Beeswax), Caprylic\/Capric Triglyceride, Argania Spinosa (Argan) Kernel Oil, Butyrospermum Parkii (Shea) Butter, Avena Sativa (Oat) Oil, Simmondsia Chinensis (Jojoba) Oil, Ricinus Communis (Castor) Seed Oil, Parfum (Fragrance), Lauryl Laurate, Myrica Cerifera (Bayberry) Fruit Wax, Tocopheryl Acetate, Coumarin, Benzyl Benzoate, Alpha Isomethyl Ionone, Limonene, Linalool<\/p>\n<p>Formato: 42gr<br \/>\nMade in USA<\/p>\n","protected":false},"excerpt":{"rendered":"<p>Zingari balsamo barba The Explorer 42gr Il balsamo barba di Zingari Man \u00e8 realizzato con cera d&#8217;api naturale con l&#8217;aggiunta di Burro di Karit\u00e9. Questo prodotto \u00e8 un ottimo strumento da portare sempce con s\u00e9 per mantenere la barba profumata e sempre in ordine. Profilo olfattivo: note di agrumi, cedro, vetiver, benzoino, legni. Utilizzo: Scaldare [&hellip;]<\/p>\n","protected":false},"featured_media":5283004,"comment_status":"closed","ping_status":"open","template":"","meta":[],"product_brand":[],"product_cat":[],"product_tag":[2041],"class_list":{"0":"post-5291362","1":"product","2":"type-product","3":"status-publish","4":"has-post-thumbnail","6":"product_tag-zingari-man","8":"first","9":"onbackorder","10":"purchasable","11":"product-type-simple"},"jetpack_sharing_enabled":true,"_links":{"self":[{"href":"https:\/\/gadgettravellers.eu\/it\/wp-json\/wp\/v2\/product\/5291362","targetHints":{"allow":["GET"]}}],"collection":[{"href":"https:\/\/gadgettravellers.eu\/it\/wp-json\/wp\/v2\/product"}],"about":[{"href":"https:\/\/gadgettravellers.eu\/it\/wp-json\/wp\/v2\/types\/product"}],"replies":[{"embeddable":true,"href":"https:\/\/gadgettravellers.eu\/it\/wp-json\/wp\/v2\/comments?post=5291362"}],"wp:featuredmedia":[{"embeddable":true,"href":"https:\/\/gadgettravellers.eu\/it\/wp-json\/wp\/v2\/media\/5283004"}],"wp:attachment":[{"href":"https:\/\/gadgettravellers.eu\/it\/wp-json\/wp\/v2\/media?parent=5291362"}],"wp:term":[{"taxonomy":"product_brand","embeddable":true,"href":"https:\/\/gadgettravellers.eu\/it\/wp-json\/wp\/v2\/product_brand?post=5291362"},{"taxonomy":"product_cat","embeddable":true,"href":"https:\/\/gadgettravellers.eu\/it\/wp-json\/wp\/v2\/product_cat?post=5291362"},{"taxonomy":"product_tag","embeddable":true,"href":"https:\/\/gadgettravellers.eu\/it\/wp-json\/wp\/v2\/product_tag?post=5291362"}],"curies":[{"name":"wp","href":"https:\/\/api.w.org\/{rel}","templated":true}]}}