{"id":5291377,"date":"2026-01-16T17:13:33","date_gmt":"2026-01-16T15:13:33","guid":{"rendered":"https:\/\/gadgettravellers.eu\/shop\/zingari-sapone-da-barba-the-socialite-142ml\/"},"modified":"2026-04-05T19:37:46","modified_gmt":"2026-04-05T17:37:46","slug":"zingari-sapone-da-barba-the-socialite-142ml","status":"publish","type":"product","link":"https:\/\/gadgettravellers.eu\/it\/shop\/zingari-sapone-da-barba-the-socialite-142ml\/","title":{"rendered":"Zingari sapone da barba The Socialite 142ml"},"content":{"rendered":"<h2>Zingari Man sapone da barba The Socialite 142ml<\/h2>\n<p>Un uomo con il suo stile, fresco e sorprendente sorseggia un drink ghiacciato rilassandosi a cena con amici. La freschezza del lime, le propriet\u00e0 botaniche del gin e l&#8217;agrodolce profondo della tonica rispecchiano la sua personalit\u00e0 complessa ma allo stesso tempo semplice.<\/p>\n<p>Croccante e fresca, questa \u00e8 la fragranza del sapone da barba <strong>The Socialite<\/strong> questo profumo fresco e dolce \u00e8 evocativo del <strong>gin tonic<\/strong>.<\/p>\n<p>I saponi Zingari Man a <strong>base Tallow<\/strong> sono garantiti per donarti un&#8217;esperienza di altissimo livello grazie alla loro scorrevolezza, protezione, idratazione e un&#8217;insuperabile post rasatura.<\/p>\n<p><strong>Ingredients<\/strong> Stearic Acid, Glycerin, Aqua (Water), Beef Tallow, Caprae Lac (Goats Milk), Butyrospermum Parkii (Shea) Butter, Potassium Hydroxide, Ricinus Communis (Castor) Seed Oil, Cocos Nucifera Fruit Juice , Elaeis Guinneensis (Palm) Oil, Sodium Lactate, Parfum (Fragrance), Raphanus Sativus (Radish) Seed Oil, Simmondsia Chinensis (Jojoba) Oil, Avena Sativa (Oat) Kernel Oil, Sodium Hydroxide, Shea butter (and) Glyceryl Rosinate (and) Olive oil unsaponifiables, Coconut Oil, Geraniol, Citral, Eugenol, Benzyl Salycylate<\/p>\n","protected":false},"excerpt":{"rendered":"<p>Zingari Man sapone da barba The Socialite 142ml Un uomo con il suo stile, fresco e sorprendente sorseggia un drink ghiacciato rilassandosi a cena con amici. La freschezza del lime, le propriet\u00e0 botaniche del gin e l&#8217;agrodolce profondo della tonica rispecchiano la sua personalit\u00e0 complessa ma allo stesso tempo semplice. Croccante e fresca, questa \u00e8 [&hellip;]<\/p>\n","protected":false},"featured_media":62171,"comment_status":"closed","ping_status":"open","template":"","meta":[],"product_brand":[],"product_cat":[],"product_tag":[2041],"class_list":{"0":"post-5291377","1":"product","2":"type-product","3":"status-publish","4":"has-post-thumbnail","6":"product_tag-zingari-man","8":"first","9":"onbackorder","10":"purchasable","11":"product-type-simple"},"jetpack_sharing_enabled":true,"_links":{"self":[{"href":"https:\/\/gadgettravellers.eu\/it\/wp-json\/wp\/v2\/product\/5291377","targetHints":{"allow":["GET"]}}],"collection":[{"href":"https:\/\/gadgettravellers.eu\/it\/wp-json\/wp\/v2\/product"}],"about":[{"href":"https:\/\/gadgettravellers.eu\/it\/wp-json\/wp\/v2\/types\/product"}],"replies":[{"embeddable":true,"href":"https:\/\/gadgettravellers.eu\/it\/wp-json\/wp\/v2\/comments?post=5291377"}],"wp:featuredmedia":[{"embeddable":true,"href":"https:\/\/gadgettravellers.eu\/it\/wp-json\/wp\/v2\/media\/62171"}],"wp:attachment":[{"href":"https:\/\/gadgettravellers.eu\/it\/wp-json\/wp\/v2\/media?parent=5291377"}],"wp:term":[{"taxonomy":"product_brand","embeddable":true,"href":"https:\/\/gadgettravellers.eu\/it\/wp-json\/wp\/v2\/product_brand?post=5291377"},{"taxonomy":"product_cat","embeddable":true,"href":"https:\/\/gadgettravellers.eu\/it\/wp-json\/wp\/v2\/product_cat?post=5291377"},{"taxonomy":"product_tag","embeddable":true,"href":"https:\/\/gadgettravellers.eu\/it\/wp-json\/wp\/v2\/product_tag?post=5291377"}],"curies":[{"name":"wp","href":"https:\/\/api.w.org\/{rel}","templated":true}]}}