{"id":5291382,"date":"2026-01-16T17:13:35","date_gmt":"2026-01-16T15:13:35","guid":{"rendered":"https:\/\/gadgettravellers.eu\/shop\/zingari-balsamo-dopobarba-the-traditionalist-senza-alcool-118ml\/"},"modified":"2026-04-03T20:04:44","modified_gmt":"2026-04-03T18:04:44","slug":"zingari-balsamo-dopobarba-the-traditionalist-senza-alcool-118ml","status":"publish","type":"product","link":"https:\/\/gadgettravellers.eu\/it\/shop\/zingari-balsamo-dopobarba-the-traditionalist-senza-alcool-118ml\/","title":{"rendered":"Zingari balsamo dopobarba The Traditionalist senza alcool 118ml"},"content":{"rendered":"<h2>Zingari balsamo dopobarba The Traditionalist senza alcool 118ml<\/h2>\n<p>Il mondo sta cambiando rapidamente. Per molti versi sta migliorando. Non si pu\u00f2 negare, per\u00f2, che il modo in cui il mondo sta cambiando pu\u00f2 rendere la vita complicata. Ci sono infinite opzioni, infiniti sbocchi che si contendono la tua attenzione, infinite soluzioni a problemi che non sapevi nemmeno di avere. Quando la vita si complica, si scopre il piacere di utilizzare strumenti familiari e usati nel tempo, vestiti, veicoli, cibi, e cos\u00ec via. A volte, usare qualcosa nel modo in cui hai sempre fatto \u00e8 esattamente ci\u00f2 di cui avevi bisogno.<\/p>\n<p>Questa fragranza \u00e8 pronta ad offrirvi qualcosa di classico, qualcosa di accessibile, qualcosa a cui potete tornare pi\u00f9 e pi\u00f9 volte, come un uomo che ama fare le cose come le ha sempre fatte:<strong> Il Tradizionalista.<\/strong><\/p>\n<p><strong>Piramide olfattiva:<\/strong><br \/>\nNote di testa: agrumi, muschio<br \/>\nNote di cuore: muschio, legni cremosi, orrise, tabacco, polvere<br \/>\nNote di fondo: chiodo di garofano, legno speziato, vaniglia, polvere di pepe, ambra, legno di sandalo, muschio, velluto<\/p>\n<p><strong>Ingredients<\/strong>: Water, Water &#038; Hamamelis Virginiana (Witch Hazel), Caprylic Capric Triglycerides, Water &#038; Vaccinium Myrtillus Fruit\/Leaf Extract &#038; Saccharum Officinarum (Sugar Cane) Extract &#038; Citrus Aurantium Dulcis (Orange) Fruit Extract &#038; Citrus Limon (Lemon) Fruit Extract &#038; Acer Saccharum (Sugar Maple) Extract, Isopropyl Jojobate (and) Jojoba Alcohol (and) Jojoba Esters, Oat Bran oil, Glycerin, PEG 40 Hydrogenated Castor oil, Allantoin, Panthenol, Lactobacillus\/Arundinaria Gigantea Ferment Filtrate, Salix Alba Bark (White Willow) bark extract, Caprylyl Glycol, Coco Caprylate\/Caprate, Ethoxydiglycol, Pentylene Glycol, Di-PPG-2 Myreth-10 Adipate, Fragrance, Propylene Glycol (and) Diazolidinyl Urea (and) Iodopropynyl Butylcarbamate, EDTA, Benzyl alcohol.<\/p>\n","protected":false},"excerpt":{"rendered":"<p>Zingari balsamo dopobarba The Traditionalist senza alcool 118ml Il mondo sta cambiando rapidamente. Per molti versi sta migliorando. Non si pu\u00f2 negare, per\u00f2, che il modo in cui il mondo sta cambiando pu\u00f2 rendere la vita complicata. Ci sono infinite opzioni, infiniti sbocchi che si contendono la tua attenzione, infinite soluzioni a problemi che non [&hellip;]<\/p>\n","protected":false},"featured_media":62191,"comment_status":"closed","ping_status":"open","template":"","meta":[],"product_brand":[],"product_cat":[],"product_tag":[2041],"class_list":{"0":"post-5291382","1":"product","2":"type-product","3":"status-publish","4":"has-post-thumbnail","6":"product_tag-zingari-man","8":"first","9":"onbackorder","10":"purchasable","11":"product-type-simple"},"jetpack_sharing_enabled":true,"_links":{"self":[{"href":"https:\/\/gadgettravellers.eu\/it\/wp-json\/wp\/v2\/product\/5291382","targetHints":{"allow":["GET"]}}],"collection":[{"href":"https:\/\/gadgettravellers.eu\/it\/wp-json\/wp\/v2\/product"}],"about":[{"href":"https:\/\/gadgettravellers.eu\/it\/wp-json\/wp\/v2\/types\/product"}],"replies":[{"embeddable":true,"href":"https:\/\/gadgettravellers.eu\/it\/wp-json\/wp\/v2\/comments?post=5291382"}],"wp:featuredmedia":[{"embeddable":true,"href":"https:\/\/gadgettravellers.eu\/it\/wp-json\/wp\/v2\/media\/62191"}],"wp:attachment":[{"href":"https:\/\/gadgettravellers.eu\/it\/wp-json\/wp\/v2\/media?parent=5291382"}],"wp:term":[{"taxonomy":"product_brand","embeddable":true,"href":"https:\/\/gadgettravellers.eu\/it\/wp-json\/wp\/v2\/product_brand?post=5291382"},{"taxonomy":"product_cat","embeddable":true,"href":"https:\/\/gadgettravellers.eu\/it\/wp-json\/wp\/v2\/product_cat?post=5291382"},{"taxonomy":"product_tag","embeddable":true,"href":"https:\/\/gadgettravellers.eu\/it\/wp-json\/wp\/v2\/product_tag?post=5291382"}],"curies":[{"name":"wp","href":"https:\/\/api.w.org\/{rel}","templated":true}]}}