{"id":5291428,"date":"2026-01-16T17:13:49","date_gmt":"2026-01-16T15:13:49","guid":{"rendered":"https:\/\/gadgettravellers.eu\/shop\/brds-grooming-spazzola-barba-in-fibra-vegetale-misura-m\/"},"modified":"2026-04-05T19:38:08","modified_gmt":"2026-04-05T17:38:08","slug":"brds-grooming-spazzola-barba-in-fibra-vegetale-misura-m","status":"publish","type":"product","link":"https:\/\/gadgettravellers.eu\/it\/shop\/brds-grooming-spazzola-barba-in-fibra-vegetale-misura-m\/","title":{"rendered":"BRDS grooming spazzola barba in fibra vegetale misura M"},"content":{"rendered":"<h2>BRDS grooming spazzola barba in fibra vegetale misura M<\/h2>\n<p>La spazzola barba ideale per avere sempre barba e baffi sani e ben curati.<br \/>\nQuesta spazzola da barba in legno di pero dalla forma ergonomica \u00e8 realizzata in fibra di tampico, una fibra vegetale derivata dalla Yucca messicana<br \/>\ngrazie a questa spazzola barba La pelle viene stimolata dal pelo attivando la circolazione sanguigna a livello locale garantendo una crescita sana dei peli della barba. La pelle morta e i peli sciolti vengono rimossi dal pelo in modo rapido ed efficiente.<br \/>\nGrazie alla spazzola da barba BRDS, Il sebo e gli oli della pelle verranno distribuiti dalla radice alla punta senza sforzo.<\/p>\n<p>BRDS \u00e8 la spazzola da barba ideale per curare e mantenere in forma barba e baffi.<\/p>\n<p>Consigli di utilizzo:<br \/>\nPulisci regolarmente la spazzola da barba con acqua tiepida e sapone. Lasciala asciugare in luogo fresco e asciutto con le setole rivolte verso il basso.<br \/>\nSpazzola regolarmente barba dalla radice alle punte. Con la barba lunga, consigliamo di dividere la barba in aree pi\u00f9 piccole in modo che le setole possano massaggiare la pelle, in modo che tutti i peli della barba siano risultino sempre essere perfettamente spazzolati.<\/p>\n<p>Misura: M<\/p>\n<p>Fibra di Tampico:<br \/>\nIl Tampico \u00e8 una fibra vegetale estratta dalla \u2018Agave Lechuguilla\u2019 una pianta grassa che cresce spontanea nelle zone desertiche del Messico del nord. Questa fibra naturale ha delle caratteristiche eccezionali, come un\u2019 ottima elasticit\u00e0 e resistenza agli agenti chimici. La capacit\u00e0 di assorbimento e di ritenzione dei liquidi \u00e8 un\u2019 altra caratteristica, questa fibra pu\u00f2 assorbire acqua sino al 65% del suo peso e rilasciarla in fase di utilizzo.<\/p>\n<p>Numero dell&#8217;articolo:<br \/>\nBG-03022V<br \/>\nProdotto Vegano<\/p>\n<p>EAN:<br \/>\n4004864090708<\/p>\n","protected":false},"excerpt":{"rendered":"<p>BRDS grooming spazzola barba in fibra vegetale misura M La spazzola barba ideale per avere sempre barba e baffi sani e ben curati. Questa spazzola da barba in legno di pero dalla forma ergonomica \u00e8 realizzata in fibra di tampico, una fibra vegetale derivata dalla Yucca messicana grazie a questa spazzola barba La pelle viene [&hellip;]<\/p>\n","protected":false},"featured_media":5283162,"comment_status":"closed","ping_status":"open","template":"","meta":[],"product_brand":[],"product_cat":[142200],"product_tag":[142271],"class_list":{"0":"post-5291428","1":"product","2":"type-product","3":"status-publish","4":"has-post-thumbnail","6":"product_cat-brds-grooming-3","7":"product_tag-brds-grooming","9":"first","10":"onbackorder","11":"purchasable","12":"product-type-simple"},"jetpack_sharing_enabled":true,"_links":{"self":[{"href":"https:\/\/gadgettravellers.eu\/it\/wp-json\/wp\/v2\/product\/5291428","targetHints":{"allow":["GET"]}}],"collection":[{"href":"https:\/\/gadgettravellers.eu\/it\/wp-json\/wp\/v2\/product"}],"about":[{"href":"https:\/\/gadgettravellers.eu\/it\/wp-json\/wp\/v2\/types\/product"}],"replies":[{"embeddable":true,"href":"https:\/\/gadgettravellers.eu\/it\/wp-json\/wp\/v2\/comments?post=5291428"}],"wp:featuredmedia":[{"embeddable":true,"href":"https:\/\/gadgettravellers.eu\/it\/wp-json\/wp\/v2\/media\/5283162"}],"wp:attachment":[{"href":"https:\/\/gadgettravellers.eu\/it\/wp-json\/wp\/v2\/media?parent=5291428"}],"wp:term":[{"taxonomy":"product_brand","embeddable":true,"href":"https:\/\/gadgettravellers.eu\/it\/wp-json\/wp\/v2\/product_brand?post=5291428"},{"taxonomy":"product_cat","embeddable":true,"href":"https:\/\/gadgettravellers.eu\/it\/wp-json\/wp\/v2\/product_cat?post=5291428"},{"taxonomy":"product_tag","embeddable":true,"href":"https:\/\/gadgettravellers.eu\/it\/wp-json\/wp\/v2\/product_tag?post=5291428"}],"curies":[{"name":"wp","href":"https:\/\/api.w.org\/{rel}","templated":true}]}}