{"id":5291474,"date":"2026-01-16T17:14:05","date_gmt":"2026-01-16T15:14:05","guid":{"rendered":"https:\/\/gadgettravellers.eu\/shop\/zingari-sapone-da-barba-the-brewer-142ml\/"},"modified":"2026-04-05T19:38:28","modified_gmt":"2026-04-05T17:38:28","slug":"zingari-sapone-da-barba-the-brewer-142ml","status":"publish","type":"product","link":"https:\/\/gadgettravellers.eu\/it\/shop\/zingari-sapone-da-barba-the-brewer-142ml\/","title":{"rendered":"Zingari sapone da barba The Brewer 142ml"},"content":{"rendered":"<h2>Zingari sapone da barba The Brewer 142ml<\/h2>\n<p>Il <strong>sapone da Barba Zingari The Brewer<\/strong> \u00e8 l&#8217;essenza della rasatura di qualit\u00e0, creato per chi cerca un&#8217;esperienza di rasatura ricca, cremosa e profondamente idratante. Realizzato con ingredienti di prima scelta, questo sapone da barba rappresenta l&#8217;equilibrio perfetto tra tradizione e innovazione, portando nella tua routine quotidiana il lusso e l&#8217;efficacia di un prodotto artigianale.<\/p>\n<p><strong>Note olfattive<\/strong>: Frutti tropicali, luppolo, muschio, Guava, mango, ananas, frutto della passione, albicocca, kumquat, arancia, ginepro, luppolo, muschio<\/p>\n<p><strong>Caratteristiche Principali<\/strong><\/p>\n<ul>\n<li><strong>Fragranza Unica e Accattivante<\/strong>: Ispirato al mondo della birra artigianale, The Brewer incanta con note olfattive che evocano l&#8217;aroma maltato e luppolato della birra fresca, arricchito da toni legnosi e speziati. Una fragranza complessa e raffinata che trasforma ogni rasatura in un momento di puro piacere.<\/li>\n<li><strong>Schiuma Densa e Duratura<\/strong>: Grazie alla sua composizione di alta qualit\u00e0, il sapone da barba Zingari The Brewer crea una schiuma densa e ricca, che ammorbidisce i peli e permette una rasatura fluida e confortevole. La schiuma mantiene la sua consistenza per tutta la durata della rasatura, assicurando una protezione continua.<\/li>\n<li><strong>Adatto a Tutti i Tipi di Pelle<\/strong>: Questo sapone \u00e8 delicato e ideale anche per le pelli pi\u00f9 sensibili, fornendo un&#8217;azione emolliente che lascia la pelle morbida, idratata e rinfrescata dopo ogni utilizzo.<\/li>\n<li><strong>Durata e Convenienza<\/strong>: Con i suoi 142 ml, il sapone da barba The Brewer offre numerose rasature, rendendolo una scelta economica e duratura per chiunque voglia migliorare la propria routine di cura personale.<\/li>\n<\/ul>\n<p>Il Zingari sapone da barba \u00e8 molto pi\u00f9 di un semplice prodotto per la rasatura. \u00c8 un invito a prendersi cura di s\u00e9, a trasformare un gesto quotidiano in un rituale di lusso. La qualit\u00e0 artigianale e l&#8217;attenzione ai dettagli che contraddistinguono i prodotti Zingari fanno di questo sapone da barba un alleato insostituibile per chi desidera un&#8217;esperienza di rasatura superiore. Ogni confezione di The Brewer \u00e8 il risultato di un meticoloso processo di produzione che assicura un prodotto finale capace di offrire il massimo in termini di prestazioni e piacere.<\/p>\n<p><strong>Ingredients:<\/strong> Stearic Acid, Glycerin, Aqua (Water), Beef Tallow, Caprae Lac (Goats Milk), Butyrospermum Parkii (Shea) Butter, Potassium Hydroxide, Ricinus Communis (Castor) Seed Oil, Cocos Nucifera Fruit Juice, Elaeis Guinneensis (Palm) Oil, Sodium Lactate, Parfum (Fragrance), Raphanus Sativus (Radish) Seed Oil, Simmondsia Chinensis (Jojoba) Oil, Avena Sativa (Oat) Kernel Oil, Sodium Hydroxide, Shea butter (and) Glyceryl Rosinate (and) Olive oil unsaponifiables, Coconut Oil, Anthamber (Iso e Super),Eugenol<\/p>\n<p>Formato: 142ml<\/p>\n<p>Made in Usa<\/p>\n","protected":false},"excerpt":{"rendered":"<p>Zingari sapone da barba The Brewer 142ml Il sapone da Barba Zingari The Brewer \u00e8 l&#8217;essenza della rasatura di qualit\u00e0, creato per chi cerca un&#8217;esperienza di rasatura ricca, cremosa e profondamente idratante. Realizzato con ingredienti di prima scelta, questo sapone da barba rappresenta l&#8217;equilibrio perfetto tra tradizione e innovazione, portando nella tua routine quotidiana il [&hellip;]<\/p>\n","protected":false},"featured_media":62547,"comment_status":"closed","ping_status":"open","template":"","meta":[],"product_brand":[],"product_cat":[],"product_tag":[2041],"class_list":{"0":"post-5291474","1":"product","2":"type-product","3":"status-publish","4":"has-post-thumbnail","6":"product_tag-zingari-man","8":"first","9":"onbackorder","10":"purchasable","11":"product-type-simple"},"jetpack_sharing_enabled":true,"_links":{"self":[{"href":"https:\/\/gadgettravellers.eu\/it\/wp-json\/wp\/v2\/product\/5291474","targetHints":{"allow":["GET"]}}],"collection":[{"href":"https:\/\/gadgettravellers.eu\/it\/wp-json\/wp\/v2\/product"}],"about":[{"href":"https:\/\/gadgettravellers.eu\/it\/wp-json\/wp\/v2\/types\/product"}],"replies":[{"embeddable":true,"href":"https:\/\/gadgettravellers.eu\/it\/wp-json\/wp\/v2\/comments?post=5291474"}],"wp:featuredmedia":[{"embeddable":true,"href":"https:\/\/gadgettravellers.eu\/it\/wp-json\/wp\/v2\/media\/62547"}],"wp:attachment":[{"href":"https:\/\/gadgettravellers.eu\/it\/wp-json\/wp\/v2\/media?parent=5291474"}],"wp:term":[{"taxonomy":"product_brand","embeddable":true,"href":"https:\/\/gadgettravellers.eu\/it\/wp-json\/wp\/v2\/product_brand?post=5291474"},{"taxonomy":"product_cat","embeddable":true,"href":"https:\/\/gadgettravellers.eu\/it\/wp-json\/wp\/v2\/product_cat?post=5291474"},{"taxonomy":"product_tag","embeddable":true,"href":"https:\/\/gadgettravellers.eu\/it\/wp-json\/wp\/v2\/product_tag?post=5291474"}],"curies":[{"name":"wp","href":"https:\/\/api.w.org\/{rel}","templated":true}]}}