{"id":5291507,"date":"2026-01-16T17:14:17","date_gmt":"2026-01-16T15:14:17","guid":{"rendered":"https:\/\/gadgettravellers.eu\/shop\/tatara-asciugamano-bianco\/"},"modified":"2026-04-15T20:03:56","modified_gmt":"2026-04-15T18:03:56","slug":"tatara-asciugamano-bianco","status":"publish","type":"product","link":"https:\/\/gadgettravellers.eu\/it\/shop\/tatara-asciugamano-bianco\/","title":{"rendered":"Tatara asciugamano bianco"},"content":{"rendered":"<h2>Tatara asciugamano bianco<\/h2>\n<p>L&#8217;<strong>asciugamano<\/strong> Tatara bianco \u00e8 realizzato in cotone di alta qualit\u00e0, con un peso di 600 g\/m\u00b2 e filato singolo per garantire una maggiore morbidezza e capacit\u00e0 di assorbimento.<br \/>\nQuesto asciugamano minimalista \u00e8 stato progettato con un alto grammatura di cotone per offrire un tocco unico, una capacit\u00e0 di assorbimento straordinaria e una sensazione di morbidezza impareggiabile al tatto.<\/p>\n<p><strong>Caratteristiche principali<\/strong><\/p>\n<ul>\n<li><strong>Morbidezza e Assorbimento:<\/strong> Grazie al filato singolo e alla grammatura elevata, l&#8217;asciugamani offre una straordinaria capacit\u00e0 di assorbimento e una morbidezza al tatto che lo rende perfetto per avvolgere il viso durante la rasatura.<\/li>\n<li><strong>Dimensioni Ottimali:<\/strong> Con una misura di 50\u00d750 cm, \u00e8 ideale per avvolgere il viso con il massimo comfort, sia per inumidirlo prima della rasatura che per asciugarlo dopo ogni passata.<\/li>\n<li><strong>Design Pratico:<\/strong> L&#8217;asciugamani \u00e8 dotato di un lato con gancio, dove il logo cucito a mano \u00e8 visibile anche quando l&#8217;asciugamano \u00e8 appeso, rendendolo un accessorio pratico e di stile da posizionare vicino al lavandino.<\/li>\n<li><strong>Manutenzione:<\/strong> Si consiglia di lavare l&#8217;asciugamano in lavatrice tre volte in acqua fredda prima del primo utilizzo, per stabilizzare la perdita di peluria naturale del cotone di alta qualit\u00e0.<\/li>\n<\/ul>\n<p>Questo <strong>asciugamano<\/strong> \u00e8 l&#8217;accessorio perfetto per completare il tuo rituale di rasatura. Realizzato in 100% cotone di alta qualit\u00e0, offre una combinazione di morbidezza, assorbimento e praticit\u00e0. La sua dimensione e il design minimalista lo rendono ideale per l&#8217;uso quotidiano, fornendo comfort e un tocco di eleganza al tuo spazio personale.<\/p>\n<p>Made in Portugal<\/p>\n","protected":false},"excerpt":{"rendered":"<p>Tatara asciugamano bianco L&#8217;asciugamano Tatara bianco \u00e8 realizzato in cotone di alta qualit\u00e0, con un peso di 600 g\/m\u00b2 e filato singolo per garantire una maggiore morbidezza e capacit\u00e0 di assorbimento. Questo asciugamano minimalista \u00e8 stato progettato con un alto grammatura di cotone per offrire un tocco unico, una capacit\u00e0 di assorbimento straordinaria e una [&hellip;]<\/p>\n","protected":false},"featured_media":62663,"comment_status":"closed","ping_status":"open","template":"","meta":[],"product_brand":[],"product_cat":[],"product_tag":[2038],"class_list":{"0":"post-5291507","1":"product","2":"type-product","3":"status-publish","4":"has-post-thumbnail","6":"product_tag-tatara-razors","8":"first","9":"onbackorder","10":"purchasable","11":"product-type-simple"},"jetpack_sharing_enabled":true,"_links":{"self":[{"href":"https:\/\/gadgettravellers.eu\/it\/wp-json\/wp\/v2\/product\/5291507","targetHints":{"allow":["GET"]}}],"collection":[{"href":"https:\/\/gadgettravellers.eu\/it\/wp-json\/wp\/v2\/product"}],"about":[{"href":"https:\/\/gadgettravellers.eu\/it\/wp-json\/wp\/v2\/types\/product"}],"replies":[{"embeddable":true,"href":"https:\/\/gadgettravellers.eu\/it\/wp-json\/wp\/v2\/comments?post=5291507"}],"wp:featuredmedia":[{"embeddable":true,"href":"https:\/\/gadgettravellers.eu\/it\/wp-json\/wp\/v2\/media\/62663"}],"wp:attachment":[{"href":"https:\/\/gadgettravellers.eu\/it\/wp-json\/wp\/v2\/media?parent=5291507"}],"wp:term":[{"taxonomy":"product_brand","embeddable":true,"href":"https:\/\/gadgettravellers.eu\/it\/wp-json\/wp\/v2\/product_brand?post=5291507"},{"taxonomy":"product_cat","embeddable":true,"href":"https:\/\/gadgettravellers.eu\/it\/wp-json\/wp\/v2\/product_cat?post=5291507"},{"taxonomy":"product_tag","embeddable":true,"href":"https:\/\/gadgettravellers.eu\/it\/wp-json\/wp\/v2\/product_tag?post=5291507"}],"curies":[{"name":"wp","href":"https:\/\/api.w.org\/{rel}","templated":true}]}}