{"id":5291527,"date":"2026-01-16T17:14:26","date_gmt":"2026-01-16T15:14:26","guid":{"rendered":"https:\/\/gadgettravellers.eu\/shop\/babyliss-piastra-stilistica-4artist-bab3550be\/"},"modified":"2026-04-14T00:00:04","modified_gmt":"2026-04-13T22:00:04","slug":"babyliss-piastra-stilistica-4artist-bab3550be","status":"publish","type":"product","link":"https:\/\/gadgettravellers.eu\/it\/shop\/babyliss-piastra-stilistica-4artist-bab3550be\/","title":{"rendered":"Babyliss piastra stilistica 4artist- BAB3550BE"},"content":{"rendered":"<h2>Babyliss piastra per capelli stilistica 4artist- BAB3550BE<\/h2>\n<p><strong>BaBylissPRO stilistica<\/strong> \u00e8 la piastra per capelli ideale per chi cerca risultati professionali in modo rapido ed efficace. Grazie a materiali di prima qualit\u00e0 e alla sua produzione interamente italiana, questo strumento garantisce alte prestazioni, affidabilit\u00e0 e massima cura del capello.<\/p>\n<p>Ecco le <strong>caratteristiche principali<\/strong> che rendono la piastra per capelli BaBylissPRO STILISTA un alleato perfetto per creare look impeccabili:<\/p>\n<ul>\n<li><strong>Sistema di riscaldamento Advanced Ceramics\u2122<\/strong>: assicura un calore costante e omogeneo su tutta la superficie delle piastre, raggiungendo la temperatura in modo uniforme <em>2 volte pi\u00f9 velocemente*<\/em>. In questo modo, lo styling risulta pi\u00f9 rapido e i capelli vengono trattati in modo pi\u00f9 delicato.<\/li>\n<li><strong>Piastre in vero titanio ultra-flottanti<\/strong> (25 x 110 mm): il titanio di alta qualit\u00e0 dona scorrevolezza e resistenza. Le piastre seguono perfettamente la ciocca durante il passaggio, agevolando sia la stiratura sia la creazione di onde e ricci morbidi.<\/li>\n<li><strong>Tecnologia ionica anti-crespo<\/strong>: gli ioni negativi aiutano a contrastare l\u2019effetto crespo, lasciando i capelli lisci, setosi e visibilmente pi\u00f9 luminosi.<\/li>\n<li><strong>5 impostazioni digitali di temperatura<\/strong> (da 150\u00b0 a 230\u00b0C): la piastra per capelli si adatta a ogni tipo di capello. Grazie alla funzione memory, ritrovi velocemente le ultime impostazioni di calore utilizzate.<\/li>\n<li><strong>Riscaldamento rapido a 220\u00b0C in 40 secondi<\/strong>: preparati per lo styling in pochissimo tempo. Una soluzione ideale per chi necessita di una piega veloce o per i professionisti che non vogliono perdere minuti preziosi.<\/li>\n<li><strong>Scocca esterna termo-isolata<\/strong>: design pensato per lavorare in sicurezza, avvicinandosi alle radici senza rischiare scottature. Utile sia per un liscio perfetto sia per capelli mossi e ricci, poich\u00e9 facilita la maneggevolezza durante la creazione di onde.<\/li>\n<li><strong>Struttura leggera e design curvo<\/strong>: la forma ergonomica consente di realizzare stili diversi senza affaticare la mano. La parte esterna curva aiuta a ottenere boccoli e movimenti morbidi e naturali.<\/li>\n<li><strong>Cavo girevole da 2,80 m<\/strong>: permette di muoversi liberamente intorno alla postazione di lavoro o in casa, evitando fastidiosi grovigli di cavi.<\/li>\n<li><strong>Custodia termo-resistente e proteggi piastre in silicone<\/strong>: utili accessori per riporre la piastra per capelli in sicurezza subito dopo l\u2019utilizzo e per portarla con s\u00e9 in viaggio.<\/li>\n<li><strong>Auto-spegnimento di sicurezza dopo 60 minuti<\/strong>: una funzione pensata per scongiurare incidenti e sprechi di energia.<\/li>\n<li><strong>Voltaggio universale<\/strong>: perfetta per essere utilizzata in qualunque parte del mondo, senza problemi di compatibilit\u00e0.<\/li>\n<\/ul>\n<p>Con la piastra per capelli BaBylissPRO STILISTA, puoi realizzare ogni giorno un look diverso. Lo speciale sistema di riscaldamento e le piastre in titanio riducono il tempo necessario per lo styling, mantenendo i capelli sani e protetti dal calore. Lo strato ionico agisce sul fusto del capello, sigillando le cuticole per limitare l\u2019effetto crespo, mentre la temperatura costante evita shock termici e garantisce un risultato uniforme su tutta la chioma.<\/p>\n<p>I professionisti apprezzano particolarmente la rapidit\u00e0 di riscaldamento, che rende BaBylissPRO STILISTA una scelta vantaggiosa in salone, dove velocit\u00e0 e affidabilit\u00e0 sono fondamentali. Allo stesso modo, chi la utilizza a casa potr\u00e0 godere di una piega rapida e precisa, senza tralasciare i dettagli e con la comodit\u00e0 di un design leggero e maneggevole. L\u2019esterno curvo facilita la creazione di onde e boccoli, ampliando la versatilit\u00e0 di questa piastra per capelli e consentendo una serie di acconciature eleganti, sempre in linea con le ultime tendenze.<\/p>\n<p>Un altro aspetto che rende la piastra per capelli BaBylissPRO STILISTA un prodotto di spicco \u00e8 il controllo delle impostazioni digitali, pensate per adattarsi a esigenze differenti. Se i capelli sono fini o tendono a danneggiarsi facilmente, la temperatura pi\u00f9 bassa (150\u00b0C) li protegge e preserva la loro naturale lucentezza. Per chi invece ha capelli spessi o crespi, l\u2019impostazione pi\u00f9 alta (230\u00b0C) offre un liscio estremo in una sola passata.<\/p>\n<p>Grazie alle piastre ultra-flottanti in titanio, la piastra per capelli accompagna la ciocca durante il passaggio, riducendo l\u2019attrito e minimizzando i rischi di spezzare o stressare i capelli. Questo accorgimento tecnico rende BaBylissPRO STILISTA adatta anche a chi cerca uno styling puntuale e senza sbavature. Una volta completata la piega, la chioma appare pi\u00f9 luminosa e morbida, con un risultato finale professionale che dura pi\u00f9 a lungo.<\/p>\n<p>La sicurezza \u00e8 un fattore fondamentale in qualsiasi dispositivo dedicato allo styling dei capelli: l\u2019auto-spegnimento dopo 60 minuti tutela l\u2019utilizzatore e l\u2019ambiente, evitando consumi eccessivi e limitando il rischio di surriscaldamenti accidentali. Allo stesso tempo, la scocca termo-isolata impedisce un eccessivo accumulo di calore sulla parte esterna, offrendo la possibilit\u00e0 di intervenire vicino alle radici con maggiore precisione e senza paura di scottarsi.<\/p>\n<p>La piastra per capelli BaBylissPRO STILISTA \u00e8 stata realizzata per durare nel tempo, grazie all\u2019utilizzo di materiali di prima qualit\u00e0 e alle tecnologie pi\u00f9 avanzate. La struttura leggera e il design ergonomico, uniti alle elevate prestazioni del sistema di riscaldamento, ne fanno uno strumento affidabile per creare styling professionali in qualsiasi situazione. L\u2019ampia escursione di temperatura e la memoria delle ultime impostazioni rendono l\u2019utilizzo intuitivo, personalizzabile e immediato.<\/p>\n<p>Per chi desidera uno strumento facile da trasportare, il voltaggio universale e la custodia termo-resistente permettono di usare la piastra per capelli BaBylissPRO STILISTA anche in viaggio, senza doversi preoccupare di acquistare adattatori specifici. I materiali resistenti alla temperatura garantiscono sicurezza e protezione della piastra per capelli stessa, mentre il proteggi piastre in silicone evita che le superfici vengano danneggiate o graffiate.<\/p>\n<p>Made in Cina<\/p>\n","protected":false},"excerpt":{"rendered":"<p>Babyliss piastra per capelli stilistica 4artist- BAB3550BE BaBylissPRO stilistica \u00e8 la piastra per capelli ideale per chi cerca risultati professionali in modo rapido ed efficace. Grazie a materiali di prima qualit\u00e0 e alla sua produzione interamente italiana, questo strumento garantisce alte prestazioni, affidabilit\u00e0 e massima cura del capello. Ecco le caratteristiche principali che rendono la [&hellip;]<\/p>\n","protected":false},"featured_media":5283369,"comment_status":"closed","ping_status":"open","template":"","meta":[],"product_brand":[],"product_cat":[142198],"product_tag":[142269],"class_list":{"0":"post-5291527","1":"product","2":"type-product","3":"status-publish","4":"has-post-thumbnail","6":"product_cat-babyliss-pro-3","7":"product_tag-babyliss-pro","9":"first","10":"onbackorder","11":"purchasable","12":"product-type-simple"},"jetpack_sharing_enabled":true,"_links":{"self":[{"href":"https:\/\/gadgettravellers.eu\/it\/wp-json\/wp\/v2\/product\/5291527","targetHints":{"allow":["GET"]}}],"collection":[{"href":"https:\/\/gadgettravellers.eu\/it\/wp-json\/wp\/v2\/product"}],"about":[{"href":"https:\/\/gadgettravellers.eu\/it\/wp-json\/wp\/v2\/types\/product"}],"replies":[{"embeddable":true,"href":"https:\/\/gadgettravellers.eu\/it\/wp-json\/wp\/v2\/comments?post=5291527"}],"wp:featuredmedia":[{"embeddable":true,"href":"https:\/\/gadgettravellers.eu\/it\/wp-json\/wp\/v2\/media\/5283369"}],"wp:attachment":[{"href":"https:\/\/gadgettravellers.eu\/it\/wp-json\/wp\/v2\/media?parent=5291527"}],"wp:term":[{"taxonomy":"product_brand","embeddable":true,"href":"https:\/\/gadgettravellers.eu\/it\/wp-json\/wp\/v2\/product_brand?post=5291527"},{"taxonomy":"product_cat","embeddable":true,"href":"https:\/\/gadgettravellers.eu\/it\/wp-json\/wp\/v2\/product_cat?post=5291527"},{"taxonomy":"product_tag","embeddable":true,"href":"https:\/\/gadgettravellers.eu\/it\/wp-json\/wp\/v2\/product_tag?post=5291527"}],"curies":[{"name":"wp","href":"https:\/\/api.w.org\/{rel}","templated":true}]}}