{"id":5291530,"date":"2026-01-16T17:14:27","date_gmt":"2026-01-16T15:14:27","guid":{"rendered":"https:\/\/gadgettravellers.eu\/shop\/tatara-pennello-da-barba-masamune-sintetico-matte\/"},"modified":"2026-04-14T00:00:06","modified_gmt":"2026-04-13T22:00:06","slug":"tatara-pennello-da-barba-masamune-sintetico-matte","status":"publish","type":"product","link":"https:\/\/gadgettravellers.eu\/it\/shop\/tatara-pennello-da-barba-masamune-sintetico-matte\/","title":{"rendered":"Tatara pennello da barba Masamune sintetico Matte"},"content":{"rendered":"<h2>Tatara pennello da barba Masamune sintetico Matte<\/h2>\n<p>Creato per offrire una rasatura confortevole, questo <strong>pennello da barba<\/strong> sintetico unisce propriet\u00e0 avanzate di schiumatura a una facile manutenzione. Le setole sintetiche di alta qualit\u00e0, sviluppate con un perfetto equilibrio tra resistenza e morbidezza, offrono un&#8217;esperienza di rasatura eccellente. Il pennello si asciuga rapidamente e non richiede trattamenti particolari, a differenza dei pennelli in pelo naturale.<\/p>\n<p><strong>Qualit\u00e0 e Innovazione<\/strong> sono stati i principi guida nello sviluppo di questo <strong>pennello da barba<\/strong>.<br \/>\nGrazie a uno studio approfondito, \u00e8 stato creato un pennello che offre un equilibrio unico tra fermezza e morbidezza, con una densit\u00e0 delle fibre ottimale. Questo si traduce in una capacit\u00e0 di montare la schiuma eccezionale e una ritenzione dell&#8217;acqua straordinaria, rendendo la rasatura ancora pi\u00f9 piacevole e efficace.<\/p>\n<p>Il manico \u00e8 realizzato in acciaio inossidabile AISI 303 di alta qualit\u00e0, lavorato con precisione CNC, rifinito a mano e sabbiato per una finitura opaca che conferisce eleganza e durata. Questo design garantisce una presa sicura e un bilanciamento ottimale durante l&#8217;uso, migliorando l&#8217;esperienza complessiva della rasatura.<\/p>\n<ul>\n<li><strong>Altezza del nodo:<\/strong> 50 mm<\/li>\n<li><strong>Diametro del nodo:<\/strong> 24 mm<\/li>\n<li><strong>Altezza del manico:<\/strong> 51 mm<\/li>\n<li><strong>Peso:<\/strong> 114 grammi<\/li>\n<\/ul>\n<p>Questo <strong>pennello da barba<\/strong> rappresenta la fusione perfetta di tecnologia e qualit\u00e0 artigianale, offrendo una schiumatura superiore e un comfort senza pari durante la rasatura. Facile da mantenere e costruito per durare, \u00e8 l&#8217;accessorio ideale per chi cerca un <strong>pennello da barba<\/strong> di alta gamma che non richiede compromessi in termini di prestazioni e stile.<\/p>\n<p>Made in Portugal<\/p>\n","protected":false},"excerpt":{"rendered":"<p>Tatara pennello da barba Masamune sintetico Matte Creato per offrire una rasatura confortevole, questo pennello da barba sintetico unisce propriet\u00e0 avanzate di schiumatura a una facile manutenzione. Le setole sintetiche di alta qualit\u00e0, sviluppate con un perfetto equilibrio tra resistenza e morbidezza, offrono un&#8217;esperienza di rasatura eccellente. Il pennello si asciuga rapidamente e non richiede [&hellip;]<\/p>\n","protected":false},"featured_media":5283372,"comment_status":"closed","ping_status":"open","template":"","meta":[],"product_brand":[],"product_cat":[],"product_tag":[2038],"class_list":{"0":"post-5291530","1":"product","2":"type-product","3":"status-publish","4":"has-post-thumbnail","6":"product_tag-tatara-razors","8":"first","9":"onbackorder","10":"purchasable","11":"product-type-simple"},"jetpack_sharing_enabled":true,"_links":{"self":[{"href":"https:\/\/gadgettravellers.eu\/it\/wp-json\/wp\/v2\/product\/5291530","targetHints":{"allow":["GET"]}}],"collection":[{"href":"https:\/\/gadgettravellers.eu\/it\/wp-json\/wp\/v2\/product"}],"about":[{"href":"https:\/\/gadgettravellers.eu\/it\/wp-json\/wp\/v2\/types\/product"}],"replies":[{"embeddable":true,"href":"https:\/\/gadgettravellers.eu\/it\/wp-json\/wp\/v2\/comments?post=5291530"}],"wp:featuredmedia":[{"embeddable":true,"href":"https:\/\/gadgettravellers.eu\/it\/wp-json\/wp\/v2\/media\/5283372"}],"wp:attachment":[{"href":"https:\/\/gadgettravellers.eu\/it\/wp-json\/wp\/v2\/media?parent=5291530"}],"wp:term":[{"taxonomy":"product_brand","embeddable":true,"href":"https:\/\/gadgettravellers.eu\/it\/wp-json\/wp\/v2\/product_brand?post=5291530"},{"taxonomy":"product_cat","embeddable":true,"href":"https:\/\/gadgettravellers.eu\/it\/wp-json\/wp\/v2\/product_cat?post=5291530"},{"taxonomy":"product_tag","embeddable":true,"href":"https:\/\/gadgettravellers.eu\/it\/wp-json\/wp\/v2\/product_tag?post=5291530"}],"curies":[{"name":"wp","href":"https:\/\/api.w.org\/{rel}","templated":true}]}}