{"id":5291552,"date":"2026-01-16T17:14:35","date_gmt":"2026-01-16T15:14:35","guid":{"rendered":"https:\/\/gadgettravellers.eu\/shop\/tatara-sapone-da-barba-honour-100ml\/"},"modified":"2026-04-15T20:04:13","modified_gmt":"2026-04-15T18:04:13","slug":"tatara-sapone-da-barba-honour-100ml","status":"publish","type":"product","link":"https:\/\/gadgettravellers.eu\/it\/shop\/tatara-sapone-da-barba-honour-100ml\/","title":{"rendered":"Tatara sapone da barba Honour 100ml"},"content":{"rendered":"<h2>Tatara sapone da barba Honour 100ml<\/h2>\n<p>Vivi l&#8217;esperienza unica della miscela avvolgente di note floreali e legnose con Honour \u2013 un sapone da barba vegano artigianale, formulato per creare una schiuma ricca e protettiva che nutre e lenisce anche le pelli pi\u00f9 sensibili.<br \/>\nLa sua confezione in alluminio, sostenibile e compatta, lo rende ideale per viaggi e per la conservazione, permettendoti di portare con te l&#8217;essenza del Giappone ovunque tu vada.<\/p>\n<p><strong>Caratteristiche principali<\/strong><\/p>\n<ul>\n<li><strong>Nutrizione e protezione:<\/strong> Questo <strong>sapone da barba<\/strong> \u00e8 arricchito con ingredienti naturali come aloe vera e amamelide, che aiutano a lenire e nutrire la pelle dopo la rasatura, riducendo rossori e infiammazioni e lasciando la pelle fresca e rivitalizzata.<\/li>\n<li><strong>Sinfonia di fragranze:<\/strong> Honour svela una sinfonia di fragranze che combina le note di testa acquatiche e fresche, le note di cuore di muschio e vetiver, e le note di base di cedro e ambra. Immergiti in questa fusione armoniosa che evoca la forza e la grazia degli antichi samurai giapponesi.<\/li>\n<li><strong>Confezione sostenibile:<\/strong> Il contenitore in alluminio riflette l&#8217;etica del design giapponese, caratterizzato da una bellezza minimalista e da una lavorazione meticolosa. Oltre al suo aspetto elegante, \u00e8 progettato per essere riutilizzabile e in formato da viaggio, allineandosi all&#8217;impegno per la sostenibilit\u00e0 e la riduzione dell&#8217;impatto ambientale.<\/li>\n<\/ul>\n<p><strong>Note olfattive:<\/strong> Acquatico, Muschio, Vetiver, Cedro, Ambra<br \/>\n<strong>Confezione:<\/strong> Barattolo in alluminio<br \/>\n<strong>Volume:<\/strong> 100 ml \/ 3,4 fl oz<\/p>\n<p><strong>Come utilizzare:<\/strong> Ruota un pennello da barba umido nel contenitore del sapone o utilizza una piccola quantit\u00e0 di sapone in una ciotola separata per creare una schiuma ricca.<\/p>\n<p>Questo <strong>sapone da barba<\/strong> non solo completa la tua routine di rasatura con una schiuma protettiva e nutriente, ma ti avvolge anche in una fragranza che ti trasporta in un mondo di tranquillit\u00e0. Honour \u00e8 il perfetto equilibrio tra tradizione e innovazione, con un forte impegno per la sostenibilit\u00e0, rendendolo la scelta ideale per chi cerca un prodotto di alta qualit\u00e0 che rispetti sia la pelle che l&#8217;ambiente.<\/p>\n<p><strong>Ingredients:<\/strong> Aqua, Stearic Acid, Mangifera Indica Seed Butter, Glycerin, Garcinia, Indica Seed Butter, Butyrospermum Parkii Butter, Sodium Hydroxide, Persea Gratissima Oil, Ricinus Communis Seed Oil, Parfum, Cocos Nucifera Oil, Theobroma Grandiflorum Seed Butter, Potassium Hydroxide, Theobroma Cacao Seed Butter, Benzyl Salicylate, Brassica Oleracea Italica Seed Oil, Simmondsia Chinensis Seed Oil, Vitis Vinifera Seed Oil, Sodium Lactate, Geraniol, Linalol, Xanthan Gum, Tocopherol, Helianthus Annuus Seed Oil.<\/p>\n<p>Formato: 100ml<\/p>\n<p>Made in Portugal<\/p>\n","protected":false},"excerpt":{"rendered":"<p>Tatara sapone da barba Honour 100ml Vivi l&#8217;esperienza unica della miscela avvolgente di note floreali e legnose con Honour \u2013 un sapone da barba vegano artigianale, formulato per creare una schiuma ricca e protettiva che nutre e lenisce anche le pelli pi\u00f9 sensibili. La sua confezione in alluminio, sostenibile e compatta, lo rende ideale per [&hellip;]<\/p>\n","protected":false},"featured_media":62811,"comment_status":"closed","ping_status":"open","template":"","meta":[],"product_brand":[],"product_cat":[],"product_tag":[2038],"class_list":{"0":"post-5291552","1":"product","2":"type-product","3":"status-publish","4":"has-post-thumbnail","6":"product_tag-tatara-razors","8":"first","9":"onbackorder","10":"purchasable","11":"product-type-simple"},"jetpack_sharing_enabled":true,"_links":{"self":[{"href":"https:\/\/gadgettravellers.eu\/it\/wp-json\/wp\/v2\/product\/5291552","targetHints":{"allow":["GET"]}}],"collection":[{"href":"https:\/\/gadgettravellers.eu\/it\/wp-json\/wp\/v2\/product"}],"about":[{"href":"https:\/\/gadgettravellers.eu\/it\/wp-json\/wp\/v2\/types\/product"}],"replies":[{"embeddable":true,"href":"https:\/\/gadgettravellers.eu\/it\/wp-json\/wp\/v2\/comments?post=5291552"}],"wp:featuredmedia":[{"embeddable":true,"href":"https:\/\/gadgettravellers.eu\/it\/wp-json\/wp\/v2\/media\/62811"}],"wp:attachment":[{"href":"https:\/\/gadgettravellers.eu\/it\/wp-json\/wp\/v2\/media?parent=5291552"}],"wp:term":[{"taxonomy":"product_brand","embeddable":true,"href":"https:\/\/gadgettravellers.eu\/it\/wp-json\/wp\/v2\/product_brand?post=5291552"},{"taxonomy":"product_cat","embeddable":true,"href":"https:\/\/gadgettravellers.eu\/it\/wp-json\/wp\/v2\/product_cat?post=5291552"},{"taxonomy":"product_tag","embeddable":true,"href":"https:\/\/gadgettravellers.eu\/it\/wp-json\/wp\/v2\/product_tag?post=5291552"}],"curies":[{"name":"wp","href":"https:\/\/api.w.org\/{rel}","templated":true}]}}