{"id":5291584,"date":"2026-01-16T17:14:46","date_gmt":"2026-01-16T15:14:46","guid":{"rendered":"https:\/\/gadgettravellers.eu\/shop\/tatara-pennello-da-barba-regolabile-muramasa-sintetico-matte\/"},"modified":"2026-04-04T19:30:23","modified_gmt":"2026-04-04T17:30:23","slug":"tatara-pennello-da-barba-regolabile-muramasa-sintetico-matte","status":"publish","type":"product","link":"https:\/\/gadgettravellers.eu\/it\/shop\/tatara-pennello-da-barba-regolabile-muramasa-sintetico-matte\/","title":{"rendered":"Tatara pennello da barba regolabile Muramasa sintetico Matte"},"content":{"rendered":"<h2>Tatara pennello da barba regolabile Muramasa sintetico Matte<\/h2>\n<p>Progettato per offrire un&#8217;esperienza di rasatura personalizzata e confortevole, il <strong>pennello da barba<\/strong> regolabile Muramasa sintetico Matte \u00e8 un accessorio all&#8217;avanguardia che consente di regolare la lunghezza delle setole, nota anche come loft.<br \/>\nQuesta regolazione permette di adattare la fermezza o la morbidezza delle setole alle proprie esigenze, offrendo una rasatura su misura. Una configurazione pi\u00f9 morbida \u00e8 ideale per creare una schiuma ricca, mentre una pi\u00f9 rigida \u00e8 perfetta per esfoliare e pulire a fondo la pelle.<\/p>\n<p><strong>Innovazione e Versatilit\u00e0<\/strong><\/p>\n<p>Dotato di un meccanismo brevettato per la regolazione del loft, questo <strong>pennello da barba<\/strong> offre la possibilit\u00e0 di personalizzare l&#8217;esperienza di rasatura in base ai diversi tipi di pelle e di barba.<br \/>\n\u00c8 compatibile con vari tipi di setole, rendendolo adatto a tutte le esigenze, e garantisce una rasatura impeccabile ogni volta.<\/p>\n<p><strong>Setole Sintetiche<\/strong><\/p>\n<p>Le setole sintetiche di alta qualit\u00e0 sono progettate per offrire una schiuma eccellente e una facile manutenzione. Asciugano rapidamente e non richiedono la stessa cura dei pennelli in pelo naturale, rendendo questo pennello una scelta pratica e durevole per chi desidera un accessorio di qualit\u00e0 superiore senza la complessit\u00e0 della manutenzione tradizionale.<\/p>\n<ul>\n<li><strong>Loft regolabile:<\/strong> da 48 a 58 mm<\/li>\n<li><strong>Diametro del nodo:<\/strong> 24 mm<\/li>\n<li><strong>Altezza del manico:<\/strong> 51 mm<\/li>\n<li><strong>Peso:<\/strong> 114 grammi<\/li>\n<\/ul>\n<p>Questo <strong>pennello da barba<\/strong> regolabile rappresenta la fusione perfetta di innovazione, qualit\u00e0 e praticit\u00e0. Le setole sintetiche offrono un&#8217;esperienza di rasatura superiore con la comodit\u00e0 di una facile manutenzione, mentre la regolazione del loft permette di adattare il pennello alle tue esigenze specifiche. Con un design elegante e materiali di alta qualit\u00e0, \u00e8 l&#8217;accessorio ideale per chi cerca una rasatura personalizzata e di lusso.<\/p>\n<p>Made in Portugal<\/p>\n","protected":false},"excerpt":{"rendered":"<p>Tatara pennello da barba regolabile Muramasa sintetico Matte Progettato per offrire un&#8217;esperienza di rasatura personalizzata e confortevole, il pennello da barba regolabile Muramasa sintetico Matte \u00e8 un accessorio all&#8217;avanguardia che consente di regolare la lunghezza delle setole, nota anche come loft. Questa regolazione permette di adattare la fermezza o la morbidezza delle setole alle proprie [&hellip;]<\/p>\n","protected":false},"featured_media":5283494,"comment_status":"closed","ping_status":"open","template":"","meta":[],"product_brand":[],"product_cat":[],"product_tag":[2038],"class_list":{"0":"post-5291584","1":"product","2":"type-product","3":"status-publish","4":"has-post-thumbnail","6":"product_tag-tatara-razors","8":"first","9":"onbackorder","10":"purchasable","11":"product-type-simple"},"jetpack_sharing_enabled":true,"_links":{"self":[{"href":"https:\/\/gadgettravellers.eu\/it\/wp-json\/wp\/v2\/product\/5291584","targetHints":{"allow":["GET"]}}],"collection":[{"href":"https:\/\/gadgettravellers.eu\/it\/wp-json\/wp\/v2\/product"}],"about":[{"href":"https:\/\/gadgettravellers.eu\/it\/wp-json\/wp\/v2\/types\/product"}],"replies":[{"embeddable":true,"href":"https:\/\/gadgettravellers.eu\/it\/wp-json\/wp\/v2\/comments?post=5291584"}],"wp:featuredmedia":[{"embeddable":true,"href":"https:\/\/gadgettravellers.eu\/it\/wp-json\/wp\/v2\/media\/5283494"}],"wp:attachment":[{"href":"https:\/\/gadgettravellers.eu\/it\/wp-json\/wp\/v2\/media?parent=5291584"}],"wp:term":[{"taxonomy":"product_brand","embeddable":true,"href":"https:\/\/gadgettravellers.eu\/it\/wp-json\/wp\/v2\/product_brand?post=5291584"},{"taxonomy":"product_cat","embeddable":true,"href":"https:\/\/gadgettravellers.eu\/it\/wp-json\/wp\/v2\/product_cat?post=5291584"},{"taxonomy":"product_tag","embeddable":true,"href":"https:\/\/gadgettravellers.eu\/it\/wp-json\/wp\/v2\/product_tag?post=5291584"}],"curies":[{"name":"wp","href":"https:\/\/api.w.org\/{rel}","templated":true}]}}