{"id":5291596,"date":"2026-01-16T17:14:51","date_gmt":"2026-01-16T15:14:51","guid":{"rendered":"https:\/\/gadgettravellers.eu\/shop\/dyson-airwrap-multi-styler-asciugacapelli\/"},"modified":"2026-04-05T19:39:18","modified_gmt":"2026-04-05T17:39:18","slug":"dyson-airwrap-multi-styler-asciugacapelli","status":"publish","type":"product","link":"https:\/\/gadgettravellers.eu\/it\/shop\/dyson-airwrap-multi-styler-asciugacapelli\/","title":{"rendered":"Dyson Airwrap multi-styler asciugacapelli"},"content":{"rendered":"<h2>Dyson Airwrap multi-styler asciugacapelli<\/h2>\n<p><strong>Dyson Airwrap<\/strong> multi-styler asciugacapelli i.d. connesso (Prussian Blue) \u00e8 pensato per chi desidera avere a disposizione, in un unico strumento, tutto ci\u00f2 che serve per asciugare e mettere in piega i capelli in modo rapido, personalizzato e con risultati da salone direttamente a casa.<\/p>\n<p>Questo nuovo <strong>Dyson Airwrap<\/strong> nasce per capelli lisci e mossi, ma si adatta in modo intelligente a molte esigenze diverse, semplificando la routine di styling quotidiana. Grazie alla pi\u00f9 recente tecnologia <strong>Airwrap<\/strong>, hai una versatilit\u00e0 reale 6 in 1: con un solo dispositivo puoi asciugare, arricciare, modellare, allungare, lisciare e diffondere, passando da una piega all\u2019altra senza cambiare strumento, ma solo accessorio.<\/p>\n<p>Il nuovo <strong>Dyson Airwrap<\/strong> multi-styler asciugacapelli \u00e8 quindi la soluzione ideale se cerchi controllo, precisione e protezione della fibra capillare, con un utilizzo intuitivo e prestazioni professionali. Uno degli elementi che distingue il <strong>Dyson Airwrap<\/strong> i.d. \u00e8 la sua connettivit\u00e0 avanzata. Si tratta infatti dell\u2019unico multi-styler connesso in grado di adattare in modo intelligente calore, flusso d\u2019aria e tempi di utilizzo al tuo tipo di capello.<\/p>\n<p>Attraverso la tecnologia wireless Bluetooth\u00ae il dispositivo si collega all\u2019app MyDyson, dove puoi creare in pochi passaggi il tuo profilo capelli: ti basta rispondere a sei semplici domande su tipologia, struttura e lunghezza della chioma. In base a queste informazioni, il <strong>Dyson Airwrap<\/strong> elabora una sequenza di styling automatizzata, che imposta in modo ottimale temperatura e potenza dell\u2019aria, aiutandoti a ottenere risultati pi\u00f9 uniformi e ripetibili.<\/p>\n<p>Questa funzione \u00e8 particolarmente utile se hai poco tempo e vuoi un supporto guidato: il <strong>Dyson Airwrap<\/strong> ti accompagna step-by-step, riducendo il rischio di eccesso di calore e contribuendo a preservare la salute dei capelli. La combinazione di controllo termico intelligente e gestione del flusso d\u2019aria permette infatti di modellare capelli lisci o mossi con maggiore delicatezza rispetto ai metodi classici, aiutando a mantenere brillantezza naturale e morbidezza. Tra le novit\u00e0 di questo modello spicca il nuovo cono affusolato, studiato per lavorare pi\u00f9 vicino alla radice. Questo accessorio consente di creare ricci pi\u00f9 stretti, elastici e ben definiti, senza sacrificare il volume.<\/p>\n<p>Se desideri onde pi\u00f9 strutturate sulla lunghezza o ricci pi\u00f9 compatti alla base, il <strong>Dyson Airwrap<\/strong> ti offre la possibilit\u00e0 di personalizzare la piega con grande precisione, passando da uno stile morbido e naturale a un look pi\u00f9 definito per occasioni speciali. Oltre al cono affusolato, il <strong>Dyson Airwrap<\/strong> multi-styler asciugacapelli include accessori studiati per coprire tutte le fasi della piega: dall\u2019asciugatura iniziale alla rifinitura finale. Potrai asciugare rapidamente i capelli, disciplinare il crespo, definire le onde e dare movimento alle punte semplicemente cambiando accessorio, sfruttando la tecnologia dell\u2019aria controllata e direzionata. Gli ioni negativi integrati aiutano a ridurre l\u2019elettricit\u00e0 statica, contribuendo a una chioma pi\u00f9 ordinata e lucida, ideale se hai capelli che tendono a gonfiarsi o a elettrizzarsi durante la messa in piega.<\/p>\n<p>L\u2019utilizzo del <strong>Dyson Airwrap<\/strong> \u00e8 reso ancora pi\u00f9 semplice dalla presenza di tre impostazioni di calore e tre velocit\u00e0 del flusso d\u2019aria, che puoi modulare in base alla fase di styling e alla sensibilit\u00e0 del capello. Un\u2019impostazione pi\u00f9 delicata \u00e8 perfetta per ritocchi e rifiniture, mentre la massima potenza si rivela ideale nelle fasi iniziali di asciugatura. In questo modo il multi-styler asciugacapelli si adatta tanto a chi ha capelli sottili e delicati quanto a chi ha una chioma pi\u00f9 densa e resistente. Dal punto di vista delle specifiche tecniche, il <strong>Dyson Airwrap<\/strong> multi-styler asciugacapelli i.d. connesso offre un ottimo equilibrio tra forza e maneggevolezza, grazie al peso contenuto e alle dimensioni compatte, che lo rendono comodo da utilizzare anche per sessioni di styling pi\u00f9 lunghe.<\/p>\n<p><strong>Specifiche tecniche Dyson Airwrap multi-styler asciugacapelli<\/strong><\/p>\n<ul>\n<li><strong>Peso:<\/strong> 0,55 kg<\/li>\n<li><strong>Lunghezza cavo:<\/strong> 2,675 m per maggiore libert\u00e0 di movimento<\/li>\n<li><strong>Flusso d\u2019aria fino a:<\/strong> 13,5 l\/s per un\u2019asciugatura rapida ed efficace<\/li>\n<li><strong>Voltaggio:<\/strong> 120V<\/li>\n<li><strong>Potenza:<\/strong> 1.300 W<\/li>\n<li><strong>Consumo:<\/strong> 1.300 W<\/li>\n<li><strong>Impostazioni potenza\/calore:<\/strong> 3 livelli di calore e 3 velocit\u00e0<\/li>\n<li><strong>Ioni negativi:<\/strong> aiutano a ridurre l\u2019elettricit\u00e0 statica<\/li>\n<li><strong>Altezza apparecchio:<\/strong> 272 mm<\/li>\n<li><strong>Lunghezza apparecchio:<\/strong> 41 mm<\/li>\n<li><strong>Larghezza apparecchio:<\/strong> 48 mm<\/li>\n<\/ul>\n<p>Se cerchi uno strumento completo che ti permetta di passare da una piega liscia e disciplinata a onde morbide o ricci definiti, il <strong>Dyson Airwrap<\/strong> multi-styler asciugacapelli i.d. connesso rappresenta una scelta avanzata. La combinazione di tecnologia intelligente, connettivit\u00e0 con l\u2019app MyDyson e accessori studiati per modelli diversi di styling ti consente di costruire una routine capelli su misura, con un controllo preciso su calore, tempi e risultato finale. Il design leggero, la versatilit\u00e0 6 in 1 e la capacit\u00e0 del <strong>Dyson Airwrap<\/strong> di adattarsi al tuo tipo di capello lo rendono uno strumento ideale per chi desidera un solo dispositivo per asciugare, modellare e curare la chioma ogni giorno, con risultati professionali e personalizzati.<\/p>\n<p>Made in Philippines<\/p>\n","protected":false},"excerpt":{"rendered":"<p>Dyson Airwrap multi-styler asciugacapelli Dyson Airwrap multi-styler asciugacapelli i.d. connesso (Prussian Blue) \u00e8 pensato per chi desidera avere a disposizione, in un unico strumento, tutto ci\u00f2 che serve per asciugare e mettere in piega i capelli in modo rapido, personalizzato e con risultati da salone direttamente a casa. Questo nuovo Dyson Airwrap nasce per capelli [&hellip;]<\/p>\n","protected":false},"featured_media":5283521,"comment_status":"closed","ping_status":"open","template":"","meta":[],"product_brand":[],"product_cat":[142205],"product_tag":[177009],"class_list":{"0":"post-5291596","1":"product","2":"type-product","3":"status-publish","4":"has-post-thumbnail","6":"product_cat-dyson-2","7":"product_tag-dyson","9":"first","10":"onbackorder","11":"purchasable","12":"product-type-simple"},"jetpack_sharing_enabled":true,"_links":{"self":[{"href":"https:\/\/gadgettravellers.eu\/it\/wp-json\/wp\/v2\/product\/5291596","targetHints":{"allow":["GET"]}}],"collection":[{"href":"https:\/\/gadgettravellers.eu\/it\/wp-json\/wp\/v2\/product"}],"about":[{"href":"https:\/\/gadgettravellers.eu\/it\/wp-json\/wp\/v2\/types\/product"}],"replies":[{"embeddable":true,"href":"https:\/\/gadgettravellers.eu\/it\/wp-json\/wp\/v2\/comments?post=5291596"}],"wp:featuredmedia":[{"embeddable":true,"href":"https:\/\/gadgettravellers.eu\/it\/wp-json\/wp\/v2\/media\/5283521"}],"wp:attachment":[{"href":"https:\/\/gadgettravellers.eu\/it\/wp-json\/wp\/v2\/media?parent=5291596"}],"wp:term":[{"taxonomy":"product_brand","embeddable":true,"href":"https:\/\/gadgettravellers.eu\/it\/wp-json\/wp\/v2\/product_brand?post=5291596"},{"taxonomy":"product_cat","embeddable":true,"href":"https:\/\/gadgettravellers.eu\/it\/wp-json\/wp\/v2\/product_cat?post=5291596"},{"taxonomy":"product_tag","embeddable":true,"href":"https:\/\/gadgettravellers.eu\/it\/wp-json\/wp\/v2\/product_tag?post=5291596"}],"curies":[{"name":"wp","href":"https:\/\/api.w.org\/{rel}","templated":true}]}}