{"id":5291621,"date":"2026-01-16T17:15:00","date_gmt":"2026-01-16T15:15:00","guid":{"rendered":"https:\/\/gadgettravellers.eu\/shop\/fine-dopobarba-american-blend-100ml\/"},"modified":"2026-04-05T19:39:28","modified_gmt":"2026-04-05T17:39:28","slug":"fine-dopobarba-american-blend-100ml","status":"publish","type":"product","link":"https:\/\/gadgettravellers.eu\/it\/shop\/fine-dopobarba-american-blend-100ml\/","title":{"rendered":"Fine dopobarba American Blend 100ml"},"content":{"rendered":"<h2>Fine Accoutrements dopobarba American Blend 100ml<\/h2>\n<p>Il dopobarba <strong>Mr. Fine<\/strong> \u00e8 un prodotto che ha conquistato gli appassionati di <strong>rasatura tradizionale<\/strong> in tutto il mondo. Questo successo \u00e8 dovuto alla sua capacit\u00e0 di rappresentare un <strong>elegante ritorno al passato, arricchito da un tocco di innovazione<\/strong> che lo rende sempre attuale. Le fragranze Ultra-Premium, infuse in una base leggera e senza tempo, assicurano un <strong>post rasatura eccezionale<\/strong>.<\/p>\n<p>Le fragranze Ultra-Premium di Mr.Fine sono state <strong>ispirate dai profumi maschili pi\u00f9 amati di tutti i tempi<\/strong>, tra cui Rive Gauche Pour Homme di Yves Saint Laurent, Guerlain Vetiver (1961), Terre d&#8217;Hermes (2006) e molti altri. La formula ultra-lusso a quattro ingredienti \u00e8 priva di coloranti artificiali, emulsionanti, petrolio, siliconi, ftalati o parabeni. Ogni prodotto \u00e8 orgogliosamente fabbricato negli Stati Uniti. Prova il dopobarba Mr. Fine e scopri perch\u00e9 <strong>Nothing Beats a Fine Shave<\/strong>.<\/p>\n<p><strong>Descrizione profumo AMERICAN BLEND:<\/strong><br \/>\nLa fragranza American Blend \u00e8 l&#8217;essenza stessa di una rasatura tradizionale. Ispirato a Rive Gauche Pour Homme (2003) di Yves Saint Laurent, il profumo evoca le piacevoli notti estive con note erbacee e ambrate, avvolte da un profumo di cuoio su basi di legni. Questa combinazione lascia una sensazione di incredibile benessere. <\/p>\n<p>Prodotto negli Stati Uniti. Formato: 100ml.<\/p>\n","protected":false},"excerpt":{"rendered":"<p>Fine Accoutrements dopobarba American Blend 100ml Il dopobarba Mr. Fine \u00e8 un prodotto che ha conquistato gli appassionati di rasatura tradizionale in tutto il mondo. Questo successo \u00e8 dovuto alla sua capacit\u00e0 di rappresentare un elegante ritorno al passato, arricchito da un tocco di innovazione che lo rende sempre attuale. Le fragranze Ultra-Premium, infuse in [&hellip;]<\/p>\n","protected":false},"featured_media":63024,"comment_status":"closed","ping_status":"open","template":"","meta":[],"product_brand":[],"product_cat":[142190],"product_tag":[142262],"class_list":{"0":"post-5291621","1":"product","2":"type-product","3":"status-publish","4":"has-post-thumbnail","6":"product_cat-fine-accoutrements-3","7":"product_tag-fine-accoutrements","9":"first","10":"onbackorder","11":"purchasable","12":"product-type-simple"},"jetpack_sharing_enabled":true,"_links":{"self":[{"href":"https:\/\/gadgettravellers.eu\/it\/wp-json\/wp\/v2\/product\/5291621","targetHints":{"allow":["GET"]}}],"collection":[{"href":"https:\/\/gadgettravellers.eu\/it\/wp-json\/wp\/v2\/product"}],"about":[{"href":"https:\/\/gadgettravellers.eu\/it\/wp-json\/wp\/v2\/types\/product"}],"replies":[{"embeddable":true,"href":"https:\/\/gadgettravellers.eu\/it\/wp-json\/wp\/v2\/comments?post=5291621"}],"wp:featuredmedia":[{"embeddable":true,"href":"https:\/\/gadgettravellers.eu\/it\/wp-json\/wp\/v2\/media\/63024"}],"wp:attachment":[{"href":"https:\/\/gadgettravellers.eu\/it\/wp-json\/wp\/v2\/media?parent=5291621"}],"wp:term":[{"taxonomy":"product_brand","embeddable":true,"href":"https:\/\/gadgettravellers.eu\/it\/wp-json\/wp\/v2\/product_brand?post=5291621"},{"taxonomy":"product_cat","embeddable":true,"href":"https:\/\/gadgettravellers.eu\/it\/wp-json\/wp\/v2\/product_cat?post=5291621"},{"taxonomy":"product_tag","embeddable":true,"href":"https:\/\/gadgettravellers.eu\/it\/wp-json\/wp\/v2\/product_tag?post=5291621"}],"curies":[{"name":"wp","href":"https:\/\/api.w.org\/{rel}","templated":true}]}}