{"id":5291627,"date":"2026-01-16T17:15:03","date_gmt":"2026-01-16T15:15:03","guid":{"rendered":"https:\/\/gadgettravellers.eu\/shop\/nero-ardesia-pietra-affilatura-ardesia-nera-con-bout-grana-10-000\/"},"modified":"2026-04-05T19:39:31","modified_gmt":"2026-04-05T17:39:31","slug":"nero-ardesia-pietra-affilatura-ardesia-nera-con-bout-grana-10-000","status":"publish","type":"product","link":"https:\/\/gadgettravellers.eu\/it\/shop\/nero-ardesia-pietra-affilatura-ardesia-nera-con-bout-grana-10-000\/","title":{"rendered":"Nero Ardesia pietra affilatura ardesia nera con bout. grana 10.000"},"content":{"rendered":"<h2>Nero Ardesia pietra affilatura ardesia nera con bout. grana 10.000<\/h2>\n<p>Pietra Ardesia Nera Grana 10.000<br \/>\nMisura 21x8x2cm<\/p>\n<p>Prodotto di pregiata qualit\u00e0 italiana.<\/p>\n<p><strong>Pietra naturale ARDESIA Made in Italy<\/strong>. Perfetta per la lucidatura e il mantenimento del filo dei rasoi a mano libera.<br \/>\nLa dimensione di questa pietra la rendono perfetta per consentire movimenti agevoli in fase di utilizzo evitando potenzialmente dannosi movimenti a X.<\/p>\n<p>Include bout per effettuare lo slurry (il bout non \u00e8 altro che un pezzettino aggiuntivo di pietra ardesia che si usa per mantenere la pietra da affilatura sempre in perfette condizioni).<\/p>\n<p><strong>N.B<\/strong>: L&#8217;ardesia nera, un materiale dal fascino inconfondibile, pu\u00f2 presentare dei segni superficiali, similmente a dei graffi, al termine della sua lavorazione. Questi segni sono un residuo inevitabile del procedimento di pulizia con acqua, durante il quale la pietra, una volta lavorata, viene delicatamente risciacquata. Questo processo di lavaggio pu\u00f2 creare delle sottili rigature sulla sua superficie.<\/p>\n<p>Tuttavia, non vi \u00e8 motivo di preoccupazione. Queste marcature estetiche non intaccano la funzionalit\u00e0 della pietra, n\u00e9 le sottraggono la sua efficacia come strumento di affilatura. Anzi, si tratta di un fenomeno del tutto normale e previsto.<\/p>\n<p>Per <strong>rimuovere gli eventuali segni<\/strong> \u00e8 sufficiente passare sulla pietra una carta abrasiva ad acqua con grana 800, 1000 o 1200 su entrambi i lati della pietra che sono gi\u00e0 lappati dal produttore.<\/p>\n<p>Ricordiamo dunque che queste righe superficiali non danneggiano la pietra, n\u00e9 compromettono la sua utilit\u00e0 o la sua durata. Sono solo segni temporanei, facilmente rimovibili, e che testimoniano l&#8217;accurato processo di lavorazione al quale \u00e8 stata sottoposta la pietra.<\/p>\n","protected":false},"excerpt":{"rendered":"<p>Nero Ardesia pietra affilatura ardesia nera con bout. grana 10.000 Pietra Ardesia Nera Grana 10.000 Misura 21x8x2cm Prodotto di pregiata qualit\u00e0 italiana. Pietra naturale ARDESIA Made in Italy. Perfetta per la lucidatura e il mantenimento del filo dei rasoi a mano libera. La dimensione di questa pietra la rendono perfetta per consentire movimenti agevoli in [&hellip;]<\/p>\n","protected":false},"featured_media":5283595,"comment_status":"closed","ping_status":"open","template":"","meta":[],"product_brand":[],"product_cat":[142208],"product_tag":[142279],"class_list":{"0":"post-5291627","1":"product","2":"type-product","3":"status-publish","4":"has-post-thumbnail","6":"product_cat-nero-ardesia-3","7":"product_tag-nero-ardesia","9":"first","10":"onbackorder","11":"purchasable","12":"product-type-simple"},"jetpack_sharing_enabled":true,"_links":{"self":[{"href":"https:\/\/gadgettravellers.eu\/it\/wp-json\/wp\/v2\/product\/5291627","targetHints":{"allow":["GET"]}}],"collection":[{"href":"https:\/\/gadgettravellers.eu\/it\/wp-json\/wp\/v2\/product"}],"about":[{"href":"https:\/\/gadgettravellers.eu\/it\/wp-json\/wp\/v2\/types\/product"}],"replies":[{"embeddable":true,"href":"https:\/\/gadgettravellers.eu\/it\/wp-json\/wp\/v2\/comments?post=5291627"}],"wp:featuredmedia":[{"embeddable":true,"href":"https:\/\/gadgettravellers.eu\/it\/wp-json\/wp\/v2\/media\/5283595"}],"wp:attachment":[{"href":"https:\/\/gadgettravellers.eu\/it\/wp-json\/wp\/v2\/media?parent=5291627"}],"wp:term":[{"taxonomy":"product_brand","embeddable":true,"href":"https:\/\/gadgettravellers.eu\/it\/wp-json\/wp\/v2\/product_brand?post=5291627"},{"taxonomy":"product_cat","embeddable":true,"href":"https:\/\/gadgettravellers.eu\/it\/wp-json\/wp\/v2\/product_cat?post=5291627"},{"taxonomy":"product_tag","embeddable":true,"href":"https:\/\/gadgettravellers.eu\/it\/wp-json\/wp\/v2\/product_tag?post=5291627"}],"curies":[{"name":"wp","href":"https:\/\/api.w.org\/{rel}","templated":true}]}}