{"id":5291642,"date":"2026-01-16T17:15:09","date_gmt":"2026-01-16T15:15:09","guid":{"rendered":"https:\/\/gadgettravellers.eu\/shop\/100-lamette-da-barba-derby-bluebird-platinum\/"},"modified":"2026-04-03T20:06:36","modified_gmt":"2026-04-03T18:06:36","slug":"100-lamette-da-barba-derby-bluebird-platinum","status":"publish","type":"product","link":"https:\/\/gadgettravellers.eu\/it\/shop\/100-lamette-da-barba-derby-bluebird-platinum\/","title":{"rendered":"100 lamette da barba Derby Bluebird Platinum"},"content":{"rendered":"<h2>100 lamette da barba Derby Bluebird Platinum<\/h2>\n<p><strong>Le lamette da barba Blue Bird Platinum<\/strong> sono l&#8217;ultima innovazione nel campo della rasatura tradizionale, prodotte da un nome di fiducia nel settore: Derby. Queste lamette, con i loro bordi rivestiti in polimero di tungsteno al platino ceramico-cromo, rappresentano la nuova generazione di lamette da barba Derby, che includono anche le linee Derby Extra, Derby Professional e Derby Blu.<\/p>\n<p>Le lamette Derby Bluebird Platinum si distinguono per la loro affilatura di qualit\u00e0 e la loro durata notevole. Per gli appassionati delle lamette da barba Derby, queste rappresentano una valida alternativa. Le loro caratteristiche principali includono un&#8217;azione di rasatura fluida e precisa, senza saltellamenti o irritazioni, rendendole adatte anche per barbe particolarmente dure. Inoltre, offrono un eccellente rapporto qualit\u00e0-prezzo.<\/p>\n<p>Secondo la nostra esperienza, le lamette da barba Derby Bluebird Platinum rientrano tra quelle che possono essere considerate molto equilibrate, offrendo un&#8217;esperienza di rasatura tradizionale di qualit\u00e0 superiore.<br \/>\nLe lamette sono prodotte da Azmusebat, con sede a Istanbul, in Turchia, garantendo cos\u00ec la qualit\u00e0 e l&#8217;affidabilit\u00e0 che ci si aspetta da un prodotto di questa nazione.<br \/>\nOgni pacchetto contiene <strong>5 lamette imbustate singolarmente in carta cerata<\/strong>, garantendo cos\u00ec la loro integrit\u00e0 e la massima igiene.<\/p>\n<p>Prodotto in Turchia. Formato: 100 lamette.<\/p>\n","protected":false},"excerpt":{"rendered":"<p>100 lamette da barba Derby Bluebird Platinum Le lamette da barba Blue Bird Platinum sono l&#8217;ultima innovazione nel campo della rasatura tradizionale, prodotte da un nome di fiducia nel settore: Derby. Queste lamette, con i loro bordi rivestiti in polimero di tungsteno al platino ceramico-cromo, rappresentano la nuova generazione di lamette da barba Derby, che [&hellip;]<\/p>\n","protected":false},"featured_media":5283633,"comment_status":"closed","ping_status":"open","template":"","meta":[],"product_brand":[],"product_cat":[],"product_tag":[1966],"class_list":{"0":"post-5291642","1":"product","2":"type-product","3":"status-publish","4":"has-post-thumbnail","6":"product_tag-derby-shaving","8":"first","9":"onbackorder","10":"purchasable","11":"product-type-simple"},"jetpack_sharing_enabled":true,"_links":{"self":[{"href":"https:\/\/gadgettravellers.eu\/it\/wp-json\/wp\/v2\/product\/5291642","targetHints":{"allow":["GET"]}}],"collection":[{"href":"https:\/\/gadgettravellers.eu\/it\/wp-json\/wp\/v2\/product"}],"about":[{"href":"https:\/\/gadgettravellers.eu\/it\/wp-json\/wp\/v2\/types\/product"}],"replies":[{"embeddable":true,"href":"https:\/\/gadgettravellers.eu\/it\/wp-json\/wp\/v2\/comments?post=5291642"}],"wp:featuredmedia":[{"embeddable":true,"href":"https:\/\/gadgettravellers.eu\/it\/wp-json\/wp\/v2\/media\/5283633"}],"wp:attachment":[{"href":"https:\/\/gadgettravellers.eu\/it\/wp-json\/wp\/v2\/media?parent=5291642"}],"wp:term":[{"taxonomy":"product_brand","embeddable":true,"href":"https:\/\/gadgettravellers.eu\/it\/wp-json\/wp\/v2\/product_brand?post=5291642"},{"taxonomy":"product_cat","embeddable":true,"href":"https:\/\/gadgettravellers.eu\/it\/wp-json\/wp\/v2\/product_cat?post=5291642"},{"taxonomy":"product_tag","embeddable":true,"href":"https:\/\/gadgettravellers.eu\/it\/wp-json\/wp\/v2\/product_tag?post=5291642"}],"curies":[{"name":"wp","href":"https:\/\/api.w.org\/{rel}","templated":true}]}}