{"id":5291653,"date":"2026-01-16T17:15:12","date_gmt":"2026-01-16T15:15:12","guid":{"rendered":"https:\/\/gadgettravellers.eu\/shop\/fine-pennello-da-barba-sintetico-stout-black-and-yellow-24mm\/"},"modified":"2026-04-05T19:39:42","modified_gmt":"2026-04-05T17:39:42","slug":"fine-pennello-da-barba-sintetico-stout-black-and-yellow-24mm","status":"publish","type":"product","link":"https:\/\/gadgettravellers.eu\/it\/shop\/fine-pennello-da-barba-sintetico-stout-black-and-yellow-24mm\/","title":{"rendered":"Fine pennello da barba sintetico stout Black and Yellow 24mm"},"content":{"rendered":"<h2>Fine Accoutrements pennello da barba sintetico stout Black and Yellow 24mm<\/h2>\n<p><strong>Il pennello da barba &#8220;Stout&#8221;<\/strong> di Fine Accoutrements \u00e8 un prodotto di alta qualit\u00e0, ispirato al famoso pennello &#8220;<strong>Chubby<\/strong>&#8221; di Simpson. Questo pennello da barba si posiziona perfettamente tra il n. 1 e n. 2 di Simpson, offrendo un&#8217;alternativa di <strong>qualit\u00e0 superiore<\/strong> a un <strong>prezzo competitivo<\/strong>. Il pennello \u00e8 dotato di pelo sintetico &#8220;<strong>Angel Hair<\/strong>&#8220;, un materiale innovativo e rivoluzionario nel campo della rasatura tradizionale.<\/p>\n<p>Le fibre <strong>Angel Hair<\/strong> sono state le prime a sfidare con successo il pelo di tasso di alta qualit\u00e0 in termini di <strong>comfort<\/strong> e <strong>prestazioni<\/strong>. Inoltre, queste fibre sono <strong>cruelty free<\/strong>, rendendo il pennello da barba &#8220;Stout&#8221; una scelta etica e responsabile. Fine Accoutrements \u00e8 orgogliosa di essere stata tra le prime aziende a utilizzare questo tipo di fibra sintetica nei suoi prodotti.<\/p>\n<p>Il pennello ha un nodo di 24 mm con un loft di 50 mm, e un manico di 42 mm di altezza con un diametro massimo di 39 mm. Il manico \u00e8 realizzato in resina, mentre il ciuffo \u00e8 in fibra sintetica &#8220;Angel Hair&#8221;. Il colore del pennello \u00e8 Black\/Nero &#8211; Yellow\/Giallo.<\/p>\n<p><strong>Nothing Beats a Fine Shave<\/strong>. Il pennello da barba &#8220;Stout&#8221; di Fine Accoutrements \u00e8 un must per chi ama la rasatura tradizionale. Prodotto negli Stati Uniti. Formato: 24mm.<\/p>\n","protected":false},"excerpt":{"rendered":"<p>Fine Accoutrements pennello da barba sintetico stout Black and Yellow 24mm Il pennello da barba &#8220;Stout&#8221; di Fine Accoutrements \u00e8 un prodotto di alta qualit\u00e0, ispirato al famoso pennello &#8220;Chubby&#8221; di Simpson. Questo pennello da barba si posiziona perfettamente tra il n. 1 e n. 2 di Simpson, offrendo un&#8217;alternativa di qualit\u00e0 superiore a un [&hellip;]<\/p>\n","protected":false},"featured_media":5283665,"comment_status":"closed","ping_status":"open","template":"","meta":[],"product_brand":[],"product_cat":[142190],"product_tag":[142262],"class_list":{"0":"post-5291653","1":"product","2":"type-product","3":"status-publish","4":"has-post-thumbnail","6":"product_cat-fine-accoutrements-3","7":"product_tag-fine-accoutrements","9":"first","10":"onbackorder","11":"purchasable","12":"product-type-simple"},"jetpack_sharing_enabled":true,"_links":{"self":[{"href":"https:\/\/gadgettravellers.eu\/it\/wp-json\/wp\/v2\/product\/5291653","targetHints":{"allow":["GET"]}}],"collection":[{"href":"https:\/\/gadgettravellers.eu\/it\/wp-json\/wp\/v2\/product"}],"about":[{"href":"https:\/\/gadgettravellers.eu\/it\/wp-json\/wp\/v2\/types\/product"}],"replies":[{"embeddable":true,"href":"https:\/\/gadgettravellers.eu\/it\/wp-json\/wp\/v2\/comments?post=5291653"}],"wp:featuredmedia":[{"embeddable":true,"href":"https:\/\/gadgettravellers.eu\/it\/wp-json\/wp\/v2\/media\/5283665"}],"wp:attachment":[{"href":"https:\/\/gadgettravellers.eu\/it\/wp-json\/wp\/v2\/media?parent=5291653"}],"wp:term":[{"taxonomy":"product_brand","embeddable":true,"href":"https:\/\/gadgettravellers.eu\/it\/wp-json\/wp\/v2\/product_brand?post=5291653"},{"taxonomy":"product_cat","embeddable":true,"href":"https:\/\/gadgettravellers.eu\/it\/wp-json\/wp\/v2\/product_cat?post=5291653"},{"taxonomy":"product_tag","embeddable":true,"href":"https:\/\/gadgettravellers.eu\/it\/wp-json\/wp\/v2\/product_tag?post=5291653"}],"curies":[{"name":"wp","href":"https:\/\/api.w.org\/{rel}","templated":true}]}}