{"id":5291681,"date":"2026-01-16T17:15:22","date_gmt":"2026-01-16T15:15:22","guid":{"rendered":"https:\/\/gadgettravellers.eu\/shop\/fine-dopobarba-clubhouse-100ml\/"},"modified":"2026-04-05T19:39:53","modified_gmt":"2026-04-05T17:39:53","slug":"fine-dopobarba-clubhouse-100ml","status":"publish","type":"product","link":"https:\/\/gadgettravellers.eu\/it\/shop\/fine-dopobarba-clubhouse-100ml\/","title":{"rendered":"Fine dopobarba Clubhouse 100ml"},"content":{"rendered":"<h2>Fine Accoutrements dopobarba Clubhouse 100ml<\/h2>\n<p>Il dopobarba Clubhouse Classic di Fine Accoutrements \u00e8 un prodotto che riporta alla mente l&#8217;epoca in cui la <strong>rasatura tradizionale<\/strong> era considerata un&#8217;arte, prima che diventasse un mero gesto di routine. Questo prodotto \u00e8 formulato in modo elegante per offrire una sensazione leggera e rinfrescante sul viso, rendendo ogni rasatura un&#8217;esperienza piacevole e rilassante. <\/p>\n<p>La fragranza del dopobarba Clubhouse Classic \u00e8 caratterizzata da una nota aromatica di talco, arricchita con erbe, spezie e muschio. Questo profumo, ispirato da Canoe (1936, di Dana) e reso popolare da Pinaud, \u00e8 un classico intramontabile, amato e riconosciuto nei country club e nei barbieri di tutto il mondo. <\/p>\n<p><strong>Ingredients<\/strong>: Alcohol Denat., Water (Aqua), Fragrance (Parfum), Isopropyl Alcohol, Menthol, Alpha-Isomethyl Ionone, Benzyl Benzoate, Eugenol, Hydroxycitronellal, Cinnamyl Alcohol, Limonene, Benzyl Salicylate, Coumarin, Linalool, Hexyl Cinnamal, Evernia Prunastri (Oak Moss) Extract, Citronellol, Geraniol, Benzyl Cinnamate, Cinnamal, Benzyl Alcohol, Citral<\/p>\n<p>Il dopobarba Clubhouse Classic di Fine Accoutrements \u00e8 un prodotto che non pu\u00f2 mancare nella routine di rasatura di ogni uomo che apprezza la qualit\u00e0 e la tradizione. Il suo profumo distintivo e la sua formula rinfrescante lo rendono un prodotto indispensabile per chi desidera trasformare la rasatura quotidiana in un momento di puro piacere. <\/p>\n<p>Prodotto negli Stati Uniti, il dopobarba Clubhouse Classic di Fine Accoutrements \u00e8 disponibile in un pratico formato da 100ml.<\/p>\n","protected":false},"excerpt":{"rendered":"<p>Fine Accoutrements dopobarba Clubhouse 100ml Il dopobarba Clubhouse Classic di Fine Accoutrements \u00e8 un prodotto che riporta alla mente l&#8217;epoca in cui la rasatura tradizionale era considerata un&#8217;arte, prima che diventasse un mero gesto di routine. Questo prodotto \u00e8 formulato in modo elegante per offrire una sensazione leggera e rinfrescante sul viso, rendendo ogni rasatura [&hellip;]<\/p>\n","protected":false},"featured_media":63256,"comment_status":"closed","ping_status":"open","template":"","meta":[],"product_brand":[],"product_cat":[142190],"product_tag":[142262],"class_list":{"0":"post-5291681","1":"product","2":"type-product","3":"status-publish","4":"has-post-thumbnail","6":"product_cat-fine-accoutrements-3","7":"product_tag-fine-accoutrements","9":"first","10":"onbackorder","11":"purchasable","12":"product-type-simple"},"jetpack_sharing_enabled":true,"_links":{"self":[{"href":"https:\/\/gadgettravellers.eu\/it\/wp-json\/wp\/v2\/product\/5291681","targetHints":{"allow":["GET"]}}],"collection":[{"href":"https:\/\/gadgettravellers.eu\/it\/wp-json\/wp\/v2\/product"}],"about":[{"href":"https:\/\/gadgettravellers.eu\/it\/wp-json\/wp\/v2\/types\/product"}],"replies":[{"embeddable":true,"href":"https:\/\/gadgettravellers.eu\/it\/wp-json\/wp\/v2\/comments?post=5291681"}],"wp:featuredmedia":[{"embeddable":true,"href":"https:\/\/gadgettravellers.eu\/it\/wp-json\/wp\/v2\/media\/63256"}],"wp:attachment":[{"href":"https:\/\/gadgettravellers.eu\/it\/wp-json\/wp\/v2\/media?parent=5291681"}],"wp:term":[{"taxonomy":"product_brand","embeddable":true,"href":"https:\/\/gadgettravellers.eu\/it\/wp-json\/wp\/v2\/product_brand?post=5291681"},{"taxonomy":"product_cat","embeddable":true,"href":"https:\/\/gadgettravellers.eu\/it\/wp-json\/wp\/v2\/product_cat?post=5291681"},{"taxonomy":"product_tag","embeddable":true,"href":"https:\/\/gadgettravellers.eu\/it\/wp-json\/wp\/v2\/product_tag?post=5291681"}],"curies":[{"name":"wp","href":"https:\/\/api.w.org\/{rel}","templated":true}]}}