{"id":5291687,"date":"2026-01-16T17:15:24","date_gmt":"2026-01-16T15:15:24","guid":{"rendered":"https:\/\/gadgettravellers.eu\/shop\/osma-matita-emostatica-12gr\/"},"modified":"2026-04-05T19:39:56","modified_gmt":"2026-04-05T17:39:56","slug":"osma-matita-emostatica-12gr","status":"publish","type":"product","link":"https:\/\/gadgettravellers.eu\/it\/shop\/osma-matita-emostatica-12gr\/","title":{"rendered":"Osma matita emostatica 12gr"},"content":{"rendered":"<h2>Osma matita emostatica 12gr<\/h2>\n<p>Osma Laboratoires, contrassegnato dal marchio CE 0459, \u00e8 un nome di fiducia nel settore della produzione di matite emostatiche di alta qualit\u00e0. Il marchio CE testimonia la qualit\u00e0 superiore e l&#8217;adeguamento alle normative europee in materia di produzione di prodotti emostatici. <\/p>\n<p><strong>Per ottenere il massimo dai benefici di questa matita emostatica, si consiglia di applicarla direttamente sulle micro abrasioni. Questa pratica contribuir\u00e0 a minimizzare e, infine, a interrompere completamente il sanguinamento. Questo prodotto si rivela essere un alleato indispensabile in tutte le situazioni di <strong>rasatura tradizionale<\/strong>.<\/strong><\/p>\n<p><strong>Prodotto in Francia. Formato: 12gr.<\/strong><\/p>\n","protected":false},"excerpt":{"rendered":"<p>Osma matita emostatica 12gr Osma Laboratoires, contrassegnato dal marchio CE 0459, \u00e8 un nome di fiducia nel settore della produzione di matite emostatiche di alta qualit\u00e0. Il marchio CE testimonia la qualit\u00e0 superiore e l&#8217;adeguamento alle normative europee in materia di produzione di prodotti emostatici. Per ottenere il massimo dai benefici di questa matita emostatica, [&hellip;]<\/p>\n","protected":false},"featured_media":63280,"comment_status":"closed","ping_status":"open","template":"","meta":[],"product_brand":[],"product_cat":[142233],"product_tag":[142301],"class_list":{"0":"post-5291687","1":"product","2":"type-product","3":"status-publish","4":"has-post-thumbnail","6":"product_cat-osma-tradition-3","7":"product_tag-osma-tradition","9":"first","10":"onbackorder","11":"purchasable","12":"product-type-simple"},"jetpack_sharing_enabled":true,"_links":{"self":[{"href":"https:\/\/gadgettravellers.eu\/it\/wp-json\/wp\/v2\/product\/5291687","targetHints":{"allow":["GET"]}}],"collection":[{"href":"https:\/\/gadgettravellers.eu\/it\/wp-json\/wp\/v2\/product"}],"about":[{"href":"https:\/\/gadgettravellers.eu\/it\/wp-json\/wp\/v2\/types\/product"}],"replies":[{"embeddable":true,"href":"https:\/\/gadgettravellers.eu\/it\/wp-json\/wp\/v2\/comments?post=5291687"}],"wp:featuredmedia":[{"embeddable":true,"href":"https:\/\/gadgettravellers.eu\/it\/wp-json\/wp\/v2\/media\/63280"}],"wp:attachment":[{"href":"https:\/\/gadgettravellers.eu\/it\/wp-json\/wp\/v2\/media?parent=5291687"}],"wp:term":[{"taxonomy":"product_brand","embeddable":true,"href":"https:\/\/gadgettravellers.eu\/it\/wp-json\/wp\/v2\/product_brand?post=5291687"},{"taxonomy":"product_cat","embeddable":true,"href":"https:\/\/gadgettravellers.eu\/it\/wp-json\/wp\/v2\/product_cat?post=5291687"},{"taxonomy":"product_tag","embeddable":true,"href":"https:\/\/gadgettravellers.eu\/it\/wp-json\/wp\/v2\/product_tag?post=5291687"}],"curies":[{"name":"wp","href":"https:\/\/api.w.org\/{rel}","templated":true}]}}