{"id":5291720,"date":"2026-01-16T17:15:35","date_gmt":"2026-01-16T15:15:35","guid":{"rendered":"https:\/\/gadgettravellers.eu\/shop\/extro-profumo-extro-10ml\/"},"modified":"2026-04-05T19:40:09","modified_gmt":"2026-04-05T17:40:09","slug":"extro-profumo-extro-10ml","status":"publish","type":"product","link":"https:\/\/gadgettravellers.eu\/it\/shop\/extro-profumo-extro-10ml\/","title":{"rendered":"Extro profumo Extro 10ml"},"content":{"rendered":"<h2>Extro profumo Extro 10ml<\/h2>\n<p>Impegnativo dare il nome <strong>Extr\u00f2<\/strong> ad un Eau de Parfum ma <strong>Donato Ciniello<\/strong> pu\u00f2.<br \/>\n<strong>Extr\u00f2<\/strong> Eau de Parfum identifica tutto quello che \u00e8 <strong>Extr\u00f2<\/strong>, azienda italiana creatrice di fragranze uniche e inimitabili.<br \/>\n<strong>Extr\u00f2<\/strong> Eau de Parfum \u00e8 il profumo della bottega di Via Roma 14 a Torino,<br \/>\nnegozio con arredi in legno antichi, impregnati dalle fragranze e dalla storia del marchio nato quasi 40 anni fa.<\/p>\n<p>Gli agrumi mediterranei, l\u2019alloro, le note avvolgenti del ciclamino e di altre note di petali di fiori, lasciano infine il posto per le note di fondo,<br \/>\nalla borragine d\u2019albero e alle note legnose,<br \/>\naddolcite dalla vaniglia sono tutti racchiusi in un elegante boccetta di vetro con vaporizzatore.<\/p>\n<p><strong>Piramide olfattiva:<\/strong><br \/>\nNote di Testa: Mandarino, Mirra, Bergamotto, Alloro, Pesca<br \/>\nNote di Cuore: Legno di Cedro, Gelsomino, Mughetto, Ciclamino, Violetta, Rosa, Patchouly<br \/>\nNote di Fondo: Borracina di Albero, Ambra, Muschio Bianco, Salvia, Vaniglia<\/p>\n<p><strong>Ingredients<\/strong>: Alcol Denat, Aqua, Parfum<\/p>\n<p>Formato: 100ml<\/p>\n<p>Interamente lavorato a mano<\/p>\n<p>Made in Italy<\/p>\n","protected":false},"excerpt":{"rendered":"<p>Extro profumo Extro 10ml Impegnativo dare il nome Extr\u00f2 ad un Eau de Parfum ma Donato Ciniello pu\u00f2. Extr\u00f2 Eau de Parfum identifica tutto quello che \u00e8 Extr\u00f2, azienda italiana creatrice di fragranze uniche e inimitabili. Extr\u00f2 Eau de Parfum \u00e8 il profumo della bottega di Via Roma 14 a Torino, negozio con arredi in [&hellip;]<\/p>\n","protected":false},"featured_media":5283825,"comment_status":"closed","ping_status":"open","template":"","meta":[],"product_brand":[],"product_cat":[142194],"product_tag":[1915],"class_list":{"0":"post-5291720","1":"product","2":"type-product","3":"status-publish","4":"has-post-thumbnail","6":"product_cat-extro-cosmesi-3","7":"product_tag-extro-cosmesi","9":"first","10":"onbackorder","11":"purchasable","12":"product-type-simple"},"jetpack_sharing_enabled":true,"_links":{"self":[{"href":"https:\/\/gadgettravellers.eu\/it\/wp-json\/wp\/v2\/product\/5291720","targetHints":{"allow":["GET"]}}],"collection":[{"href":"https:\/\/gadgettravellers.eu\/it\/wp-json\/wp\/v2\/product"}],"about":[{"href":"https:\/\/gadgettravellers.eu\/it\/wp-json\/wp\/v2\/types\/product"}],"replies":[{"embeddable":true,"href":"https:\/\/gadgettravellers.eu\/it\/wp-json\/wp\/v2\/comments?post=5291720"}],"wp:featuredmedia":[{"embeddable":true,"href":"https:\/\/gadgettravellers.eu\/it\/wp-json\/wp\/v2\/media\/5283825"}],"wp:attachment":[{"href":"https:\/\/gadgettravellers.eu\/it\/wp-json\/wp\/v2\/media?parent=5291720"}],"wp:term":[{"taxonomy":"product_brand","embeddable":true,"href":"https:\/\/gadgettravellers.eu\/it\/wp-json\/wp\/v2\/product_brand?post=5291720"},{"taxonomy":"product_cat","embeddable":true,"href":"https:\/\/gadgettravellers.eu\/it\/wp-json\/wp\/v2\/product_cat?post=5291720"},{"taxonomy":"product_tag","embeddable":true,"href":"https:\/\/gadgettravellers.eu\/it\/wp-json\/wp\/v2\/product_tag?post=5291720"}],"curies":[{"name":"wp","href":"https:\/\/api.w.org\/{rel}","templated":true}]}}