{"id":5291721,"date":"2026-01-16T17:15:35","date_gmt":"2026-01-16T15:15:35","guid":{"rendered":"https:\/\/gadgettravellers.eu\/shop\/extro-profumo-gregory-10ml\/"},"modified":"2026-04-05T19:40:09","modified_gmt":"2026-04-05T17:40:09","slug":"extro-profumo-gregory-10ml","status":"publish","type":"product","link":"https:\/\/gadgettravellers.eu\/it\/shop\/extro-profumo-gregory-10ml\/","title":{"rendered":"Extro profumo Gregory 10ml"},"content":{"rendered":"<h2>Extro profumo Gregory 10ml<\/h2>\n<p>Extr\u00f2 Eau de Parfum <strong>Gr\u00e9gory<\/strong> \u00e8 forte, sensuale, un viaggio tra spezie orientali come lo zenzero e il pepe bianco, perfettamente combinate grazie al Bergamotto di Calabria. <\/p>\n<p>Caratteristico del profumo Gregory \u00e8 il deposito che si crea sul fondo della boccetta del profumo.<br \/>\nNessun filtraggio, per mantenere al meglio tutte le caratteristiche degli oli essenziali utilizzati.<\/p>\n<p><strong>Piramide olfattiva:<\/strong><br \/>\nNote di Testa: Zenzero, Pepe, Bergamotto<br \/>\nNote di Cuore: Spezia, Galbano, Gardenia, Gelsomino<br \/>\nNote di Fondo: Ebano, Legno di Cedro, Betulla, Sandalo, Cuoio, Patchouly<\/p>\n<p><strong>Ingredients<\/strong>: Alcol Denat, Aqua, Parfum<\/p>\n<p>Formato: 10ml<\/p>\n<p>Interamente lavorato a mano<\/p>\n<p>Made in Italy<\/p>\n","protected":false},"excerpt":{"rendered":"<p>Extro profumo Gregory 10ml Extr\u00f2 Eau de Parfum Gr\u00e9gory \u00e8 forte, sensuale, un viaggio tra spezie orientali come lo zenzero e il pepe bianco, perfettamente combinate grazie al Bergamotto di Calabria. Caratteristico del profumo Gregory \u00e8 il deposito che si crea sul fondo della boccetta del profumo. Nessun filtraggio, per mantenere al meglio tutte le [&hellip;]<\/p>\n","protected":false},"featured_media":5283829,"comment_status":"closed","ping_status":"open","template":"","meta":[],"product_brand":[],"product_cat":[142194],"product_tag":[1915],"class_list":{"0":"post-5291721","1":"product","2":"type-product","3":"status-publish","4":"has-post-thumbnail","6":"product_cat-extro-cosmesi-3","7":"product_tag-extro-cosmesi","9":"first","10":"onbackorder","11":"purchasable","12":"product-type-simple"},"jetpack_sharing_enabled":true,"_links":{"self":[{"href":"https:\/\/gadgettravellers.eu\/it\/wp-json\/wp\/v2\/product\/5291721","targetHints":{"allow":["GET"]}}],"collection":[{"href":"https:\/\/gadgettravellers.eu\/it\/wp-json\/wp\/v2\/product"}],"about":[{"href":"https:\/\/gadgettravellers.eu\/it\/wp-json\/wp\/v2\/types\/product"}],"replies":[{"embeddable":true,"href":"https:\/\/gadgettravellers.eu\/it\/wp-json\/wp\/v2\/comments?post=5291721"}],"wp:featuredmedia":[{"embeddable":true,"href":"https:\/\/gadgettravellers.eu\/it\/wp-json\/wp\/v2\/media\/5283829"}],"wp:attachment":[{"href":"https:\/\/gadgettravellers.eu\/it\/wp-json\/wp\/v2\/media?parent=5291721"}],"wp:term":[{"taxonomy":"product_brand","embeddable":true,"href":"https:\/\/gadgettravellers.eu\/it\/wp-json\/wp\/v2\/product_brand?post=5291721"},{"taxonomy":"product_cat","embeddable":true,"href":"https:\/\/gadgettravellers.eu\/it\/wp-json\/wp\/v2\/product_cat?post=5291721"},{"taxonomy":"product_tag","embeddable":true,"href":"https:\/\/gadgettravellers.eu\/it\/wp-json\/wp\/v2\/product_tag?post=5291721"}],"curies":[{"name":"wp","href":"https:\/\/api.w.org\/{rel}","templated":true}]}}