{"id":5291727,"date":"2026-01-16T17:15:37","date_gmt":"2026-01-16T15:15:37","guid":{"rendered":"https:\/\/gadgettravellers.eu\/shop\/omega-pennello-da-barba-sintetico-evo-marble-ego\/"},"modified":"2026-04-05T19:40:12","modified_gmt":"2026-04-05T17:40:12","slug":"omega-pennello-da-barba-sintetico-evo-marble-ego","status":"publish","type":"product","link":"https:\/\/gadgettravellers.eu\/it\/shop\/omega-pennello-da-barba-sintetico-evo-marble-ego\/","title":{"rendered":"Omega pennello da barba sintetico Evo Marble Ego"},"content":{"rendered":"<h2>Omega pennello da barba sintetico Evo Marble Ego<\/h2>\n<p>Il nuovo Pennello Sintetico Made in Italy.<\/p>\n<p><strong>Omega<\/strong>, Pennellificio Leader in Italia e nel Mondo per la produzione di pennelli da barba, lancia il suo guanto di sfida al mercato dei pennelli Sintetici. E lo fa scuotendolo dalle fondamenta.<br \/>\nManici preziosi, ricercati ed eleganti doneranno alla vostra rasatura quotidiana quel tocco di classe in pi\u00f9, mentre i nuovi ciuffi sintetici <strong>Evo Silversynth<\/strong>, saranno capaci di farti dimenticare l&#8217;esistenza di qualsiasi altro pennello sintetico provato prima. I pennelli <strong>Omega Evo Silversynth<\/strong> hanno la caratteristica esclusiva di trattenere nella trama estremamente tecnica, grandi quantit\u00e0 di acqua e sapone adagiandosi su un diametro al nodo di ben 28mm.<\/p>\n<p>La serie <strong>Omega Evo Silversynth<\/strong> \u00e8 la naturale evoluzione del pennello sintetico della quale \u00e8 per\u00f2 in grado si stravolgerne tutte le caratteristiche di base, riuscendo nel difficile intento di replicare i grandi pregi del tasso argentato ma con la versatilit\u00e0 di una fibra sintetica.<\/p>\n<p><strong>Caratteristiche:<\/strong><br \/>\nAltezza complessiva: 105 mm<br \/>\nAltezza del manico: 55 mm<br \/>\nAltezza del pelo: 55 mm<br \/>\nPeso:\u00a0 100 gr<br \/>\nConfezione:\u00a0Pennello singolo<br \/>\nCiuffo:\u00a0 Silversynth<br \/>\nManico: effetto marmo<\/p>\n","protected":false},"excerpt":{"rendered":"<p>Omega pennello da barba sintetico Evo Marble Ego Il nuovo Pennello Sintetico Made in Italy. Omega, Pennellificio Leader in Italia e nel Mondo per la produzione di pennelli da barba, lancia il suo guanto di sfida al mercato dei pennelli Sintetici. E lo fa scuotendolo dalle fondamenta. Manici preziosi, ricercati ed eleganti doneranno alla vostra [&hellip;]<\/p>\n","protected":false},"featured_media":5283845,"comment_status":"closed","ping_status":"open","template":"","meta":[],"product_brand":[],"product_cat":[142209],"product_tag":[142280],"class_list":{"0":"post-5291727","1":"product","2":"type-product","3":"status-publish","4":"has-post-thumbnail","6":"product_cat-omega-3","7":"product_tag-omega","9":"first","10":"onbackorder","11":"purchasable","12":"product-type-simple"},"jetpack_sharing_enabled":true,"_links":{"self":[{"href":"https:\/\/gadgettravellers.eu\/it\/wp-json\/wp\/v2\/product\/5291727","targetHints":{"allow":["GET"]}}],"collection":[{"href":"https:\/\/gadgettravellers.eu\/it\/wp-json\/wp\/v2\/product"}],"about":[{"href":"https:\/\/gadgettravellers.eu\/it\/wp-json\/wp\/v2\/types\/product"}],"replies":[{"embeddable":true,"href":"https:\/\/gadgettravellers.eu\/it\/wp-json\/wp\/v2\/comments?post=5291727"}],"wp:featuredmedia":[{"embeddable":true,"href":"https:\/\/gadgettravellers.eu\/it\/wp-json\/wp\/v2\/media\/5283845"}],"wp:attachment":[{"href":"https:\/\/gadgettravellers.eu\/it\/wp-json\/wp\/v2\/media?parent=5291727"}],"wp:term":[{"taxonomy":"product_brand","embeddable":true,"href":"https:\/\/gadgettravellers.eu\/it\/wp-json\/wp\/v2\/product_brand?post=5291727"},{"taxonomy":"product_cat","embeddable":true,"href":"https:\/\/gadgettravellers.eu\/it\/wp-json\/wp\/v2\/product_cat?post=5291727"},{"taxonomy":"product_tag","embeddable":true,"href":"https:\/\/gadgettravellers.eu\/it\/wp-json\/wp\/v2\/product_tag?post=5291727"}],"curies":[{"name":"wp","href":"https:\/\/api.w.org\/{rel}","templated":true}]}}