{"id":5291732,"date":"2026-01-16T17:15:38","date_gmt":"2026-01-16T15:15:38","guid":{"rendered":"https:\/\/gadgettravellers.eu\/shop\/simpsons-pennello-da-barba-emperor-2-super-badger\/"},"modified":"2026-04-04T19:31:29","modified_gmt":"2026-04-04T17:31:29","slug":"simpsons-pennello-da-barba-emperor-2-super-badger","status":"publish","type":"product","link":"https:\/\/gadgettravellers.eu\/it\/shop\/simpsons-pennello-da-barba-emperor-2-super-badger\/","title":{"rendered":"Simpsons pennello da barba Emperor 2 super badger"},"content":{"rendered":"<h2>Pennello da barba Simpson Emperor 2 Super Badger<\/h2>\n<p>Questo pennello da barba Simpson si distingue per le seguenti caratteristiche:<br \/>\n<strong>Altezza complessiva<\/strong>: 102 mm<br \/>\n<strong>Altezza del manico:<\/strong> 57 mm<br \/>\n<strong>Altezza del pelo:<\/strong> 45 mm<br \/>\n<strong>Diametro del nodo:<\/strong> 19 mm<br \/>\n<strong>Peso:<\/strong> 58 gr<\/p>\n<h4>La cura perfetta di un pennello da barba Simpson (anche se in realt\u00e0 vale per la maggior parte dei pennelli da barba):<\/h4>\n<p><strong>Preparazione del pennello<\/strong><br \/>\nIl<strong> pennello da barba Simpson<\/strong> dovrebbe essere lasciato a bagno in acqua calda alcuni minuti prima della rasatura, per consentire alle setole di ammorbidirsi e trattenere il calore. La temperatura corretta dell&#8217;acqua dovrebbe essere quella che consente di immergere la mano senza scottarla esageratamente.<strong> Il troppo calore potrebbe danneggiare il pelo irreversibilmente.<\/strong><\/p>\n<p><strong>Applicazione del sapone da barba<\/strong><br \/>\n<strong>Simpson sconsiglia<\/strong> l&#8217;applicazione in viso del sapone attraverso movimenti circolatori. Questa operazione rende potenzialmente il pelo strutturalmente pi\u00f9 fragile verso la base dello stesso.<\/p>\n<p><strong>Pulizia finale del tuo Pennello da barba Simpson<\/strong><br \/>\nQuest\u00e0 \u00e8 per tutti i pennelli la fase pi\u00f9 &#8220;critica&#8221;. <strong>E&#8217; necessario assicurarsi che tutti i residui di sapone vengano rimossi dal nodo<\/strong>, risciaquandolo con acqua calda e pulita. Stringere quindi delicatamente la base del nodo per valutare se completamente privo di residui e infine, accarezzare le setole su un panno morbido. Lasciare il pelo ad asciugare totalmente sul supporto (se disponibile) o in un area ventilata (come vicino a una finestra aperta). <strong>Lasciar asciugare completamente il pennello tra un utilizzo e l&#8217;altro per evitare formazioni di muffa che potrebbero danneggiare il pelo.<\/strong> Un corretto ciclo di asciugatura potrebbe richiedere fino a 48 ore, per questa ragione, l&#8217;acquisto di un Secondo pennello da barba Simpson \u00e8 altamente raccomandato.<\/p>\n","protected":false},"excerpt":{"rendered":"<p>Pennello da barba Simpson Emperor 2 Super Badger Questo pennello da barba Simpson si distingue per le seguenti caratteristiche: Altezza complessiva: 102 mm Altezza del manico: 57 mm Altezza del pelo: 45 mm Diametro del nodo: 19 mm Peso: 58 gr La cura perfetta di un pennello da barba Simpson (anche se in realt\u00e0 vale [&hellip;]<\/p>\n","protected":false},"featured_media":63460,"comment_status":"closed","ping_status":"open","template":"","meta":[],"product_brand":[],"product_cat":[142220],"product_tag":[142289],"class_list":{"0":"post-5291732","1":"product","2":"type-product","3":"status-publish","4":"has-post-thumbnail","6":"product_cat-simpsons-3","7":"product_tag-simpsons","9":"first","10":"onbackorder","11":"purchasable","12":"product-type-simple"},"jetpack_sharing_enabled":true,"_links":{"self":[{"href":"https:\/\/gadgettravellers.eu\/it\/wp-json\/wp\/v2\/product\/5291732","targetHints":{"allow":["GET"]}}],"collection":[{"href":"https:\/\/gadgettravellers.eu\/it\/wp-json\/wp\/v2\/product"}],"about":[{"href":"https:\/\/gadgettravellers.eu\/it\/wp-json\/wp\/v2\/types\/product"}],"replies":[{"embeddable":true,"href":"https:\/\/gadgettravellers.eu\/it\/wp-json\/wp\/v2\/comments?post=5291732"}],"wp:featuredmedia":[{"embeddable":true,"href":"https:\/\/gadgettravellers.eu\/it\/wp-json\/wp\/v2\/media\/63460"}],"wp:attachment":[{"href":"https:\/\/gadgettravellers.eu\/it\/wp-json\/wp\/v2\/media?parent=5291732"}],"wp:term":[{"taxonomy":"product_brand","embeddable":true,"href":"https:\/\/gadgettravellers.eu\/it\/wp-json\/wp\/v2\/product_brand?post=5291732"},{"taxonomy":"product_cat","embeddable":true,"href":"https:\/\/gadgettravellers.eu\/it\/wp-json\/wp\/v2\/product_cat?post=5291732"},{"taxonomy":"product_tag","embeddable":true,"href":"https:\/\/gadgettravellers.eu\/it\/wp-json\/wp\/v2\/product_tag?post=5291732"}],"curies":[{"name":"wp","href":"https:\/\/api.w.org\/{rel}","templated":true}]}}