{"id":5291734,"date":"2026-01-16T17:15:39","date_gmt":"2026-01-16T15:15:39","guid":{"rendered":"https:\/\/gadgettravellers.eu\/shop\/panasonic-tagliacapelli-er-dgp62\/"},"modified":"2026-04-05T19:40:15","modified_gmt":"2026-04-05T17:40:15","slug":"panasonic-tagliacapelli-er-dgp62","status":"publish","type":"product","link":"https:\/\/gadgettravellers.eu\/it\/shop\/panasonic-tagliacapelli-er-dgp62\/","title":{"rendered":"Panasonic tagliacapelli ER-DGP62"},"content":{"rendered":"<h2>Panasonic tagliacapelli ER-DGP62<\/h2>\n<p>Panasonic ER-DGP62 tosatrice tagliacapelli professionale<\/p>\n<p>Batterie ricaricabili completamente in 1 ora<br \/>\n<strong>Fino a 50 minuti di utilizzo continuativo senza fili<\/strong><\/p>\n<p>\u30fb Motore lineare<br \/>\n\u30fb Lama rastremata mobile, con rivestimento in DLC<br \/>\n\u30fb Lama fissa rivestita in titanio<br \/>\n\u30fb Disegno ergonomico per una comoda mpugnatura<br \/>\n\u30fb Sei lunghezze di taglio con tre pettini di ricambio<br \/>\n\u30fb Indicatore dello stato di ricarica<br \/>\n\u30fb Comodo supporto di ricarica<br \/>\n\u30fb Impiego con\/senza fili<br \/>\n\u30fb Batteria agli ioni di litio<\/p>\n<p>Panasonic tagliacapelli for Professional<\/p>\n<p><strong>TECNOLOGIA A LAME SOTTILI<\/strong><br \/>\n<strong>Panasonic ER-DGP62<\/strong> , Lame rastremate a X per un taglio completo e omogeneo.<br \/>\nQuesto speciale design delle lame cattura e taglia anche quei capelli che a volte sfuggono per un taglio finalmente omogeneo.<\/p>\n<p>Il nuovo tagliacapelli <strong>Panasonic\u00a0ER-DGP62<\/strong> \u00e8 caratterizzato da lame dalla forma unica che garantiscono performance di taglio eccezionali per soddisfare al meglio anche i professionisti pi\u00f9 esigenti.<\/p>\n<p>Lama con angolo a 45\u00ba<br \/>\nLa lama con angolo a 45\u00b0 \u00e8 ideale per un taglio agevole e preciso.<\/p>\n<p><strong>Panasonic ER-DGP62<\/strong> presenta una lama innovativa, forgiata secondo la tradizione giapponese Ispirandosi all\u2019arte tradizionale giapponese per la forgiatura di spade robuste e resistenti. Panasonic sfrutta tecnologie di ultimissima generazione per sviluppare lame di una qualit\u00e0 senza precedenti.<\/p>\n<p><strong>NUOVO MOTORE LINEARE CON CONTROLLO COSTANTE<\/strong><br \/>\nLa funzione Controllo Costante, con la sua moderna tecnologia a sensori, rileva la densit\u00e0 del capello e controlla automaticamente la velocit\u00e0 dei movimenti della lama per garantire un taglio lineare e sicuro. Il risultato? Un taglio perfetto, anche se la densit\u00e0 del capello \u00e8 molto elevata.<br \/>\n<strong>Grazie alla nuova funzione Controllo Costante, il motore lineare Panasonic garantisce un taglio ancora pi\u00f9 preciso con una semplicit\u00e0 mai vista prima<\/strong>.<\/p>\n<p>Con 10.000 giri al minuto, l\u2019esclusivo motore lineare ad alta velocit\u00e0 Panasonic \u00e8 ancora pi\u00f9 leggero, ma con un taglio sempre lineare e costante.<\/p>\n<p>Stessa elevata potenza fino alla fine<br \/>\nNessuna perdita di potenza anche durante il taglio delle aree pi\u00f9 dense<\/p>\n<p><strong>Panasonic ER-DGP62 DESIGN SNELLO E LEGGERO<br \/>\n<\/strong>Nuovissimo \u00e8 anche il design del tagliacapelli Panasonic ER-DGP62: snello e leggero, presenta una forma maneggevole e un\u2019elevata sensibilit\u00e0, per garantire ai professionisti una nuova dimensione di performance e comodit\u00e0.<\/p>\n<p>______________________________________________________________________<\/p>\n<p><strong>Leggerezza ottimale per le professioniste<\/strong><br \/>\nIl peso minimo ne facilita l&#8217;uso anche da parte delle professioniste del taglio, per sperimentare diverse tecniche secondo la propria sensibilit\u00e0.<\/p>\n<p><strong>Design ergonomico per massima semplicit\u00e0 di utilizzo<\/strong><br \/>\nOltre ad essere snello e leggero, il tagliacapelli \u00e8 comodo da gestire. Il corpo liscio, tondeggiante e maneggevole, ma anche l\u2019impugnatura in gomma per evitare lo scivolamento, sono frutto dei nostri studi per soddisfare al meglio tutte le esigenze dei professionisti.<\/p>\n<p><strong>Quadrante regolabile: per regolare la lunghezza con estrema semplicit\u00e0<\/strong><br \/>\nregolazione della lunghezza di taglio da 0,8 a 2,0cm in livelli di 0,3 mm. Viene eliminata cos\u00ec la necessit\u00e0 di cambiare ogni volta i pettini e permette la regolazione delle lunghezze con una sola mano mentre si lavora.<\/p>\n<p><strong>Nuovo caricabatterie<\/strong><br \/>\nPer ricaricarlo, basta inserire l\u2019unit\u00e0 nel supporto del caricabatterie. Il supporto compatto \u00e8 verticale per non occupare spazio inutilmente.<br \/>\nMentre \u00e8 in carica, la luce rossa dell\u2019indicatore lampeggia.<\/p>\n<p><strong>Batteria agli ioni di litio<\/strong><\/p>\n","protected":false},"excerpt":{"rendered":"<p>Panasonic tagliacapelli ER-DGP62 Panasonic ER-DGP62 tosatrice tagliacapelli professionale Batterie ricaricabili completamente in 1 ora Fino a 50 minuti di utilizzo continuativo senza fili \u30fb Motore lineare \u30fb Lama rastremata mobile, con rivestimento in DLC \u30fb Lama fissa rivestita in titanio \u30fb Disegno ergonomico per una comoda mpugnatura \u30fb Sei lunghezze di taglio con tre pettini [&hellip;]<\/p>\n","protected":false},"featured_media":5283865,"comment_status":"closed","ping_status":"open","template":"","meta":[],"product_brand":[],"product_cat":[142183],"product_tag":[142257],"class_list":{"0":"post-5291734","1":"product","2":"type-product","3":"status-publish","4":"has-post-thumbnail","6":"product_cat-panasonic-3","7":"product_tag-panasonic","9":"first","10":"onbackorder","11":"purchasable","12":"product-type-simple"},"jetpack_sharing_enabled":true,"_links":{"self":[{"href":"https:\/\/gadgettravellers.eu\/it\/wp-json\/wp\/v2\/product\/5291734","targetHints":{"allow":["GET"]}}],"collection":[{"href":"https:\/\/gadgettravellers.eu\/it\/wp-json\/wp\/v2\/product"}],"about":[{"href":"https:\/\/gadgettravellers.eu\/it\/wp-json\/wp\/v2\/types\/product"}],"replies":[{"embeddable":true,"href":"https:\/\/gadgettravellers.eu\/it\/wp-json\/wp\/v2\/comments?post=5291734"}],"wp:featuredmedia":[{"embeddable":true,"href":"https:\/\/gadgettravellers.eu\/it\/wp-json\/wp\/v2\/media\/5283865"}],"wp:attachment":[{"href":"https:\/\/gadgettravellers.eu\/it\/wp-json\/wp\/v2\/media?parent=5291734"}],"wp:term":[{"taxonomy":"product_brand","embeddable":true,"href":"https:\/\/gadgettravellers.eu\/it\/wp-json\/wp\/v2\/product_brand?post=5291734"},{"taxonomy":"product_cat","embeddable":true,"href":"https:\/\/gadgettravellers.eu\/it\/wp-json\/wp\/v2\/product_cat?post=5291734"},{"taxonomy":"product_tag","embeddable":true,"href":"https:\/\/gadgettravellers.eu\/it\/wp-json\/wp\/v2\/product_tag?post=5291734"}],"curies":[{"name":"wp","href":"https:\/\/api.w.org\/{rel}","templated":true}]}}