{"id":5291811,"date":"2026-01-16T17:16:04","date_gmt":"2026-01-16T15:16:04","guid":{"rendered":"https:\/\/gadgettravellers.eu\/shop\/extro-dopobarba-the-end-100ml\/"},"modified":"2026-04-04T19:32:04","modified_gmt":"2026-04-04T17:32:04","slug":"extro-dopobarba-the-end-100ml","status":"publish","type":"product","link":"https:\/\/gadgettravellers.eu\/it\/shop\/extro-dopobarba-the-end-100ml\/","title":{"rendered":"Extro dopobarba The End 100ml"},"content":{"rendered":"<h2>Extro dopobarba The End 100ml<\/h2>\n<p><strong>Il dopobarba The End<\/strong>, nato come produzione limited edition, viene inserito permanentemente nel listino <strong>Extr\u00f2<\/strong>.<br \/>\nla fragranza \u00e8 un tributo a<strong> brut faberge<\/strong> immesso sul mercato nel 1968. <\/p>\n<p><strong>Piramide olfattiva:<\/strong><br \/>\nNote di Testa: Basilico, Bergamotto Di Calabria (Extr\u00f2), Limone, Absinthium Artemisia (Extr\u00f2), Lavanda<br \/>\nNote di Cuore: Geranio, Ylang Ylang<br \/>\nNote di Fondo: Muschio Di Quercia, Patchouly (Camelot Extr\u00f2), Sandalo, Fava Tonca, Vetiver (Extr\u00f2), Vaniglia (Extr\u00f2)<\/p>\n<p>Formato: 100ml<\/p>\n<p>Interamente lavorato a mano<\/p>\n<p>Made in Italy<\/p>\n","protected":false},"excerpt":{"rendered":"<p>Extro dopobarba The End 100ml Il dopobarba The End, nato come produzione limited edition, viene inserito permanentemente nel listino Extr\u00f2. la fragranza \u00e8 un tributo a brut faberge immesso sul mercato nel 1968. Piramide olfattiva: Note di Testa: Basilico, Bergamotto Di Calabria (Extr\u00f2), Limone, Absinthium Artemisia (Extr\u00f2), Lavanda Note di Cuore: Geranio, Ylang Ylang Note [&hellip;]<\/p>\n","protected":false},"featured_media":63779,"comment_status":"closed","ping_status":"open","template":"","meta":[],"product_brand":[],"product_cat":[142194],"product_tag":[1915],"class_list":{"0":"post-5291811","1":"product","2":"type-product","3":"status-publish","4":"has-post-thumbnail","6":"product_cat-extro-cosmesi-3","7":"product_tag-extro-cosmesi","9":"first","10":"onbackorder","11":"purchasable","12":"product-type-simple"},"jetpack_sharing_enabled":true,"_links":{"self":[{"href":"https:\/\/gadgettravellers.eu\/it\/wp-json\/wp\/v2\/product\/5291811","targetHints":{"allow":["GET"]}}],"collection":[{"href":"https:\/\/gadgettravellers.eu\/it\/wp-json\/wp\/v2\/product"}],"about":[{"href":"https:\/\/gadgettravellers.eu\/it\/wp-json\/wp\/v2\/types\/product"}],"replies":[{"embeddable":true,"href":"https:\/\/gadgettravellers.eu\/it\/wp-json\/wp\/v2\/comments?post=5291811"}],"wp:featuredmedia":[{"embeddable":true,"href":"https:\/\/gadgettravellers.eu\/it\/wp-json\/wp\/v2\/media\/63779"}],"wp:attachment":[{"href":"https:\/\/gadgettravellers.eu\/it\/wp-json\/wp\/v2\/media?parent=5291811"}],"wp:term":[{"taxonomy":"product_brand","embeddable":true,"href":"https:\/\/gadgettravellers.eu\/it\/wp-json\/wp\/v2\/product_brand?post=5291811"},{"taxonomy":"product_cat","embeddable":true,"href":"https:\/\/gadgettravellers.eu\/it\/wp-json\/wp\/v2\/product_cat?post=5291811"},{"taxonomy":"product_tag","embeddable":true,"href":"https:\/\/gadgettravellers.eu\/it\/wp-json\/wp\/v2\/product_tag?post=5291811"}],"curies":[{"name":"wp","href":"https:\/\/api.w.org\/{rel}","templated":true}]}}