{"id":5291840,"date":"2026-01-16T17:16:13","date_gmt":"2026-01-16T15:16:13","guid":{"rendered":"https:\/\/gadgettravellers.eu\/shop\/extro-sapone-da-barba-caffe-150ml\/"},"modified":"2026-04-05T19:40:57","modified_gmt":"2026-04-05T17:40:57","slug":"extro-sapone-da-barba-caffe-150ml","status":"publish","type":"product","link":"https:\/\/gadgettravellers.eu\/it\/shop\/extro-sapone-da-barba-caffe-150ml\/","title":{"rendered":"Extro sapone da barba Caffe 150ml"},"content":{"rendered":"<h2>Extro sapone da barba Caffe 150ml<\/h2>\n<p>Il Sapone da barba artigianale <strong>Caff\u00e8&#8217;<\/strong> Extr\u00f2 Cosmesi nata come produzione limited edition, viene inserita permanentemente nel listino <strong>Extr\u00f2<\/strong>.<br \/>\nLa fragranza si apre con un profumo di tostatura, del caldo caff\u00e8 del mattino tipico dei bar Italiani.<br \/>\nSentori di zucchero di canna e lievissimo profumo di vaniglia, rendono unico ed esclusivo questa nuovo Sapone da barba.<\/p>\n<p>La crema da barba artigianale <strong>Caff\u00e8<\/strong> Extr\u00f2 Costmesi contiene: sericina, olio di cocco, burro di karit\u00e8, burro cacao e olio di calendula.<\/p>\n<p>Formato: 150ml<\/p>\n<p>Interamente lavorato a mano<\/p>\n<p>Made in Italy<\/p>\n","protected":false},"excerpt":{"rendered":"<p>Extro sapone da barba Caffe 150ml Il Sapone da barba artigianale Caff\u00e8&#8217; Extr\u00f2 Cosmesi nata come produzione limited edition, viene inserita permanentemente nel listino Extr\u00f2. La fragranza si apre con un profumo di tostatura, del caldo caff\u00e8 del mattino tipico dei bar Italiani. Sentori di zucchero di canna e lievissimo profumo di vaniglia, rendono unico [&hellip;]<\/p>\n","protected":false},"featured_media":5284133,"comment_status":"closed","ping_status":"open","template":"","meta":[],"product_brand":[],"product_cat":[142194],"product_tag":[1915],"class_list":{"0":"post-5291840","1":"product","2":"type-product","3":"status-publish","4":"has-post-thumbnail","6":"product_cat-extro-cosmesi-3","7":"product_tag-extro-cosmesi","9":"first","10":"onbackorder","11":"purchasable","12":"product-type-simple"},"jetpack_sharing_enabled":true,"_links":{"self":[{"href":"https:\/\/gadgettravellers.eu\/it\/wp-json\/wp\/v2\/product\/5291840","targetHints":{"allow":["GET"]}}],"collection":[{"href":"https:\/\/gadgettravellers.eu\/it\/wp-json\/wp\/v2\/product"}],"about":[{"href":"https:\/\/gadgettravellers.eu\/it\/wp-json\/wp\/v2\/types\/product"}],"replies":[{"embeddable":true,"href":"https:\/\/gadgettravellers.eu\/it\/wp-json\/wp\/v2\/comments?post=5291840"}],"wp:featuredmedia":[{"embeddable":true,"href":"https:\/\/gadgettravellers.eu\/it\/wp-json\/wp\/v2\/media\/5284133"}],"wp:attachment":[{"href":"https:\/\/gadgettravellers.eu\/it\/wp-json\/wp\/v2\/media?parent=5291840"}],"wp:term":[{"taxonomy":"product_brand","embeddable":true,"href":"https:\/\/gadgettravellers.eu\/it\/wp-json\/wp\/v2\/product_brand?post=5291840"},{"taxonomy":"product_cat","embeddable":true,"href":"https:\/\/gadgettravellers.eu\/it\/wp-json\/wp\/v2\/product_cat?post=5291840"},{"taxonomy":"product_tag","embeddable":true,"href":"https:\/\/gadgettravellers.eu\/it\/wp-json\/wp\/v2\/product_tag?post=5291840"}],"curies":[{"name":"wp","href":"https:\/\/api.w.org\/{rel}","templated":true}]}}