{"id":5291885,"date":"2026-01-16T17:16:29","date_gmt":"2026-01-16T15:16:29","guid":{"rendered":"https:\/\/gadgettravellers.eu\/shop\/200-lamette-da-barba-feather-new-hi-stainless\/"},"modified":"2026-04-05T19:41:18","modified_gmt":"2026-04-05T17:41:18","slug":"200-lamette-da-barba-feather-new-hi-stainless","status":"publish","type":"product","link":"https:\/\/gadgettravellers.eu\/it\/shop\/200-lamette-da-barba-feather-new-hi-stainless\/","title":{"rendered":"200 lamette da barba Feather New Hi-Stainless"},"content":{"rendered":"<h2>200 lamette da barba Feather New Hi-Stainless<\/h2>\n<p>Le <strong>Feather<\/strong> sono rinomate <strong>lamette da barba<\/strong> ideali per la <strong>rasatura tradizionale<\/strong>. Prodotte in Giappone dalla FEATHER Safety Razor Co., queste lamette sono apprezzate per la loro affilatura eccezionale, un tratto distintivo della tradizione giapponese. Non solo, sono considerate tra le migliori in termini di qualit\u00e0, sebbene non siano note per la loro longevit\u00e0.<\/p>\n<p>Le lamette Feather sono disponibili in due tipi di confezione: gialla e nera. Noi offriamo la versione gialla, nota come &#8220;platinum coated&#8221;, che include <strong>10 lamette da barba<\/strong> singolarmente confezionate. A differenza della versione nera, che contiene solo 5 doppie lame, la confezione gialla offre una maggiore quantit\u00e0 di lamette.<\/p>\n<p>Le lamette Feather sono famose per la loro capacit\u00e0 di taglio: tagliano con facilit\u00e0, senza causare irritazioni. Sono un&#8217;ottima scelta per chi cerca una rasatura tradizionale di alta qualit\u00e0.<br \/>\nProduttore: Feather Safety Razor Co., Giappone<\/p>\n<p>Quantit\u00e0 lamette in ogni pacchetto: <strong>10 lamette imbustate singolarmente in carta cerata.<\/strong> FEATHX10<br \/>\nFormato: 200 lamette da barba.<\/p>\n","protected":false},"excerpt":{"rendered":"<p>200 lamette da barba Feather New Hi-Stainless Le Feather sono rinomate lamette da barba ideali per la rasatura tradizionale. Prodotte in Giappone dalla FEATHER Safety Razor Co., queste lamette sono apprezzate per la loro affilatura eccezionale, un tratto distintivo della tradizione giapponese. Non solo, sono considerate tra le migliori in termini di qualit\u00e0, sebbene non [&hellip;]<\/p>\n","protected":false},"featured_media":64075,"comment_status":"closed","ping_status":"open","template":"","meta":[],"product_brand":[],"product_cat":[],"product_tag":[2107],"class_list":{"0":"post-5291885","1":"product","2":"type-product","3":"status-publish","4":"has-post-thumbnail","6":"product_tag-feather","8":"first","9":"onbackorder","10":"purchasable","11":"product-type-simple"},"jetpack_sharing_enabled":true,"_links":{"self":[{"href":"https:\/\/gadgettravellers.eu\/it\/wp-json\/wp\/v2\/product\/5291885","targetHints":{"allow":["GET"]}}],"collection":[{"href":"https:\/\/gadgettravellers.eu\/it\/wp-json\/wp\/v2\/product"}],"about":[{"href":"https:\/\/gadgettravellers.eu\/it\/wp-json\/wp\/v2\/types\/product"}],"replies":[{"embeddable":true,"href":"https:\/\/gadgettravellers.eu\/it\/wp-json\/wp\/v2\/comments?post=5291885"}],"wp:featuredmedia":[{"embeddable":true,"href":"https:\/\/gadgettravellers.eu\/it\/wp-json\/wp\/v2\/media\/64075"}],"wp:attachment":[{"href":"https:\/\/gadgettravellers.eu\/it\/wp-json\/wp\/v2\/media?parent=5291885"}],"wp:term":[{"taxonomy":"product_brand","embeddable":true,"href":"https:\/\/gadgettravellers.eu\/it\/wp-json\/wp\/v2\/product_brand?post=5291885"},{"taxonomy":"product_cat","embeddable":true,"href":"https:\/\/gadgettravellers.eu\/it\/wp-json\/wp\/v2\/product_cat?post=5291885"},{"taxonomy":"product_tag","embeddable":true,"href":"https:\/\/gadgettravellers.eu\/it\/wp-json\/wp\/v2\/product_tag?post=5291885"}],"curies":[{"name":"wp","href":"https:\/\/api.w.org\/{rel}","templated":true}]}}