{"id":5291887,"date":"2026-01-16T17:16:29","date_gmt":"2026-01-16T15:16:29","guid":{"rendered":"https:\/\/gadgettravellers.eu\/shop\/pearl-shaving-rasoio-di-sicurezza-pearl-flexi-regolabile\/"},"modified":"2026-04-06T19:48:23","modified_gmt":"2026-04-06T17:48:23","slug":"pearl-shaving-rasoio-di-sicurezza-pearl-flexi-regolabile","status":"publish","type":"product","link":"https:\/\/gadgettravellers.eu\/it\/shop\/pearl-shaving-rasoio-di-sicurezza-pearl-flexi-regolabile\/","title":{"rendered":"Pearl Shaving rasoio di sicurezza Pearl Flexi regolabile"},"content":{"rendered":"<h2>Pearl Shaving rasoio di sicurezza Pearl Flexi regolabile<\/h2>\n<p>Il rasoio Pearl Flexi Serie 16 \u00e8 pronto per lasciare il segno come punto di svolta nell&#8217;intero mondo della rasatura tradizionale.<br \/>\nPearl Flexi \u00e8 un innovativo rasoio regolabile realizzato al 100% in ottone e al 100% con lavorazione a macchina CNC.<br \/>\nOgni rasoio \u00e8 fornito con il proprio numero di serie univoco che differir\u00e0 da rasoio a rasoio.<br \/>\nPearl Flexi \u00e8 un rasoio 2 pezzi regolabile adatto sia ai principianti che agli utenti pi\u00f9 esperti.<\/p>\n<p>L&#8217;impostazione di regolazione della rasatura varia da 1 fino a 6, dove il numero 1 \u00e8 dedicato ad una rasatura mite e senza pensieri mentre a livello 6 risulta essere particolarmente aggressivo.<br \/>\nPu\u00f2 essere utilizzato su tutti i tipi di pelle, comprese quelle sensibili.<\/p>\n<p><img fetchpriority=\"high\" decoding=\"async\" class=\"alignnone size-full wp-image-132957\" src=\"https:\/\/www.rasoigoodfellas.com\/wp-content\/uploads\/flexi-pearl-final-scaled.jpg\" alt=\"\" width=\"1500\" height=\"320\" \/><\/p>\n<p>Queste impostazioni regolabili variano da persona a persona sia in base alla crescita e al tipo di barba ma anche dall&#8217;esperienza e dalle proprie preferenze.<\/p>\n<p>Il rasoio Pearl Flexi render\u00e0 la tua routine di rasatura quotidiana un momento di puro piacere!<\/p>\n<p><strong>Caratteristiche Rasoio Regolabile Pearl Flexi:<\/strong><br \/>\nLunghezza totale: 90mm<br \/>\nLunghezza del manico: 83mm<br \/>\nTipo testina: Closed Comb<br \/>\nPeso: 140gr<br \/>\nGap della lama: 0,25mm &#8211; 1mm<\/p>\n<p><strong>Contenuto della confezione:<\/strong><br \/>\n1 Rasoio di sicurezza Flexi<br \/>\n1 Panno di pulizia<br \/>\n1 libretto guida<br \/>\n1 Carta di garanzia<\/p>\n<p>Made in India<\/p>\n","protected":false},"excerpt":{"rendered":"<p>Pearl Shaving rasoio di sicurezza Pearl Flexi regolabile Il rasoio Pearl Flexi Serie 16 \u00e8 pronto per lasciare il segno come punto di svolta nell&#8217;intero mondo della rasatura tradizionale. Pearl Flexi \u00e8 un innovativo rasoio regolabile realizzato al 100% in ottone e al 100% con lavorazione a macchina CNC. Ogni rasoio \u00e8 fornito con il [&hellip;]<\/p>\n","protected":false},"featured_media":5284239,"comment_status":"closed","ping_status":"open","template":"","meta":[],"product_brand":[],"product_cat":[142231],"product_tag":[142299],"class_list":{"0":"post-5291887","1":"product","2":"type-product","3":"status-publish","4":"has-post-thumbnail","6":"product_cat-pearl-shaving-3","7":"product_tag-pearl-shaving","9":"first","10":"onbackorder","11":"purchasable","12":"product-type-simple"},"jetpack_sharing_enabled":true,"_links":{"self":[{"href":"https:\/\/gadgettravellers.eu\/it\/wp-json\/wp\/v2\/product\/5291887","targetHints":{"allow":["GET"]}}],"collection":[{"href":"https:\/\/gadgettravellers.eu\/it\/wp-json\/wp\/v2\/product"}],"about":[{"href":"https:\/\/gadgettravellers.eu\/it\/wp-json\/wp\/v2\/types\/product"}],"replies":[{"embeddable":true,"href":"https:\/\/gadgettravellers.eu\/it\/wp-json\/wp\/v2\/comments?post=5291887"}],"wp:featuredmedia":[{"embeddable":true,"href":"https:\/\/gadgettravellers.eu\/it\/wp-json\/wp\/v2\/media\/5284239"}],"wp:attachment":[{"href":"https:\/\/gadgettravellers.eu\/it\/wp-json\/wp\/v2\/media?parent=5291887"}],"wp:term":[{"taxonomy":"product_brand","embeddable":true,"href":"https:\/\/gadgettravellers.eu\/it\/wp-json\/wp\/v2\/product_brand?post=5291887"},{"taxonomy":"product_cat","embeddable":true,"href":"https:\/\/gadgettravellers.eu\/it\/wp-json\/wp\/v2\/product_cat?post=5291887"},{"taxonomy":"product_tag","embeddable":true,"href":"https:\/\/gadgettravellers.eu\/it\/wp-json\/wp\/v2\/product_tag?post=5291887"}],"curies":[{"name":"wp","href":"https:\/\/api.w.org\/{rel}","templated":true}]}}