{"id":5291892,"date":"2026-01-16T17:16:31","date_gmt":"2026-01-16T15:16:31","guid":{"rendered":"https:\/\/gadgettravellers.eu\/shop\/100-lamette-da-barba-gillette-7-o-clock-green\/"},"modified":"2026-04-05T19:41:21","modified_gmt":"2026-04-05T17:41:21","slug":"100-lamette-da-barba-gillette-7-o-clock-green","status":"publish","type":"product","link":"https:\/\/gadgettravellers.eu\/it\/shop\/100-lamette-da-barba-gillette-7-o-clock-green\/","title":{"rendered":"100 lamette da barba Gillette 7 O clock Green"},"content":{"rendered":"<h2>100 lamette da barba Gillette 7 O clock Green<\/h2>\n<p><strong>Gillette 7 O clock Green<\/strong> \u00e8 un prodotto di alta qualit\u00e0 realizzato da <strong>Procter e Gamble P&#038;G &#8211; Gillette<\/strong>, un marchio di fama mondiale noto per la sua eccellenza nel campo della <strong>rasatura tradizionale<\/strong>. Queste lamette da barba sono apprezzate per la loro precisione e durata, garantendo una rasatura confortevole e senza irritazioni.<\/p>\n<p> Ogni pacchetto contiene <strong>5 lamette<\/strong>, ciascuna confezionata singolarmente in carta cerata per garantire la massima igiene e facilit\u00e0 d&#8217;uso. Questa confezione pratica e sicura permette di avere sempre a disposizione una lama affilata e pronta all&#8217;uso.<\/p>\n<p> Le <strong>Gillette 7 O clock Green<\/strong> sono prodotte in Russia, un ulteriore garanzia di qualit\u00e0 e affidabilit\u00e0. Queste lamette da barba sono ideali per chi cerca un prodotto di alta qualit\u00e0 per la propria <strong>rasatura tradizionale<\/strong>.<\/p>\n<p> Formato: 100 lamette. Questa confezione economica e conveniente \u00e8 perfetta per chi desidera avere sempre a disposizione un prodotto di alta qualit\u00e0 per la propria <strong>rasatura tradizionale<\/strong>.<\/p>\n<p> Prodotto in Russia. Formato: 100 lamette.<\/p>\n","protected":false},"excerpt":{"rendered":"<p>100 lamette da barba Gillette 7 O clock Green Gillette 7 O clock Green \u00e8 un prodotto di alta qualit\u00e0 realizzato da Procter e Gamble P&#038;G &#8211; Gillette, un marchio di fama mondiale noto per la sua eccellenza nel campo della rasatura tradizionale. Queste lamette da barba sono apprezzate per la loro precisione e durata, [&hellip;]<\/p>\n","protected":false},"featured_media":64103,"comment_status":"closed","ping_status":"open","template":"","meta":[],"product_brand":[],"product_cat":[],"product_tag":[2032],"class_list":{"0":"post-5291892","1":"product","2":"type-product","3":"status-publish","4":"has-post-thumbnail","6":"product_tag-7-o-clock","8":"first","9":"onbackorder","10":"purchasable","11":"product-type-simple"},"jetpack_sharing_enabled":true,"_links":{"self":[{"href":"https:\/\/gadgettravellers.eu\/it\/wp-json\/wp\/v2\/product\/5291892","targetHints":{"allow":["GET"]}}],"collection":[{"href":"https:\/\/gadgettravellers.eu\/it\/wp-json\/wp\/v2\/product"}],"about":[{"href":"https:\/\/gadgettravellers.eu\/it\/wp-json\/wp\/v2\/types\/product"}],"replies":[{"embeddable":true,"href":"https:\/\/gadgettravellers.eu\/it\/wp-json\/wp\/v2\/comments?post=5291892"}],"wp:featuredmedia":[{"embeddable":true,"href":"https:\/\/gadgettravellers.eu\/it\/wp-json\/wp\/v2\/media\/64103"}],"wp:attachment":[{"href":"https:\/\/gadgettravellers.eu\/it\/wp-json\/wp\/v2\/media?parent=5291892"}],"wp:term":[{"taxonomy":"product_brand","embeddable":true,"href":"https:\/\/gadgettravellers.eu\/it\/wp-json\/wp\/v2\/product_brand?post=5291892"},{"taxonomy":"product_cat","embeddable":true,"href":"https:\/\/gadgettravellers.eu\/it\/wp-json\/wp\/v2\/product_cat?post=5291892"},{"taxonomy":"product_tag","embeddable":true,"href":"https:\/\/gadgettravellers.eu\/it\/wp-json\/wp\/v2\/product_tag?post=5291892"}],"curies":[{"name":"wp","href":"https:\/\/api.w.org\/{rel}","templated":true}]}}