{"id":5291901,"date":"2026-01-16T17:16:34","date_gmt":"2026-01-16T15:16:34","guid":{"rendered":"https:\/\/gadgettravellers.eu\/shop\/1stone-pietra-affilatura-green-shadow-10000-12000\/"},"modified":"2026-04-04T19:32:44","modified_gmt":"2026-04-04T17:32:44","slug":"1stone-pietra-affilatura-green-shadow-10000-12000","status":"publish","type":"product","link":"https:\/\/gadgettravellers.eu\/it\/shop\/1stone-pietra-affilatura-green-shadow-10000-12000\/","title":{"rendered":"1Stone pietra affilatura Green Shadow 10000-12000"},"content":{"rendered":"<h2>1Stone pietra affilatura Green Shadow 10000-12000<\/h2>\n<p>Green Shadow: di produzione francese la <strong>pietra da affiliatura\/finitura<\/strong> green shadow \u00e8 una pietra naturale di ardesia verde con grit stimato 10000\/12000. Questa pietra risulta essere piuttosto &#8220;veloce&#8221; e permettere di ottenere una lucidatura a specchio molto rapidamente. La pietra \u00e8 correlata dal suo bout che, strofinato sulla pietra principale, permette di ottenere una fanghiglia che render\u00e0 la pietra pi\u00f9 abrasiva.<\/p>\n<p><strong>Grana: <\/strong>10\/12000<strong><br \/>\nIdeale per<\/strong>: Affilatura e finitura<br \/>\n<strong>Non idonea: <\/strong>&#8211;<strong><br \/>\nDimensioni<\/strong>: 150x60mm<\/p>\n<p><strong>E&#8217; consigliato di terminare l&#8217;affilatura sotto il filo dell&#8217;acqua corrente.<\/strong><\/p>\n","protected":false},"excerpt":{"rendered":"<p>1Stone pietra affilatura Green Shadow 10000-12000 Green Shadow: di produzione francese la pietra da affiliatura\/finitura green shadow \u00e8 una pietra naturale di ardesia verde con grit stimato 10000\/12000. Questa pietra risulta essere piuttosto &#8220;veloce&#8221; e permettere di ottenere una lucidatura a specchio molto rapidamente. La pietra \u00e8 correlata dal suo bout che, strofinato sulla pietra [&hellip;]<\/p>\n","protected":false},"featured_media":5284273,"comment_status":"closed","ping_status":"open","template":"","meta":[],"product_brand":[],"product_cat":[142214],"product_tag":[142284],"class_list":{"0":"post-5291901","1":"product","2":"type-product","3":"status-publish","4":"has-post-thumbnail","6":"product_cat-1stone-3","7":"product_tag-1stone","9":"first","10":"onbackorder","11":"purchasable","12":"product-type-simple"},"jetpack_sharing_enabled":true,"_links":{"self":[{"href":"https:\/\/gadgettravellers.eu\/it\/wp-json\/wp\/v2\/product\/5291901","targetHints":{"allow":["GET"]}}],"collection":[{"href":"https:\/\/gadgettravellers.eu\/it\/wp-json\/wp\/v2\/product"}],"about":[{"href":"https:\/\/gadgettravellers.eu\/it\/wp-json\/wp\/v2\/types\/product"}],"replies":[{"embeddable":true,"href":"https:\/\/gadgettravellers.eu\/it\/wp-json\/wp\/v2\/comments?post=5291901"}],"wp:featuredmedia":[{"embeddable":true,"href":"https:\/\/gadgettravellers.eu\/it\/wp-json\/wp\/v2\/media\/5284273"}],"wp:attachment":[{"href":"https:\/\/gadgettravellers.eu\/it\/wp-json\/wp\/v2\/media?parent=5291901"}],"wp:term":[{"taxonomy":"product_brand","embeddable":true,"href":"https:\/\/gadgettravellers.eu\/it\/wp-json\/wp\/v2\/product_brand?post=5291901"},{"taxonomy":"product_cat","embeddable":true,"href":"https:\/\/gadgettravellers.eu\/it\/wp-json\/wp\/v2\/product_cat?post=5291901"},{"taxonomy":"product_tag","embeddable":true,"href":"https:\/\/gadgettravellers.eu\/it\/wp-json\/wp\/v2\/product_tag?post=5291901"}],"curies":[{"name":"wp","href":"https:\/\/api.w.org\/{rel}","templated":true}]}}