{"id":5291909,"date":"2026-01-16T17:16:37","date_gmt":"2026-01-16T15:16:37","guid":{"rendered":"https:\/\/gadgettravellers.eu\/shop\/parker-ciotola-barba-in-legno-di-mango-laccata\/"},"modified":"2026-04-05T19:41:28","modified_gmt":"2026-04-05T17:41:28","slug":"parker-ciotola-barba-in-legno-di-mango-laccata","status":"publish","type":"product","link":"https:\/\/gadgettravellers.eu\/it\/shop\/parker-ciotola-barba-in-legno-di-mango-laccata\/","title":{"rendered":"Parker ciotola barba in legno di mango laccata"},"content":{"rendered":"<h2>Parker Ciotola da barba in legno di mango laccata<\/h2>\n<p>La <strong>Parker Ciotola da barba in legno di mango laccata<\/strong> \u00e8 un prodotto di alta qualit\u00e0, lavorato a mano e rifinito con un tappo di chiusura. Questo accessorio di classe, prodotto da <strong>Parker<\/strong>, \u00e8 l&#8217;ideale per conservare i tuoi saponi da barba, in particolare quelli solidi, mantenendoli sempre freschi e pronti per la tua rasatura tradizionale.<\/p>\n<p><strong>DIMENSIONI<\/strong><br \/>\nLa ciotola presenta le seguenti misure:<\/p>\n<ul>\n<li>Diametro: <strong>10cm<\/strong><\/li>\n<li>Diametro del foro: <strong>8,5cm<\/strong><\/li>\n<li>Altezza: <strong>3,8 cm<\/strong><\/li>\n<li>Altezza con tappo chiuso:<strong> 5cm<\/strong><\/li>\n<\/ul>\n<p>La Ciotola da barba in legno di mango laccata &#8211; Parker \u00e8 un prodotto di eccellenza, realizzato con cura e attenzione per i dettagli. La sua eleganza e la sua praticit\u00e0 la rendono un accessorio indispensabile per chi ama la rasatura tradizionale. <br \/>\n<strong>Prodotto in India da Parker razors. Formato: 150gr.<\/strong><\/p>\n","protected":false},"excerpt":{"rendered":"<p>Parker Ciotola da barba in legno di mango laccata La Parker Ciotola da barba in legno di mango laccata \u00e8 un prodotto di alta qualit\u00e0, lavorato a mano e rifinito con un tappo di chiusura. Questo accessorio di classe, prodotto da Parker, \u00e8 l&#8217;ideale per conservare i tuoi saponi da barba, in particolare quelli solidi, [&hellip;]<\/p>\n","protected":false},"featured_media":64170,"comment_status":"closed","ping_status":"open","template":"","meta":[],"product_brand":[],"product_cat":[],"product_tag":[2020],"class_list":{"0":"post-5291909","1":"product","2":"type-product","3":"status-publish","4":"has-post-thumbnail","6":"product_tag-parker","8":"first","9":"onbackorder","10":"purchasable","11":"product-type-simple"},"jetpack_sharing_enabled":true,"_links":{"self":[{"href":"https:\/\/gadgettravellers.eu\/it\/wp-json\/wp\/v2\/product\/5291909","targetHints":{"allow":["GET"]}}],"collection":[{"href":"https:\/\/gadgettravellers.eu\/it\/wp-json\/wp\/v2\/product"}],"about":[{"href":"https:\/\/gadgettravellers.eu\/it\/wp-json\/wp\/v2\/types\/product"}],"replies":[{"embeddable":true,"href":"https:\/\/gadgettravellers.eu\/it\/wp-json\/wp\/v2\/comments?post=5291909"}],"wp:featuredmedia":[{"embeddable":true,"href":"https:\/\/gadgettravellers.eu\/it\/wp-json\/wp\/v2\/media\/64170"}],"wp:attachment":[{"href":"https:\/\/gadgettravellers.eu\/it\/wp-json\/wp\/v2\/media?parent=5291909"}],"wp:term":[{"taxonomy":"product_brand","embeddable":true,"href":"https:\/\/gadgettravellers.eu\/it\/wp-json\/wp\/v2\/product_brand?post=5291909"},{"taxonomy":"product_cat","embeddable":true,"href":"https:\/\/gadgettravellers.eu\/it\/wp-json\/wp\/v2\/product_cat?post=5291909"},{"taxonomy":"product_tag","embeddable":true,"href":"https:\/\/gadgettravellers.eu\/it\/wp-json\/wp\/v2\/product_tag?post=5291909"}],"curies":[{"name":"wp","href":"https:\/\/api.w.org\/{rel}","templated":true}]}}