{"id":5291912,"date":"2026-01-16T17:16:38","date_gmt":"2026-01-16T15:16:38","guid":{"rendered":"https:\/\/gadgettravellers.eu\/shop\/fine-dopobarba-italian-citrus-100ml\/"},"modified":"2026-04-04T19:32:50","modified_gmt":"2026-04-04T17:32:50","slug":"fine-dopobarba-italian-citrus-100ml","status":"publish","type":"product","link":"https:\/\/gadgettravellers.eu\/it\/shop\/fine-dopobarba-italian-citrus-100ml\/","title":{"rendered":"Fine dopobarba Italian Citrus 100ml"},"content":{"rendered":"<h2>Fine Accoutrements dopobarba Italian Citrus 100ml<\/h2>\n<p>Il dopobarba <strong>Mr. Fine<\/strong> \u00e8 un prodotto che ha conquistato gli appassionati di <strong>rasatura tradizionale<\/strong> in tutto il mondo. Questo successo \u00e8 dovuto alla sua capacit\u00e0 di rappresentare un <strong>ritorno all&#8217;eleganza del passato<\/strong>, arricchito da un tocco di innovazione che lo rende sempre attuale. Le sue fragranze Ultra-Premium sono infuse in una base leggera e senza tempo, garantendo un <strong>post rasatura eccezionale<\/strong>.<\/p>\n<p>Le fragranze Ultra-Premium di Mr.Fine sono state <strong>create ispirandosi alle pi\u00f9 amate fragranze maschili di tutti i tempi<\/strong>, tra cui Rive Gauche Pour Homme di Yves Saint Laurent, Vetiver di Guerlain (1961), Terre d&#8217;Hermes (2006) e molte altre. La formula ultra-luxe a quattro ingredienti \u00e8 priva di coloranti artificiali, emulsionanti, petrolio, siliconi, ftalati o parabeni. Questo prodotto \u00e8 orgogliosamente fabbricato negli Stati Uniti. Provalo e scopri perch\u00e9 <strong>Nothing Beats a Fine Shave<\/strong>.<\/p>\n<p><strong>Descrizione profumo ITALIAN CITRUS:<\/strong> Questa fragranza \u00e8 ispirata alla storica colonia Acqua di Parma del 1916. Un&#8217;armoniosa combinazione di agrumi si fonde con note floreali per creare un profumo senza tempo.<\/p>\n<p><strong>Ingredients:<\/strong> Alcohol Denat., Water (Aqua), Fragrance (Parfum), Isopropyl Alcohol, Menthol, Alpha-Isomethyl Ionone, Amyl Cinnamal, Benzyl Salicylate, Citral, Coumarin, Eugenol, Farnesol, Geraniol, Hexyl Cinnamal, Hydroxycitronellal, Limonene, Linalool.<\/p>\n<p>Prodotto negli Stati Uniti. Formato: 100ml.<\/p>\n","protected":false},"excerpt":{"rendered":"<p>Fine Accoutrements dopobarba Italian Citrus 100ml Il dopobarba Mr. Fine \u00e8 un prodotto che ha conquistato gli appassionati di rasatura tradizionale in tutto il mondo. Questo successo \u00e8 dovuto alla sua capacit\u00e0 di rappresentare un ritorno all&#8217;eleganza del passato, arricchito da un tocco di innovazione che lo rende sempre attuale. Le sue fragranze Ultra-Premium sono [&hellip;]<\/p>\n","protected":false},"featured_media":64183,"comment_status":"closed","ping_status":"open","template":"","meta":[],"product_brand":[],"product_cat":[142190],"product_tag":[142262],"class_list":{"0":"post-5291912","1":"product","2":"type-product","3":"status-publish","4":"has-post-thumbnail","6":"product_cat-fine-accoutrements-3","7":"product_tag-fine-accoutrements","9":"first","10":"onbackorder","11":"purchasable","12":"product-type-simple"},"jetpack_sharing_enabled":true,"_links":{"self":[{"href":"https:\/\/gadgettravellers.eu\/it\/wp-json\/wp\/v2\/product\/5291912","targetHints":{"allow":["GET"]}}],"collection":[{"href":"https:\/\/gadgettravellers.eu\/it\/wp-json\/wp\/v2\/product"}],"about":[{"href":"https:\/\/gadgettravellers.eu\/it\/wp-json\/wp\/v2\/types\/product"}],"replies":[{"embeddable":true,"href":"https:\/\/gadgettravellers.eu\/it\/wp-json\/wp\/v2\/comments?post=5291912"}],"wp:featuredmedia":[{"embeddable":true,"href":"https:\/\/gadgettravellers.eu\/it\/wp-json\/wp\/v2\/media\/64183"}],"wp:attachment":[{"href":"https:\/\/gadgettravellers.eu\/it\/wp-json\/wp\/v2\/media?parent=5291912"}],"wp:term":[{"taxonomy":"product_brand","embeddable":true,"href":"https:\/\/gadgettravellers.eu\/it\/wp-json\/wp\/v2\/product_brand?post=5291912"},{"taxonomy":"product_cat","embeddable":true,"href":"https:\/\/gadgettravellers.eu\/it\/wp-json\/wp\/v2\/product_cat?post=5291912"},{"taxonomy":"product_tag","embeddable":true,"href":"https:\/\/gadgettravellers.eu\/it\/wp-json\/wp\/v2\/product_tag?post=5291912"}],"curies":[{"name":"wp","href":"https:\/\/api.w.org\/{rel}","templated":true}]}}