{"id":5291926,"date":"2026-01-16T17:16:42","date_gmt":"2026-01-16T15:16:42","guid":{"rendered":"https:\/\/gadgettravellers.eu\/shop\/1stone-pietra-affilatura-la-lune-12000-15000\/"},"modified":"2026-04-05T19:41:34","modified_gmt":"2026-04-05T17:41:34","slug":"1stone-pietra-affilatura-la-lune-12000-15000","status":"publish","type":"product","link":"https:\/\/gadgettravellers.eu\/it\/shop\/1stone-pietra-affilatura-la-lune-12000-15000\/","title":{"rendered":"1Stone pietra affilatura La Lune 12000-15000"},"content":{"rendered":"<h2>1Stone pietra affilatura La Lune 12000-15000<\/h2>\n<p>Per poter far rinascere la pietra &#8220;<strong>La Lune<\/strong>&#8220;, il produttore si \u00e8 attenuto a rigorosi protocolli al fine di mantenere integro il patrimonio qualitativo di questa pietra, conservando altres\u00ec alcune caratteristiche fondamentali come il nome, marchi atipici lasciati dalla lavorazione delle seghe da taglio sulla pietra ed il certificato di garanzia che accompagna ogni pietra prodotta.<\/p>\n<p>La pietra naturale &#8220;La Lune&#8221; pu\u00f2 presentare due differenti tonalit\u00e0 di colore, passando dal rosso al viola, senza che questo comprometta la capacit\u00e0 abrasiva della pietra medesima.<\/p>\n<p>la nuova edizione della pietra &#8220;La lune&#8221; <a href=\"https:\/\/www.rasoigoodfellas.com\/prodotto\/boker-olio-premium-honing-118-ml\/\" target=\"_blank\" rel=\"noopener\">pu\u00f2 essere utilizzata sia ad olio<\/a> che ad acqua senza alcun problema. La grana stimata si aggira tra 12000 e 15000 grit e permette di ottenere una finitura eccellente e rapida.<\/p>\n<p>Per ottenere il miglior risultato da questa pietra, si consiglia di terminare la finitura su &#8220;La Lune&#8221; dopo il passaggio sulla pietra <a href=\"https:\/\/www.rasoigoodfellas.com\/prodotto\/pietra-affilatura-green-shadow-10000-12000-1stone\/\" target=\"_blank\" rel=\"noopener\">Green Shadow<\/a>.<\/p>\n<p><strong>Pietra venduta corredata di relativo Bout<br \/>\n<\/strong><strong>LA LUNE:<\/strong> con questa pietra di estrazione francese si \u00e8 voluto ridare splendore ad un prodotto storico risalente al 1903 a marchio F.G.B.C. Ferdinand(o) Ghelfi, Birolleau &#038; Cie.<\/p>\n<p><strong>Grana: <\/strong>12\/15000<strong><br \/>\nIdeale per<\/strong>: finitura<br \/>\n<strong>Non idonea: <\/strong>affilatura<strong><br \/>\nDimensioni<\/strong>: 150x60mm<\/p>\n<p><strong>N.B: L&#8217;adesivo presente su questa pietra \u00e8 resistente all&#8217;acqua quindi si consiglia di NON rimuoverlo e utilizzare per la finitura il lato senza adesivo<\/strong><\/p>\n","protected":false},"excerpt":{"rendered":"<p>1Stone pietra affilatura La Lune 12000-15000 Per poter far rinascere la pietra &#8220;La Lune&#8220;, il produttore si \u00e8 attenuto a rigorosi protocolli al fine di mantenere integro il patrimonio qualitativo di questa pietra, conservando altres\u00ec alcune caratteristiche fondamentali come il nome, marchi atipici lasciati dalla lavorazione delle seghe da taglio sulla pietra ed il certificato [&hellip;]<\/p>\n","protected":false},"featured_media":64243,"comment_status":"closed","ping_status":"open","template":"","meta":[],"product_brand":[],"product_cat":[142214],"product_tag":[142284],"class_list":{"0":"post-5291926","1":"product","2":"type-product","3":"status-publish","4":"has-post-thumbnail","6":"product_cat-1stone-3","7":"product_tag-1stone","9":"first","10":"onbackorder","11":"purchasable","12":"product-type-simple"},"jetpack_sharing_enabled":true,"_links":{"self":[{"href":"https:\/\/gadgettravellers.eu\/it\/wp-json\/wp\/v2\/product\/5291926","targetHints":{"allow":["GET"]}}],"collection":[{"href":"https:\/\/gadgettravellers.eu\/it\/wp-json\/wp\/v2\/product"}],"about":[{"href":"https:\/\/gadgettravellers.eu\/it\/wp-json\/wp\/v2\/types\/product"}],"replies":[{"embeddable":true,"href":"https:\/\/gadgettravellers.eu\/it\/wp-json\/wp\/v2\/comments?post=5291926"}],"wp:featuredmedia":[{"embeddable":true,"href":"https:\/\/gadgettravellers.eu\/it\/wp-json\/wp\/v2\/media\/64243"}],"wp:attachment":[{"href":"https:\/\/gadgettravellers.eu\/it\/wp-json\/wp\/v2\/media?parent=5291926"}],"wp:term":[{"taxonomy":"product_brand","embeddable":true,"href":"https:\/\/gadgettravellers.eu\/it\/wp-json\/wp\/v2\/product_brand?post=5291926"},{"taxonomy":"product_cat","embeddable":true,"href":"https:\/\/gadgettravellers.eu\/it\/wp-json\/wp\/v2\/product_cat?post=5291926"},{"taxonomy":"product_tag","embeddable":true,"href":"https:\/\/gadgettravellers.eu\/it\/wp-json\/wp\/v2\/product_tag?post=5291926"}],"curies":[{"name":"wp","href":"https:\/\/api.w.org\/{rel}","templated":true}]}}