{"id":5291927,"date":"2026-01-16T17:16:42","date_gmt":"2026-01-16T15:16:42","guid":{"rendered":"https:\/\/gadgettravellers.eu\/shop\/the-goodfellas-smile-rasoio-di-sicurezza-legione-slant\/"},"modified":"2026-04-05T19:41:35","modified_gmt":"2026-04-05T17:41:35","slug":"the-goodfellas-smile-rasoio-di-sicurezza-legione-slant","status":"publish","type":"product","link":"https:\/\/gadgettravellers.eu\/it\/shop\/the-goodfellas-smile-rasoio-di-sicurezza-legione-slant\/","title":{"rendered":"The Goodfellas&#8217; smile rasoio di sicurezza Legione slant"},"content":{"rendered":"<h2>The Goodfellas\u2019 smile rasoio di sicurezza Legione slant<\/h2>\n<p>Il progetto The Goodfellas\u2019 smile per lo sviluppo della testina del rasoio di sicurezza Slant \u00e8 durato quasi un anno ma il risultato \u00e8 a conti fatti eccellente. Una testina slant che pu\u00f2 essere utilizzata ogni 1-2 giorni, estremamente delicata, tanto da non sentirla sulla pelle ma al contempo efficace e scorrevole.<br \/>\nLa testina \u00e8 costituita in Zamak pressofusa satinata di alta qualit\u00e0.<\/p>\n<p>Il Manico, in acciaio inox aisi 303 con trattamento al cromo duro, rende il prodotto antigraffio, antiruggine e potenzialmente eterno. Inoltre, il design estremamente ricercato fanno di questo rasoio di sicurezza un vero e proprio must have.<\/p>\n<p><strong>Specifiche Tecniche<\/strong><br \/>\nLunghezza del manico: 90 mm<br \/>\nPeso: 67gr<br \/>\nDiametro: 1,1cm Parte Stretta \u2013 1,3cm parte larga<\/p>\n<p><strong>Tutti i rasoi The Goodfellas&#8217; smile seguono le direttive di produzione Europee e vengono sempre utilizzati materiali di qualit\u00e0 in fase di produzione.<\/strong><\/p>\n<p>Il rasoio di sicurezza di tipo slant o rasoio obliquo \u00e8 una variante particolare del tradizionale rasoio di sicurezza. La sua caratteristica distintiva \u00e8 la lama, che anzich\u00e9 essere posizionata in modo parallelo al manico, viene fissata in una posizione inclinata o storta. Questa inclinazione agisce un po&#8217; come la lama di una ghigliottina, tagliando i peli in modo angolato piuttosto che perpendicolare.<\/p>\n<p><strong>Il Rasoio Slant:<\/strong><\/p>\n<p>1) Efficienza: il rasoio slant \u00e8 particolarmente efficace nella rasatura, specialmente per barbe particolarmente dure. La sua azione di taglio inclinato permettere una rasatura migliore e con meno passate.<br \/>\n2) Minore irritazione: grazie al modo in cui taglia i peli, il rasoio slant pu\u00f2 causare meno irritazioni alla pelle.<br \/>\n3) Tecnica: a differenza del rasoio di sicurezza a doppia lama tradizionale (a guardia chiusa) l&#8217;uso del rasoio slant pu\u00f2 richiedere una pi\u00f9 lunga curva di apprendimento per sfruttarlo al meglio.<br \/>\nPer questo motivo, nonostante i suoi vantaggi, il rasoio slant potrebbe non essere adatto a tutti, specialmente per chi ha la pelle particolarmente sensibile o per chi \u00e8 nuovo nella rasatura tradizionale.<\/p>\n","protected":false},"excerpt":{"rendered":"<p>The Goodfellas\u2019 smile rasoio di sicurezza Legione slant Il progetto The Goodfellas\u2019 smile per lo sviluppo della testina del rasoio di sicurezza Slant \u00e8 durato quasi un anno ma il risultato \u00e8 a conti fatti eccellente. Una testina slant che pu\u00f2 essere utilizzata ogni 1-2 giorni, estremamente delicata, tanto da non sentirla sulla pelle ma [&hellip;]<\/p>\n","protected":false},"featured_media":64247,"comment_status":"closed","ping_status":"open","template":"","meta":[],"product_brand":[],"product_cat":[142199],"product_tag":[142270],"class_list":{"0":"post-5291927","1":"product","2":"type-product","3":"status-publish","4":"has-post-thumbnail","6":"product_cat-the-goodfellas-smile-3","7":"product_tag-the-goodfellas-smile","9":"first","10":"onbackorder","11":"purchasable","12":"product-type-simple"},"jetpack_sharing_enabled":true,"_links":{"self":[{"href":"https:\/\/gadgettravellers.eu\/it\/wp-json\/wp\/v2\/product\/5291927","targetHints":{"allow":["GET"]}}],"collection":[{"href":"https:\/\/gadgettravellers.eu\/it\/wp-json\/wp\/v2\/product"}],"about":[{"href":"https:\/\/gadgettravellers.eu\/it\/wp-json\/wp\/v2\/types\/product"}],"replies":[{"embeddable":true,"href":"https:\/\/gadgettravellers.eu\/it\/wp-json\/wp\/v2\/comments?post=5291927"}],"wp:featuredmedia":[{"embeddable":true,"href":"https:\/\/gadgettravellers.eu\/it\/wp-json\/wp\/v2\/media\/64247"}],"wp:attachment":[{"href":"https:\/\/gadgettravellers.eu\/it\/wp-json\/wp\/v2\/media?parent=5291927"}],"wp:term":[{"taxonomy":"product_brand","embeddable":true,"href":"https:\/\/gadgettravellers.eu\/it\/wp-json\/wp\/v2\/product_brand?post=5291927"},{"taxonomy":"product_cat","embeddable":true,"href":"https:\/\/gadgettravellers.eu\/it\/wp-json\/wp\/v2\/product_cat?post=5291927"},{"taxonomy":"product_tag","embeddable":true,"href":"https:\/\/gadgettravellers.eu\/it\/wp-json\/wp\/v2\/product_tag?post=5291927"}],"curies":[{"name":"wp","href":"https:\/\/api.w.org\/{rel}","templated":true}]}}