{"id":5291934,"date":"2026-01-16T17:16:44","date_gmt":"2026-01-16T15:16:44","guid":{"rendered":"https:\/\/gadgettravellers.eu\/shop\/the-goodfellas-smile-sapone-da-barba-amber-fougere-formula-aj1-100ml\/"},"modified":"2026-04-05T19:41:38","modified_gmt":"2026-04-05T17:41:38","slug":"the-goodfellas-smile-sapone-da-barba-amber-fougere-formula-aj1-100ml","status":"publish","type":"product","link":"https:\/\/gadgettravellers.eu\/it\/shop\/the-goodfellas-smile-sapone-da-barba-amber-fougere-formula-aj1-100ml\/","title":{"rendered":"The Goodfellas&#8217; smile sapone da barba Amber Fougere formula AJ1 100ml"},"content":{"rendered":"<h2>The Goodfellas&#8217; smile sapone da barba Amber Fougere formula AJ1 100ml<\/h2>\n<p>Fragranza persistente e avvolgente, Amber Fougere ha la singolare capacit\u00e0 di essere ricca di sfaccettature e di contrasti olfattivi. Una fragranza semplice ma allo stesso tempo estremamente complessa ispirata all&#8217;uomo moderno.<\/p>\n<p><strong>Piramide olfattiva:<\/strong><br \/>\nNote di testa: Arancia, Eucalipto, Basilico, Aldeidica<br \/>\nNote di cuore: Lavanda, Orchidea, Eliotropio, Biancospino, Geranio, Rosa, Speziata<br \/>\nNote di fondo: Musk, Vaniglia, Fieno, Fava Tonka, Legnosa, Ambrata, Patchouly<\/p>\n<p>Lo studio e la selezione delle materie prime cosmetiche da utilizzare sono da sempre il punto focale del team The Goodfellas&#8217; smile.<br \/>\nE lavorare costantemente per migliorare, rendendo i propri prodotti qualitativamente in linea con le aspettative dei clienti (sempre pi\u00f9 attenti alla qualit\u00e0 e alle materie utilizzate nei prodotti che decidono di acquistare) \u00e8 imperativo.<\/p>\n<p>Il nuovo sapone da barba Amber Fougere di <strong>The Goodfellas&#8217; smile<\/strong> \u00e8 prodotto tramite saponificazione a caldo con un <strong>innovativo<\/strong> ed <strong>esclusivo<\/strong> sistema di miscelazione delle materie prime. Il risultato \u00e8 una crema da rasatura estremamente performante ed equilibrata.<\/p>\n<p>Il sapone da barba Amber Fougere \u00e8 sviluppato con la <strong>formula<\/strong> vegetale<strong> AJ-1<\/strong>, basata su 4 Oli puri certificati che rappresentano pi\u00f9 del <strong>35%<\/strong> del totale della formula.<\/p>\n<p>&#8211; <strong>Olio di Argan<\/strong><br \/>\n&#8211; <strong>Olio di Jojoba<\/strong><br \/>\n&#8211; <strong>Olio puro di Mandorla dolce<\/strong> (nota bene: allo stato puro, questo olio non ha allergeni)<br \/>\n&#8211; <strong>Olio puro di Cocco<\/strong><\/p>\n<p>La formula <strong>AJ-1<\/strong> grazie alla massiccia presenza attiva di oli benefici, garantisce alla pelle idratazione, protezione, elasticit\u00e0 e scorrevolezza.<\/p>\n<p><strong>Ingredients<\/strong>:  Aqua (Water), Stearic Acid, Cocos Nucifera Oil, Prunus Amydgalus Dulcis (Sweet Almond) Oil, Potassium Hydroxide, Parfum (Fragrance), Argania Spinosa (Argan) Kernel Oil, Simmondsia Chinensis (Jojoba) Oil, Sodium Hydroxide, Limonene, Linalool.<\/p>\n<p><strong>I AM GREEN &#8211; VASETTO PRODOTTO IN BIO PLASTICA<\/strong><\/p>\n<p><strong>Amber Fougere<\/strong> utilizza l&#8217;innovativo vaso in Bio Plastica BRASKEM derivato da fonte vegetale rinnovabile &#8211; <strong>Canna da zucchero <\/strong>. Questa scelta votata all&#8217;ambiente consentir\u00e0 a The Goodfellas&#8217; smile di alleggerire l&#8217;ambiente da ben  1,25 Tonnellate di plastica ogni anno.<br \/>\nOgni\u00a0 vasetto in biopolimeri \u00e8 riconoscibile per l&#8217;etichetta I Am Green posta sul fianco o sul retro del vasetto stesso.<\/p>\n<p><strong>Salva freschezza:<\/strong><br \/>\nI Sapone da barba The Goodfellas&#8217; smile sono sigillati internamente da una speciale carta salva freschezza che garantir\u00e0 al consumatore un prodotto inalterato fino alla sua apertura.<\/p>\n<p><strong>Utilizzo sapone da barba:<\/strong><br \/>\nMontaggio in ciotola con pennello da barba: Bagnare il pennello con acqua e far defluire l&#8217;acqua in eccesso. Roteare il pennello sul sapone da barba premendo delicatamente per 25\/30 secondi, quindi continuare il montaggio dentro la ciotola da barba, aggiungendo poca acqua man mano che il sapone da barba la richiede. Completare la fase di montaggio applicando la crema sul viso massaggiandolo attraverso movimenti rotatori atti a smuovere e sollevare il pelo. Aggiungere ulteriore acqua al pennello se necessario. Montaggio in viso: Bagnare il pennello con acqua e far defluire l&#8217;acqua in eccesso. Roteare il pennello sul sapone da barba premendo delicatamente per 25\/30 secondi, quindi continuare il montaggio in viso aggiungendo acqua man mano che il sapone da barba la richiede attraverso movimenti rotatori circolari atti a smuovere, sollevare e ammorbidire il pelo. Aggiungere ulteriore acqua al pennello se necessario.<\/p>\n<p>Formato: 100ml<\/p>\n<p>Made in Italy<\/p>\n","protected":false},"excerpt":{"rendered":"<p>The Goodfellas&#8217; smile sapone da barba Amber Fougere formula AJ1 100ml Fragranza persistente e avvolgente, Amber Fougere ha la singolare capacit\u00e0 di essere ricca di sfaccettature e di contrasti olfattivi. Una fragranza semplice ma allo stesso tempo estremamente complessa ispirata all&#8217;uomo moderno. Piramide olfattiva: Note di testa: Arancia, Eucalipto, Basilico, Aldeidica Note di cuore: Lavanda, [&hellip;]<\/p>\n","protected":false},"featured_media":64275,"comment_status":"closed","ping_status":"open","template":"","meta":[],"product_brand":[],"product_cat":[142199],"product_tag":[142270],"class_list":{"0":"post-5291934","1":"product","2":"type-product","3":"status-publish","4":"has-post-thumbnail","6":"product_cat-the-goodfellas-smile-3","7":"product_tag-the-goodfellas-smile","9":"first","10":"onbackorder","11":"purchasable","12":"product-type-simple"},"jetpack_sharing_enabled":true,"_links":{"self":[{"href":"https:\/\/gadgettravellers.eu\/it\/wp-json\/wp\/v2\/product\/5291934","targetHints":{"allow":["GET"]}}],"collection":[{"href":"https:\/\/gadgettravellers.eu\/it\/wp-json\/wp\/v2\/product"}],"about":[{"href":"https:\/\/gadgettravellers.eu\/it\/wp-json\/wp\/v2\/types\/product"}],"replies":[{"embeddable":true,"href":"https:\/\/gadgettravellers.eu\/it\/wp-json\/wp\/v2\/comments?post=5291934"}],"wp:featuredmedia":[{"embeddable":true,"href":"https:\/\/gadgettravellers.eu\/it\/wp-json\/wp\/v2\/media\/64275"}],"wp:attachment":[{"href":"https:\/\/gadgettravellers.eu\/it\/wp-json\/wp\/v2\/media?parent=5291934"}],"wp:term":[{"taxonomy":"product_brand","embeddable":true,"href":"https:\/\/gadgettravellers.eu\/it\/wp-json\/wp\/v2\/product_brand?post=5291934"},{"taxonomy":"product_cat","embeddable":true,"href":"https:\/\/gadgettravellers.eu\/it\/wp-json\/wp\/v2\/product_cat?post=5291934"},{"taxonomy":"product_tag","embeddable":true,"href":"https:\/\/gadgettravellers.eu\/it\/wp-json\/wp\/v2\/product_tag?post=5291934"}],"curies":[{"name":"wp","href":"https:\/\/api.w.org\/{rel}","templated":true}]}}