{"id":5291938,"date":"2026-01-16T17:16:46","date_gmt":"2026-01-16T15:16:46","guid":{"rendered":"https:\/\/gadgettravellers.eu\/shop\/simpson-pennello-da-barba-sintetico-m6-sovereign-grade\/"},"modified":"2026-04-04T19:33:02","modified_gmt":"2026-04-04T17:33:02","slug":"simpson-pennello-da-barba-sintetico-m6-sovereign-grade","status":"publish","type":"product","link":"https:\/\/gadgettravellers.eu\/it\/shop\/simpson-pennello-da-barba-sintetico-m6-sovereign-grade\/","title":{"rendered":"Simpson pennello da barba sintetico M6 Sovereign Grade"},"content":{"rendered":"<h2>Simpson pennello da barba sintetico M6 Sovereign Grade<\/h2>\n<p>Il pennello da barba sintetico M6 Sovereign Grade \u00e8 uno dei pennelli originali di Alexander Simpson, risalente al 1919, quando l&#8217;azienda fu fondata nell&#8217;East End di Londra. La M indica Macauley Road, l&#8217;indirizzo della strada dove aveva sede l&#8217;azienda all&#8217;epoca. Per questo motivo, il design del manico \u00e8 sinonimo nella comunit\u00e0 degli appassionati di rasatura. <\/p>\n<p>Questo splendido pennello da barba sintetico M6, il fratello minore e, a detta di alcuni, pi\u00f9 carino del fratello maggiore M7, \u00e8 lavorato con una classica asta in finto avorio e riempito con l&#8217;esclusiva fibra sintetica Simpson di qualit\u00e0 Sovereign.<\/p>\n<p><strong>Specifiche Tecniche del pennello da barba sintetico Simpsons M6:<\/strong><\/p>\n<p>Altezza complessiva del pennello: 95mm<br \/>\nAltezza manico: 51mm<br \/>\nAltezza del nodo: 44mm<br \/>\nDiametro del nodo: 21mm<\/p>\n","protected":false},"excerpt":{"rendered":"<p>Simpson pennello da barba sintetico M6 Sovereign Grade Il pennello da barba sintetico M6 Sovereign Grade \u00e8 uno dei pennelli originali di Alexander Simpson, risalente al 1919, quando l&#8217;azienda fu fondata nell&#8217;East End di Londra. La M indica Macauley Road, l&#8217;indirizzo della strada dove aveva sede l&#8217;azienda all&#8217;epoca. Per questo motivo, il design del manico [&hellip;]<\/p>\n","protected":false},"featured_media":5284362,"comment_status":"closed","ping_status":"open","template":"","meta":[],"product_brand":[],"product_cat":[142220],"product_tag":[142289],"class_list":{"0":"post-5291938","1":"product","2":"type-product","3":"status-publish","4":"has-post-thumbnail","6":"product_cat-simpsons-3","7":"product_tag-simpsons","9":"first","10":"onbackorder","11":"purchasable","12":"product-type-simple"},"jetpack_sharing_enabled":true,"_links":{"self":[{"href":"https:\/\/gadgettravellers.eu\/it\/wp-json\/wp\/v2\/product\/5291938","targetHints":{"allow":["GET"]}}],"collection":[{"href":"https:\/\/gadgettravellers.eu\/it\/wp-json\/wp\/v2\/product"}],"about":[{"href":"https:\/\/gadgettravellers.eu\/it\/wp-json\/wp\/v2\/types\/product"}],"replies":[{"embeddable":true,"href":"https:\/\/gadgettravellers.eu\/it\/wp-json\/wp\/v2\/comments?post=5291938"}],"wp:featuredmedia":[{"embeddable":true,"href":"https:\/\/gadgettravellers.eu\/it\/wp-json\/wp\/v2\/media\/5284362"}],"wp:attachment":[{"href":"https:\/\/gadgettravellers.eu\/it\/wp-json\/wp\/v2\/media?parent=5291938"}],"wp:term":[{"taxonomy":"product_brand","embeddable":true,"href":"https:\/\/gadgettravellers.eu\/it\/wp-json\/wp\/v2\/product_brand?post=5291938"},{"taxonomy":"product_cat","embeddable":true,"href":"https:\/\/gadgettravellers.eu\/it\/wp-json\/wp\/v2\/product_cat?post=5291938"},{"taxonomy":"product_tag","embeddable":true,"href":"https:\/\/gadgettravellers.eu\/it\/wp-json\/wp\/v2\/product_tag?post=5291938"}],"curies":[{"name":"wp","href":"https:\/\/api.w.org\/{rel}","templated":true}]}}