{"id":5291983,"date":"2026-01-16T17:17:01","date_gmt":"2026-01-16T15:17:01","guid":{"rendered":"https:\/\/gadgettravellers.eu\/shop\/the-shave-factory-carta-collo-barbiere-500-strappi\/"},"modified":"2026-04-05T19:41:56","modified_gmt":"2026-04-05T17:41:56","slug":"the-shave-factory-carta-collo-barbiere-500-strappi","status":"publish","type":"product","link":"https:\/\/gadgettravellers.eu\/it\/shop\/the-shave-factory-carta-collo-barbiere-500-strappi\/","title":{"rendered":"The Shave Factory carta collo barbiere 500 strappi"},"content":{"rendered":"<h2>The Shave Factory carta collo barbiere 500 strappi<\/h2>\n<p><strong>Ideale per tutti i tipi di servizi professionali;<\/strong> Taglio capelli , viso e applicazioni make up.<\/p>\n<p>La <strong>carta collo<\/strong> Shaving Factory \u00e8 studiata per garantire la massima tenuta e adesivit\u00e0. Il rotolo \u00e8 composto da <strong>5 bobine da 100 strappi dall&#8217;apertura SMART<\/strong>. Il packaging plastico \u00e8 pretagliato all&#8217;altezza di ognuna delle 5 Bobine in questo modo sar\u00e0 pi\u00f9 semplice avere tutto in ordine nel vostro salone da barbiere.<\/p>\n<p><strong>COME USARE LA CARTA COLLO<\/strong><\/p>\n<p>Piazzare la striscia di <strong>carta collo<\/strong> attorno al collo o attorno la linea del capello. Tirare, allungando la striscia di <strong>carta collo<\/strong> fino a lunghezza desiderata quindi, schiacciare le 2 parti adesive per circa 5 secondi fino a completa saldatura.<\/p>\n<p>Made in Turkey<\/p>\n","protected":false},"excerpt":{"rendered":"<p>The Shave Factory carta collo barbiere 500 strappi Ideale per tutti i tipi di servizi professionali; Taglio capelli , viso e applicazioni make up. La carta collo Shaving Factory \u00e8 studiata per garantire la massima tenuta e adesivit\u00e0. Il rotolo \u00e8 composto da 5 bobine da 100 strappi dall&#8217;apertura SMART. Il packaging plastico \u00e8 pretagliato [&hellip;]<\/p>\n","protected":false},"featured_media":64475,"comment_status":"closed","ping_status":"open","template":"","meta":[],"product_brand":[],"product_cat":[142196],"product_tag":[142267],"class_list":{"0":"post-5291983","1":"product","2":"type-product","3":"status-publish","4":"has-post-thumbnail","6":"product_cat-the-shave-factory-3","7":"product_tag-the-shave-factory","9":"first","10":"onbackorder","11":"purchasable","12":"product-type-simple"},"jetpack_sharing_enabled":true,"_links":{"self":[{"href":"https:\/\/gadgettravellers.eu\/it\/wp-json\/wp\/v2\/product\/5291983","targetHints":{"allow":["GET"]}}],"collection":[{"href":"https:\/\/gadgettravellers.eu\/it\/wp-json\/wp\/v2\/product"}],"about":[{"href":"https:\/\/gadgettravellers.eu\/it\/wp-json\/wp\/v2\/types\/product"}],"replies":[{"embeddable":true,"href":"https:\/\/gadgettravellers.eu\/it\/wp-json\/wp\/v2\/comments?post=5291983"}],"wp:featuredmedia":[{"embeddable":true,"href":"https:\/\/gadgettravellers.eu\/it\/wp-json\/wp\/v2\/media\/64475"}],"wp:attachment":[{"href":"https:\/\/gadgettravellers.eu\/it\/wp-json\/wp\/v2\/media?parent=5291983"}],"wp:term":[{"taxonomy":"product_brand","embeddable":true,"href":"https:\/\/gadgettravellers.eu\/it\/wp-json\/wp\/v2\/product_brand?post=5291983"},{"taxonomy":"product_cat","embeddable":true,"href":"https:\/\/gadgettravellers.eu\/it\/wp-json\/wp\/v2\/product_cat?post=5291983"},{"taxonomy":"product_tag","embeddable":true,"href":"https:\/\/gadgettravellers.eu\/it\/wp-json\/wp\/v2\/product_tag?post=5291983"}],"curies":[{"name":"wp","href":"https:\/\/api.w.org\/{rel}","templated":true}]}}