{"id":5291985,"date":"2026-01-16T17:17:02","date_gmt":"2026-01-16T15:17:02","guid":{"rendered":"https:\/\/gadgettravellers.eu\/shop\/osma-allume-di-rocca-cristallo-puro-75gr\/"},"modified":"2026-04-05T19:41:57","modified_gmt":"2026-04-05T17:41:57","slug":"osma-allume-di-rocca-cristallo-puro-75gr","status":"publish","type":"product","link":"https:\/\/gadgettravellers.eu\/it\/shop\/osma-allume-di-rocca-cristallo-puro-75gr\/","title":{"rendered":"Osma allume di rocca cristallo puro 75gr"},"content":{"rendered":"<h2>Osma allume di rocca cristallo puro 75gr<\/h2>\n<p>Questo prodotto si presenta come un piccolo mattoncino di dimensioni 5,8cm x 3,7cm. L&#8217;allume di potassio, noto anche come allume di rocca, \u00e8 apprezzato per le sue propriet\u00e0 antibatteriche, astringenti ed emostatiche. Questa pietra \u00e8 l&#8217;ideale per disinfettare e cauterizzare la pelle del viso dopo la <strong>rasatura tradizionale<\/strong>. <\/p>\n<p><strong>Osma Bloc d&#8217;alun 75gr.<\/strong> Questo prodotto \u00e8 altamente efficace anche come deodorante per le ascelle, in quanto totalmente inodore. Pu\u00f2 essere utilizzato, ad esempio, inumidito subito dopo la doccia.<\/p>\n<p><strong>Allume di potassio al 100%<\/strong> Il prodotto \u00e8 composto interamente da allume di potassio, garantendo cos\u00ec la massima efficacia.<\/p>\n<p><strong>Consigli per l&#8217;utilizzo:<\/strong><\/p>\n<ul>\n<li>Inumidire il viso con acqua fredda dopo la rasatura.<\/li>\n<li>Inumidire il Bloc d&#8217;alum Osma.<\/li>\n<li>Premere delicatamente il Bloc d&#8217;alum Osma su tutti i punti in cui si \u00e8 effettuata la rasatura o dove la pelle \u00e8 maggiormente irritata.<\/li>\n<li>Lasciare agire il prodotto per qualche minuto, quindi risciacquare il viso.<\/li>\n<\/ul>\n<p>Prodotto in Francia. Formato: 75gr.<\/p>\n","protected":false},"excerpt":{"rendered":"<p>Osma allume di rocca cristallo puro 75gr Questo prodotto si presenta come un piccolo mattoncino di dimensioni 5,8cm x 3,7cm. L&#8217;allume di potassio, noto anche come allume di rocca, \u00e8 apprezzato per le sue propriet\u00e0 antibatteriche, astringenti ed emostatiche. Questa pietra \u00e8 l&#8217;ideale per disinfettare e cauterizzare la pelle del viso dopo la rasatura tradizionale. [&hellip;]<\/p>\n","protected":false},"featured_media":64483,"comment_status":"closed","ping_status":"open","template":"","meta":[],"product_brand":[],"product_cat":[142233],"product_tag":[142301],"class_list":{"0":"post-5291985","1":"product","2":"type-product","3":"status-publish","4":"has-post-thumbnail","6":"product_cat-osma-tradition-3","7":"product_tag-osma-tradition","9":"first","10":"onbackorder","11":"purchasable","12":"product-type-simple"},"jetpack_sharing_enabled":true,"_links":{"self":[{"href":"https:\/\/gadgettravellers.eu\/it\/wp-json\/wp\/v2\/product\/5291985","targetHints":{"allow":["GET"]}}],"collection":[{"href":"https:\/\/gadgettravellers.eu\/it\/wp-json\/wp\/v2\/product"}],"about":[{"href":"https:\/\/gadgettravellers.eu\/it\/wp-json\/wp\/v2\/types\/product"}],"replies":[{"embeddable":true,"href":"https:\/\/gadgettravellers.eu\/it\/wp-json\/wp\/v2\/comments?post=5291985"}],"wp:featuredmedia":[{"embeddable":true,"href":"https:\/\/gadgettravellers.eu\/it\/wp-json\/wp\/v2\/media\/64483"}],"wp:attachment":[{"href":"https:\/\/gadgettravellers.eu\/it\/wp-json\/wp\/v2\/media?parent=5291985"}],"wp:term":[{"taxonomy":"product_brand","embeddable":true,"href":"https:\/\/gadgettravellers.eu\/it\/wp-json\/wp\/v2\/product_brand?post=5291985"},{"taxonomy":"product_cat","embeddable":true,"href":"https:\/\/gadgettravellers.eu\/it\/wp-json\/wp\/v2\/product_cat?post=5291985"},{"taxonomy":"product_tag","embeddable":true,"href":"https:\/\/gadgettravellers.eu\/it\/wp-json\/wp\/v2\/product_tag?post=5291985"}],"curies":[{"name":"wp","href":"https:\/\/api.w.org\/{rel}","templated":true}]}}