{"id":5291998,"date":"2026-01-16T17:17:06","date_gmt":"2026-01-16T15:17:06","guid":{"rendered":"https:\/\/gadgettravellers.eu\/shop\/fine-dopobarba-platinum-100ml\/"},"modified":"2026-04-05T19:42:03","modified_gmt":"2026-04-05T17:42:03","slug":"fine-dopobarba-platinum-100ml","status":"publish","type":"product","link":"https:\/\/gadgettravellers.eu\/it\/shop\/fine-dopobarba-platinum-100ml\/","title":{"rendered":"Fine dopobarba Platinum 100ml"},"content":{"rendered":"<h2>Fine Accoutrements dopobarba Platinum 100ml<\/h2>\n<p>Il dopobarba <strong>Mr. Fine<\/strong> \u00e8 un prodotto di alta qualit\u00e0, molto apprezzato dagli appassionati di <strong>rasatura tradizionale<\/strong> in tutto il mondo. Questo perch\u00e9 rappresenta un <strong>elegante ritorno al passato, arricchito da un tocco di innovazione<\/strong> che lo rende sempre attuale. Le sue fragranze Ultra-Premium, infuse in una base leggera e senza tempo, assicurano un <strong>post rasatura eccezionale<\/strong>.<\/p>\n<p>Le fragranze Ultra-Premium di Mr. Fine sono state <strong>ispirate dai profumi maschili pi\u00f9 amati di tutti i tempi<\/strong>, tra cui Rive Gauche Pour Homme di Yves Saint Laurent, Guerlain Vetiver (1961), Terre d&#8217;Hermes (2006) e molti altri. La sua formula ultra-lusso a quattro ingredienti non contiene coloranti artificiali, emulsionanti, petrolio, siliconi, ftalati o parabeni, ed \u00e8 orgogliosamente prodotta negli Stati Uniti. Prova il dopobarba Mr. Fine e scopri perch\u00e9 <strong>Nothing Beats a Fine Shave<\/strong>.<\/p>\n<p><strong>Descrizione profumo PLATINUM:<\/strong> Il profumo Platinum esprime sicurezza, come quella che si pu\u00f2 provare indossando un abito perfettamente su misura. Ispirato da Creed Aventus (2010), l&#8217;accordo combina note speziate di ananas su una base di muschio di quercia affumicato, creando una fragranza vivace e sofisticata.<\/p>\n<p><strong>Ingredients<\/strong>: Alcohol Denat., Water (Aqua), Fragrance (Parfum), Isopropyl Alcohol, Menthol, Benzyl Salicylate, Linalool, Limonene, Hydroxycitronellal, Citronellol, Geraniol, Eugenol, Citral.<\/p>\n<p>Prodotto negli Stati Uniti. Formato: 100ml.<\/p>\n","protected":false},"excerpt":{"rendered":"<p>Fine Accoutrements dopobarba Platinum 100ml Il dopobarba Mr. Fine \u00e8 un prodotto di alta qualit\u00e0, molto apprezzato dagli appassionati di rasatura tradizionale in tutto il mondo. Questo perch\u00e9 rappresenta un elegante ritorno al passato, arricchito da un tocco di innovazione che lo rende sempre attuale. Le sue fragranze Ultra-Premium, infuse in una base leggera e [&hellip;]<\/p>\n","protected":false},"featured_media":64535,"comment_status":"closed","ping_status":"open","template":"","meta":[],"product_brand":[],"product_cat":[142190],"product_tag":[142262],"class_list":{"0":"post-5291998","1":"product","2":"type-product","3":"status-publish","4":"has-post-thumbnail","6":"product_cat-fine-accoutrements-3","7":"product_tag-fine-accoutrements","9":"first","10":"onbackorder","11":"purchasable","12":"product-type-simple"},"jetpack_sharing_enabled":true,"_links":{"self":[{"href":"https:\/\/gadgettravellers.eu\/it\/wp-json\/wp\/v2\/product\/5291998","targetHints":{"allow":["GET"]}}],"collection":[{"href":"https:\/\/gadgettravellers.eu\/it\/wp-json\/wp\/v2\/product"}],"about":[{"href":"https:\/\/gadgettravellers.eu\/it\/wp-json\/wp\/v2\/types\/product"}],"replies":[{"embeddable":true,"href":"https:\/\/gadgettravellers.eu\/it\/wp-json\/wp\/v2\/comments?post=5291998"}],"wp:featuredmedia":[{"embeddable":true,"href":"https:\/\/gadgettravellers.eu\/it\/wp-json\/wp\/v2\/media\/64535"}],"wp:attachment":[{"href":"https:\/\/gadgettravellers.eu\/it\/wp-json\/wp\/v2\/media?parent=5291998"}],"wp:term":[{"taxonomy":"product_brand","embeddable":true,"href":"https:\/\/gadgettravellers.eu\/it\/wp-json\/wp\/v2\/product_brand?post=5291998"},{"taxonomy":"product_cat","embeddable":true,"href":"https:\/\/gadgettravellers.eu\/it\/wp-json\/wp\/v2\/product_cat?post=5291998"},{"taxonomy":"product_tag","embeddable":true,"href":"https:\/\/gadgettravellers.eu\/it\/wp-json\/wp\/v2\/product_tag?post=5291998"}],"curies":[{"name":"wp","href":"https:\/\/api.w.org\/{rel}","templated":true}]}}