{"id":5291999,"date":"2026-01-16T17:17:06","date_gmt":"2026-01-16T15:17:06","guid":{"rendered":"https:\/\/gadgettravellers.eu\/shop\/parker-pettine-da-viaggio-in-corno\/"},"modified":"2026-04-05T19:42:03","modified_gmt":"2026-04-05T17:42:03","slug":"parker-pettine-da-viaggio-in-corno","status":"publish","type":"product","link":"https:\/\/gadgettravellers.eu\/it\/shop\/parker-pettine-da-viaggio-in-corno\/","title":{"rendered":"Parker pettine da viaggio in corno"},"content":{"rendered":"<h2>Parker pettine da viaggio in corno<\/h2>\n<p>Il <strong>pettine da viaggio Parker<\/strong> \u00e8 un accessorio indispensabile per chi ama prendersi cura dei propri capelli anche in movimento. Questo pettine \u00e8 stato <strong>intagliato a mano<\/strong> e realizzato utilizzando <strong>corno di bue<\/strong>, un materiale naturale e di alta qualit\u00e0. Il suo design elegante e raffinato lo rende un oggetto di stile, perfetto per essere portato in tasca o in viaggio grazie alla sua <strong>custodia in pelle su misura<\/strong>.<\/p>\n<p>Uno dei punti di forza di questo pettine \u00e8 il materiale con cui \u00e8 realizzato: il corno di bue. Questo materiale \u00e8 noto per essere <strong>naturalmente antistatico<\/strong>, caratteristica che permette di pettinare i capelli senza creare elettricit\u00e0 statica. Inoltre, la sua <strong>pigmentazione naturale<\/strong> rende ogni pettine unico nel suo genere: alcuni possono essere pi\u00f9 chiari, altri pi\u00f9 scuri, ma tutti condividono la stessa qualit\u00e0 e resistenza.<\/p>\n<p><strong>Dimensioni<\/strong>: Il pettine da viaggio Parker ha una lunghezza di circa 15,24cm, dimensioni ideali per essere portato sempre con s\u00e9 senza ingombro.<\/p>\n<p>Il pettine da viaggio Parker \u00e8 un prodotto di alta qualit\u00e0, realizzato con passione e attenzione ai dettagli. Un accessorio indispensabile per la cura dei propri capelli, ideale per la rasatura tradizionale. Prodotto nel paese di origine con la massima cura e attenzione al dettaglio. <br \/> Formato: 15,24cm.<\/p>\n","protected":false},"excerpt":{"rendered":"<p>Parker pettine da viaggio in corno Il pettine da viaggio Parker \u00e8 un accessorio indispensabile per chi ama prendersi cura dei propri capelli anche in movimento. Questo pettine \u00e8 stato intagliato a mano e realizzato utilizzando corno di bue, un materiale naturale e di alta qualit\u00e0. Il suo design elegante e raffinato lo rende un [&hellip;]<\/p>\n","protected":false},"featured_media":5284530,"comment_status":"closed","ping_status":"open","template":"","meta":[],"product_brand":[],"product_cat":[],"product_tag":[2020],"class_list":{"0":"post-5291999","1":"product","2":"type-product","3":"status-publish","4":"has-post-thumbnail","6":"product_tag-parker","8":"first","9":"onbackorder","10":"purchasable","11":"product-type-simple"},"jetpack_sharing_enabled":true,"_links":{"self":[{"href":"https:\/\/gadgettravellers.eu\/it\/wp-json\/wp\/v2\/product\/5291999","targetHints":{"allow":["GET"]}}],"collection":[{"href":"https:\/\/gadgettravellers.eu\/it\/wp-json\/wp\/v2\/product"}],"about":[{"href":"https:\/\/gadgettravellers.eu\/it\/wp-json\/wp\/v2\/types\/product"}],"replies":[{"embeddable":true,"href":"https:\/\/gadgettravellers.eu\/it\/wp-json\/wp\/v2\/comments?post=5291999"}],"wp:featuredmedia":[{"embeddable":true,"href":"https:\/\/gadgettravellers.eu\/it\/wp-json\/wp\/v2\/media\/5284530"}],"wp:attachment":[{"href":"https:\/\/gadgettravellers.eu\/it\/wp-json\/wp\/v2\/media?parent=5291999"}],"wp:term":[{"taxonomy":"product_brand","embeddable":true,"href":"https:\/\/gadgettravellers.eu\/it\/wp-json\/wp\/v2\/product_brand?post=5291999"},{"taxonomy":"product_cat","embeddable":true,"href":"https:\/\/gadgettravellers.eu\/it\/wp-json\/wp\/v2\/product_cat?post=5291999"},{"taxonomy":"product_tag","embeddable":true,"href":"https:\/\/gadgettravellers.eu\/it\/wp-json\/wp\/v2\/product_tag?post=5291999"}],"curies":[{"name":"wp","href":"https:\/\/api.w.org\/{rel}","templated":true}]}}