{"id":5292014,"date":"2026-01-16T17:17:11","date_gmt":"2026-01-16T15:17:11","guid":{"rendered":"https:\/\/gadgettravellers.eu\/shop\/parker-rasoio-di-sicurezza-variant-regolabile-versione-cromata\/"},"modified":"2026-04-03T20:09:18","modified_gmt":"2026-04-03T18:09:18","slug":"parker-rasoio-di-sicurezza-variant-regolabile-versione-cromata","status":"publish","type":"product","link":"https:\/\/gadgettravellers.eu\/it\/shop\/parker-rasoio-di-sicurezza-variant-regolabile-versione-cromata\/","title":{"rendered":"Parker rasoio di sicurezza variant regolabile versione cromata"},"content":{"rendered":"<h2>Parker rasoio di sicurezza variant regolabile versione cromata<\/h2>\n<p>Parker Variant \u00e8 il rasoio di sicurezza regolabile prodotto in 2 diverse finiture da Parker Safety Razor LTD.<br \/>\nDi altissima qualit\u00e0 costruttiva, questo rasoio sar\u00e0 vostro compagno per moltissime rasature negli anni a venire. Perfetto sia per wetshaver esperti che per i principianti della rasatura grazie al meccanismo rotante posto alla base del rasoio che permette di variare l&#8217;esposizione della lametta da barba (e quindi l&#8217;agressivit\u00e0) in base alle proprie esigenze di rasatura; da 1 fino a 5.<\/p>\n<p>Peso e dimensioni:<br \/>\n<strong>Peso<\/strong>: 110gr<br \/>\n<strong>lunghezza<\/strong>: 102mm<\/p>\n<p><strong>Colore<\/strong>: Cromato<\/p>\n<p><strong>Design<\/strong>: Rasoio a 2 pezzi assicura un preciso allineamento delle lamette da barba<br \/>\n<strong>Manico<\/strong>: Ottone cromato (anodizzato nero per la versione nera)<\/p>\n<p><strong>Ma ora entriamo nello specifico di questo Parker Variant e cerchiamo di rispondere un po&#8217; meglio alle tante domande che ci vengono poste su questo rasoio!<\/strong><\/p>\n<p><strong>Parker Variant<\/strong> \u00e8 sicuramente assimilabile come prodotto al Merkur Progress e dal prezzo molto simile. Entrambi hanno un design 2 pezzi, entrambi curvano parecchio la lama ed entrambi hanno la rondella regolabile alla base del manico.<strong> Ma il Parker Variant azzera quei &#8220;difetti&#8221; che appartengono al Progress e aggiunge quel tocco in pi\u00f9 al suo prodotto rendendolo (a nostro avviso), decisamente superiore.<\/strong><\/p>\n<p>Anzitutto, <strong>Parker Variant \u00e8 ben pi\u00f9 pesante<\/strong> e lungo rispetto a Merkur Progress (110 grammi contro 88 grammi \/ 102mm contro 80mm)<strong> ma il peso \u00e8 ben distribuito lungo tutto il rasoio<\/strong> azzerandone la fatica di utilizzo grazie al bilanciamento pressoch\u00e8 perfetto. Il range di aggressivit\u00e0 del Variant \u00e8 ampio ed ad altezza minima questo rasoio risulta essere quel tanto che basta pi\u00f9 agressivo (e quindi funzionale) del Merkur Progress che al contrario \u00e8 decisamente ed eccessivamente delicato e gentile quando settato al minimo.<\/p>\n<p><strong>In conclusione<\/strong>,<br \/>\nChi Oggi utilizza Merkur Progress per radersi, certamente non far\u00e0 fatica a passare a Parker Variant, ci si abitua rapidamente alle dimensioni di questo rasoio scoprendo rapidamente le innate qualit\u00e0 di cui \u00e8 dotato. Se invece si \u00e8 utilizzatori di rasoi di sicurezza non regolabili, servir\u00e0 fare un minimo di esperienza prima di trovare i settaggi pi\u00f9 adatti. Nulla di cos\u00ec complicato.<\/p>\n","protected":false},"excerpt":{"rendered":"<p>Parker rasoio di sicurezza variant regolabile versione cromata Parker Variant \u00e8 il rasoio di sicurezza regolabile prodotto in 2 diverse finiture da Parker Safety Razor LTD. Di altissima qualit\u00e0 costruttiva, questo rasoio sar\u00e0 vostro compagno per moltissime rasature negli anni a venire. Perfetto sia per wetshaver esperti che per i principianti della rasatura grazie al [&hellip;]<\/p>\n","protected":false},"featured_media":64599,"comment_status":"closed","ping_status":"open","template":"","meta":[],"product_brand":[],"product_cat":[],"product_tag":[2020],"class_list":{"0":"post-5292014","1":"product","2":"type-product","3":"status-publish","4":"has-post-thumbnail","6":"product_tag-parker","8":"first","9":"onbackorder","10":"purchasable","11":"product-type-simple"},"jetpack_sharing_enabled":true,"_links":{"self":[{"href":"https:\/\/gadgettravellers.eu\/it\/wp-json\/wp\/v2\/product\/5292014","targetHints":{"allow":["GET"]}}],"collection":[{"href":"https:\/\/gadgettravellers.eu\/it\/wp-json\/wp\/v2\/product"}],"about":[{"href":"https:\/\/gadgettravellers.eu\/it\/wp-json\/wp\/v2\/types\/product"}],"replies":[{"embeddable":true,"href":"https:\/\/gadgettravellers.eu\/it\/wp-json\/wp\/v2\/comments?post=5292014"}],"wp:featuredmedia":[{"embeddable":true,"href":"https:\/\/gadgettravellers.eu\/it\/wp-json\/wp\/v2\/media\/64599"}],"wp:attachment":[{"href":"https:\/\/gadgettravellers.eu\/it\/wp-json\/wp\/v2\/media?parent=5292014"}],"wp:term":[{"taxonomy":"product_brand","embeddable":true,"href":"https:\/\/gadgettravellers.eu\/it\/wp-json\/wp\/v2\/product_brand?post=5292014"},{"taxonomy":"product_cat","embeddable":true,"href":"https:\/\/gadgettravellers.eu\/it\/wp-json\/wp\/v2\/product_cat?post=5292014"},{"taxonomy":"product_tag","embeddable":true,"href":"https:\/\/gadgettravellers.eu\/it\/wp-json\/wp\/v2\/product_tag?post=5292014"}],"curies":[{"name":"wp","href":"https:\/\/api.w.org\/{rel}","templated":true}]}}