{"id":5292015,"date":"2026-01-16T17:17:11","date_gmt":"2026-01-16T15:17:11","guid":{"rendered":"https:\/\/gadgettravellers.eu\/shop\/200-lamette-da-barba-personna-platinum-new\/"},"modified":"2026-04-05T19:42:10","modified_gmt":"2026-04-05T17:42:10","slug":"200-lamette-da-barba-personna-platinum-new","status":"publish","type":"product","link":"https:\/\/gadgettravellers.eu\/it\/shop\/200-lamette-da-barba-personna-platinum-new\/","title":{"rendered":"200 lamette da barba Personna Platinum New"},"content":{"rendered":"<h2>200 lamette da barba Personna Platinum New<\/h2>\n<p>Le lamette da barba Personna Platinum New sono un prodotto di alta qualit\u00e0, rinomato per la sua durata e affilatura. Queste lamette sono la scelta perfetta per chi cerca una rasatura tradizionale efficace e senza irritazioni.<\/p>\n<p>Queste lamette offrono un ottimo rapporto qualit\u00e0-prezzo, soprattutto considerando la quantit\u00e0 di lamette da barba contenute in ogni pacchetto. Sono imbustate singolarmente in carta cerata, garantendo cos\u00ec la loro integrit\u00e0 e durata nel tempo.<br \/>\nLe lamette da barba Personna Platinum New sono prodotte da Personna USA, un&#8217;azienda leader nel settore della rasatura tradizionale. Le lamette sono <strong>made in Germany<\/strong>, un ulteriore garanzia di qualit\u00e0 e precisione.<br \/>\nOgni pacchetto contiene 10 lamette, per un totale di 20 pacchetti. Questo significa che con un solo acquisto avrai a disposizione 200 lamette, sufficienti per garantirti una rasatura tradizionale perfetta per molto tempo.<\/p>\n<p>Formato: 200 lamette da barba. Paese di produzione: Germania.<\/p>\n","protected":false},"excerpt":{"rendered":"<p>200 lamette da barba Personna Platinum New Le lamette da barba Personna Platinum New sono un prodotto di alta qualit\u00e0, rinomato per la sua durata e affilatura. Queste lamette sono la scelta perfetta per chi cerca una rasatura tradizionale efficace e senza irritazioni. Queste lamette offrono un ottimo rapporto qualit\u00e0-prezzo, soprattutto considerando la quantit\u00e0 di [&hellip;]<\/p>\n","protected":false},"featured_media":64603,"comment_status":"closed","ping_status":"open","template":"","meta":[],"product_brand":[],"product_cat":[],"product_tag":[2101],"class_list":{"0":"post-5292015","1":"product","2":"type-product","3":"status-publish","4":"has-post-thumbnail","6":"product_tag-personna","8":"first","9":"onbackorder","10":"purchasable","11":"product-type-simple"},"jetpack_sharing_enabled":true,"_links":{"self":[{"href":"https:\/\/gadgettravellers.eu\/it\/wp-json\/wp\/v2\/product\/5292015","targetHints":{"allow":["GET"]}}],"collection":[{"href":"https:\/\/gadgettravellers.eu\/it\/wp-json\/wp\/v2\/product"}],"about":[{"href":"https:\/\/gadgettravellers.eu\/it\/wp-json\/wp\/v2\/types\/product"}],"replies":[{"embeddable":true,"href":"https:\/\/gadgettravellers.eu\/it\/wp-json\/wp\/v2\/comments?post=5292015"}],"wp:featuredmedia":[{"embeddable":true,"href":"https:\/\/gadgettravellers.eu\/it\/wp-json\/wp\/v2\/media\/64603"}],"wp:attachment":[{"href":"https:\/\/gadgettravellers.eu\/it\/wp-json\/wp\/v2\/media?parent=5292015"}],"wp:term":[{"taxonomy":"product_brand","embeddable":true,"href":"https:\/\/gadgettravellers.eu\/it\/wp-json\/wp\/v2\/product_brand?post=5292015"},{"taxonomy":"product_cat","embeddable":true,"href":"https:\/\/gadgettravellers.eu\/it\/wp-json\/wp\/v2\/product_cat?post=5292015"},{"taxonomy":"product_tag","embeddable":true,"href":"https:\/\/gadgettravellers.eu\/it\/wp-json\/wp\/v2\/product_tag?post=5292015"}],"curies":[{"name":"wp","href":"https:\/\/api.w.org\/{rel}","templated":true}]}}