{"id":5292016,"date":"2026-01-16T17:17:11","date_gmt":"2026-01-16T15:17:11","guid":{"rendered":"https:\/\/gadgettravellers.eu\/shop\/pearl-rasoio-di-sicurezza-k2\/"},"modified":"2026-04-05T19:42:11","modified_gmt":"2026-04-05T17:42:11","slug":"pearl-rasoio-di-sicurezza-k2","status":"publish","type":"product","link":"https:\/\/gadgettravellers.eu\/it\/shop\/pearl-rasoio-di-sicurezza-k2\/","title":{"rendered":"Pearl rasoio di sicurezza K2"},"content":{"rendered":"<h2>Pearl rasoio di sicurezza K2<\/h2>\n<p>Il <strong>Pearl Rasoio di sicurezza K2<\/strong> \u00e8 caratterizzato da un design a tre pezzi che permette di smontarlo facilmente per una pulizia accurata e un allineamento preciso delle lamette. La struttura a tre pezzi \u00e8 pensata per garantire la massima facilit\u00e0 durante la pulizia e l&#8217;inserimento della lametta.<\/p>\n<p>Dotato di lati protetti per una maggiore sicurezza durante la rasatura, il rasoio di sicurezza K2 garantisce la massima protezione contro tagli accidentali. La protezione inserita rende la rasatura estremamente sicura, prevenendo la formazione di segni di acne o piccoli tagli.<br \/>\nLa minuziosa esposizione delle lamette, studiata per offrire una rasatura liscia e delicata, rende questo rasoio ideale sia per i principianti che per gli utenti esperti.<br \/>\nL&#8217;attenta esposizione delle lamette garantisce la rasatura pi\u00f9 dolce e delicata mai provata.<br \/>\nLa testina ad alta densit\u00e0 del rasoio di sicurezza K2 lo rende unico ed efficiente.<br \/>\nIl perfetto allineamento della testina rende il rasoio di sicurezza K2 ideale per ottenere una rasatura ai massimi livelli.<\/p>\n<p>Il rasoio di sicurezza K2 \u00e8 stato accuratamente esaminato per garantire una perfetta esposizione e allineamento delle lamette, rendendolo completamente privo di vibrazioni, offrendo una ottimale protezione per la pelle.<\/p>\n<p>Adatto a tutti i tipi di pelli e per chi ama la rasatura tradizionale, il rasoio di sicurezza K2 si distingue per la sua testina ad alta densit\u00e0, l&#8217;ottima qualit\u00e0 e l&#8217;attenzione al dettaglio. Grazie alle sue caratteristiche, \u00e8 adatto a tutti i tipi di pelle e per chi preferisce la rasatura tradizionale.<\/p>\n<p>Il rasoio di sicurezza K2 \u00e8 dotato di due manici intercambiabili, uno lungo e uno corto, per garantire la migliore presa possibile a seconda delle preferenze dell&#8217;utilizzatore. Il design elegante del manico, impreziosito da un logo tipografico, aggiunge un tocco di stile all&#8217;esperienza di rasatura.<\/p>\n<p><strong>Caratteristiche del prodotto:<\/strong><\/p>\n<p>Colore: cromo di alta qualit\u00e0 e argento opaco<br \/>\nMateriale del manico: metallo di ottone<br \/>\nAltezza totale del rasoio (con testina): 11,5 cm<br \/>\nAltezza del manico corto (senza testina): 7,5 cm<br \/>\nPeso del manico corto (senza testina): 40 grammi<br \/>\nAltezza del manico lungo (senza testina): 10 cm<br \/>\nPeso del manico lungo (senza testina): 50 grammi<br \/>\nMateriale della testina: lega di zinco<br \/>\nTipo di testina: pettine chiuso (lega di zinco)<br \/>\nPeso della testina: 36 grammi<br \/>\nLarghezza della testina: 5 cm (senza sporgenza della lametta)<br \/>\nPeso totale del rasoio: 126 grammi<\/p>\n<p><strong>La confezione include:<\/strong><br \/>\n1 manico lungo<br \/>\n1 manico corto<br \/>\n1 testina a pettine chiuso<br \/>\n1 guida per l&#8217;utente<br \/>\n10 lamette di alta qualit\u00e0<br \/>\n1 panno in microfibra<\/p>\n<p>Il <strong>Pearl Rasoio di sicurezza K2<\/strong> \u00e8 un prodotto di alta qualit\u00e0, pensato per garantire un&#8217;esperienza di rasatura confortevole e sicura. Con la sua testina ad alta densit\u00e0, i lati protetti e l&#8217;esposizione accurata delle lamette, questo rasoio \u00e8 ideale sia per i principianti che per gli esperti. La presenza di due manici intercambiabili, uno lungo e uno corto, permette di adattare il rasoio alle preferenze personali di ogni utente. Realizzato interamente in India, il rasoio di sicurezza K2 coniuga tradizione e innovazione, offrendo un prodotto durevole e di qualit\u00e0 superiore.<\/p>\n<p>Prodotto in India<\/p>\n","protected":false},"excerpt":{"rendered":"<p>Pearl rasoio di sicurezza K2 Il Pearl Rasoio di sicurezza K2 \u00e8 caratterizzato da un design a tre pezzi che permette di smontarlo facilmente per una pulizia accurata e un allineamento preciso delle lamette. La struttura a tre pezzi \u00e8 pensata per garantire la massima facilit\u00e0 durante la pulizia e l&#8217;inserimento della lametta. Dotato di [&hellip;]<\/p>\n","protected":false},"featured_media":64607,"comment_status":"closed","ping_status":"open","template":"","meta":[],"product_brand":[],"product_cat":[142231],"product_tag":[142299],"class_list":{"0":"post-5292016","1":"product","2":"type-product","3":"status-publish","4":"has-post-thumbnail","6":"product_cat-pearl-shaving-3","7":"product_tag-pearl-shaving","9":"first","10":"onbackorder","11":"purchasable","12":"product-type-simple"},"jetpack_sharing_enabled":true,"_links":{"self":[{"href":"https:\/\/gadgettravellers.eu\/it\/wp-json\/wp\/v2\/product\/5292016","targetHints":{"allow":["GET"]}}],"collection":[{"href":"https:\/\/gadgettravellers.eu\/it\/wp-json\/wp\/v2\/product"}],"about":[{"href":"https:\/\/gadgettravellers.eu\/it\/wp-json\/wp\/v2\/types\/product"}],"replies":[{"embeddable":true,"href":"https:\/\/gadgettravellers.eu\/it\/wp-json\/wp\/v2\/comments?post=5292016"}],"wp:featuredmedia":[{"embeddable":true,"href":"https:\/\/gadgettravellers.eu\/it\/wp-json\/wp\/v2\/media\/64607"}],"wp:attachment":[{"href":"https:\/\/gadgettravellers.eu\/it\/wp-json\/wp\/v2\/media?parent=5292016"}],"wp:term":[{"taxonomy":"product_brand","embeddable":true,"href":"https:\/\/gadgettravellers.eu\/it\/wp-json\/wp\/v2\/product_brand?post=5292016"},{"taxonomy":"product_cat","embeddable":true,"href":"https:\/\/gadgettravellers.eu\/it\/wp-json\/wp\/v2\/product_cat?post=5292016"},{"taxonomy":"product_tag","embeddable":true,"href":"https:\/\/gadgettravellers.eu\/it\/wp-json\/wp\/v2\/product_tag?post=5292016"}],"curies":[{"name":"wp","href":"https:\/\/api.w.org\/{rel}","templated":true}]}}