{"id":5292040,"date":"2026-01-16T17:17:19","date_gmt":"2026-01-16T15:17:19","guid":{"rendered":"https:\/\/gadgettravellers.eu\/shop\/saponificio-varesino-sapone-da-barba-manna-di-sicilia-4-3-150gr\/"},"modified":"2026-04-05T19:42:21","modified_gmt":"2026-04-05T17:42:21","slug":"saponificio-varesino-sapone-da-barba-manna-di-sicilia-4-3-150gr","status":"publish","type":"product","link":"https:\/\/gadgettravellers.eu\/it\/shop\/saponificio-varesino-sapone-da-barba-manna-di-sicilia-4-3-150gr\/","title":{"rendered":"Saponificio Varesino sapone da barba Manna di Sicilia 4.3 150gr"},"content":{"rendered":"<h2>Saponificio Varesino sapone da barba Manna di Sicilia 4.3 150gr<\/h2>\n<p>Sapone da barba in ciotola <strong>manna di Sicilia<\/strong> contiene un\u2019alta percentuale di Manna, prodotta nel comprensorio del Parco delle Madonie in Sicilia. Nel territorio compreso tra i comuni di Castelbuono e Pollina.<br \/>\nLa <strong>Manna<\/strong> \u00e8 il prodotto che deriva dall\u2019incisione del Frassino ed ha una composizione complessa e ricca di principi attivi. Ma la caratteristica che pi\u00f9 amerete, sar\u00e0 la morbidezza della pelle nonch\u00e8 il comfort di rasatura.<\/p>\n<p>Il sapone da barba <strong>manna di Sicilia<\/strong> \u00e8 caratterizzato da <strong>note di testa<\/strong> leggermente agrumate di bergamotto ed arancio, sono ben equilibrate da note aromatiche di salvia e da tracce di fieno greco, preludio di una <strong>nota di corpo<\/strong> calda con una lieve nota di miele che conferisce un ricordo di tabacco e spezie, ammorbidita da tracce floreali di gelsomino e foglie di geranio. La <strong>nota di fondo<\/strong> \u00e8 legnosa ed ambrata di patchouly, legno di cedro, resina di benzoino e legno di guaico per rendere pi\u00f9 caldo e corposo il ricordo del profumo.<\/p>\n<p><strong>Modo d&#8217;Uso<\/strong><\/p>\n<p>In formula sono presenti degli attivi che per dare il massimo devono solubilizzarsi e\/o fondersi. La massima espressione delle prestazioni la si ottiene in questo modo:<\/p>\n<p>velo di acqua bollente sul sapone per qualche minuto. Premesso che la quantit\u00e0 varia in funzione della chimica dell\u2019acqua ed il grado di umidit\u00e0 del sapone, una quantit\u00e0 corretta (da usarsi come punto di partenza) consente giusto giusto di ricoprire totalmente la superficie del sapone senza lasciare zone asciutte (attenzione a non eccedere),<br \/>\npennello in tasso (poich\u00e9 il pi\u00f9 performante nell\u2019inglobare acqua\u2026. e ci servir\u00e0 farlo) in ammollo,<br \/>\nuna vola strizzato per bene si versa tutta l\u2019acqua del sapone tra i peli del pennello, per poi iniziare il caricamento (20-30 secondi),<br \/>\nsi monta in viso o dove preferite senza pi\u00f9 aggiungere acqua del rubinetto.<\/p>\n<p><strong>Ingredients<\/strong>: Sodium Cocoate, Potassium Stearate, Sodium Cocoyl Isethionate, Sodium Rapeseedate, Sodium Sunflowerseedate, Aqua\/Water\/Eau, Fraxinus Ornus (Manna Ash) Sap Extract, Coco Glucoside, Glyceryl Oleate, Erythritol, Ricinus Communis Oil, Hydrogenated Castor Oil, Copernica Cerifera Cera, Cera Alba, Galactoarabinan, Shorea Stenoptera Seed Butter, Parfum\/Fragrance, Macadamia Ternifolia Seed Oil, Sucrose Cocoate, Butyrospermum Parkii (Shea) Butter, Prunus Amygdalus Dulcis (Sweet Almond) Oil, Oryza Sativa (Rice) Starch, Xanthan Gum, Glycerin, Stearic Acid, Sodium Chloride, Tocopheryl Acetate, Vitis Vinifera (Grape) Seed Oil, Citric Acid, Limonene, Coumarin, Benzyl Benzoate, Linalool, Citronellol, Geraniol.<\/p>\n","protected":false},"excerpt":{"rendered":"<p>Saponificio Varesino sapone da barba Manna di Sicilia 4.3 150gr Sapone da barba in ciotola manna di Sicilia contiene un\u2019alta percentuale di Manna, prodotta nel comprensorio del Parco delle Madonie in Sicilia. Nel territorio compreso tra i comuni di Castelbuono e Pollina. La Manna \u00e8 il prodotto che deriva dall\u2019incisione del Frassino ed ha una [&hellip;]<\/p>\n","protected":false},"featured_media":64707,"comment_status":"closed","ping_status":"open","template":"","meta":[],"product_brand":[],"product_cat":[142171],"product_tag":[142246],"class_list":{"0":"post-5292040","1":"product","2":"type-product","3":"status-publish","4":"has-post-thumbnail","6":"product_cat-saponificio-varesino-3","7":"product_tag-saponificio-varesino","9":"first","10":"onbackorder","11":"purchasable","12":"product-type-simple"},"jetpack_sharing_enabled":true,"_links":{"self":[{"href":"https:\/\/gadgettravellers.eu\/it\/wp-json\/wp\/v2\/product\/5292040","targetHints":{"allow":["GET"]}}],"collection":[{"href":"https:\/\/gadgettravellers.eu\/it\/wp-json\/wp\/v2\/product"}],"about":[{"href":"https:\/\/gadgettravellers.eu\/it\/wp-json\/wp\/v2\/types\/product"}],"replies":[{"embeddable":true,"href":"https:\/\/gadgettravellers.eu\/it\/wp-json\/wp\/v2\/comments?post=5292040"}],"wp:featuredmedia":[{"embeddable":true,"href":"https:\/\/gadgettravellers.eu\/it\/wp-json\/wp\/v2\/media\/64707"}],"wp:attachment":[{"href":"https:\/\/gadgettravellers.eu\/it\/wp-json\/wp\/v2\/media?parent=5292040"}],"wp:term":[{"taxonomy":"product_brand","embeddable":true,"href":"https:\/\/gadgettravellers.eu\/it\/wp-json\/wp\/v2\/product_brand?post=5292040"},{"taxonomy":"product_cat","embeddable":true,"href":"https:\/\/gadgettravellers.eu\/it\/wp-json\/wp\/v2\/product_cat?post=5292040"},{"taxonomy":"product_tag","embeddable":true,"href":"https:\/\/gadgettravellers.eu\/it\/wp-json\/wp\/v2\/product_tag?post=5292040"}],"curies":[{"name":"wp","href":"https:\/\/api.w.org\/{rel}","templated":true}]}}