{"id":5292056,"date":"2026-01-16T17:17:24","date_gmt":"2026-01-16T15:17:24","guid":{"rendered":"https:\/\/gadgettravellers.eu\/shop\/razorock-rasoio-di-sicurezza-v3-hawk-oc-jaws-single-edge\/"},"modified":"2026-04-04T19:33:55","modified_gmt":"2026-04-04T17:33:55","slug":"razorock-rasoio-di-sicurezza-v3-hawk-oc-jaws-single-edge","status":"publish","type":"product","link":"https:\/\/gadgettravellers.eu\/it\/shop\/razorock-rasoio-di-sicurezza-v3-hawk-oc-jaws-single-edge\/","title":{"rendered":"Razorock rasoio di sicurezza V3 Hawk OC Jaws single edge"},"content":{"rendered":"<h2>Razorock rasoio di sicurezza V3 Hawk OC Jaws single edge<\/h2>\n<p><strong>Hawk V3<\/strong> interamente realizzato in acciaio inossidabile 316L.<br \/>\nLa versione &#8220;<strong>OC<\/strong>&#8221;\u00a0 \u00e8 il modello aggressivo che offre una piastra a pettine aperto (JAWS) con denti ampiamente distanziati per affrontare facilmente anche una barba con pi\u00f9 giorni di crescita.<\/p>\n<p><strong>Per i neofiti del SE<\/strong>:<br \/>\nSe non ti sei mai rasato con un rasoio <strong>SE<\/strong>, ti esortiamo a iniziare lentamente e a non applicare una pressione eccessiva con il rasoio. Le lame <strong>SE<\/strong> sono pi\u00f9 spesse, pi\u00f9 affilate e pi\u00f9 rigide di una lama <strong>DE<\/strong> e richiedono qualche sbarbata per apprendere al meglio. usa il rasoio per <strong>12-15 rasature<\/strong> di fila prima di giudicare se ti piace la rasatura SE o meno e se vuoi iniziare con qualcosa di basilare prendi in considerazione l\u2019idea di usare <strong>FEATHER PRO GUARD<\/strong>.<br \/>\nQuando si monta il rasoio, assicurarsi di non applicare una forza eccessiva poich\u00e9 l\u2019alluminio \u00e8 pi\u00f9 morbido dell\u2019acciaio e pu\u00f2 piegarsi e danneggiarsi molto pi\u00f9 facilmente. Quando avviti il manico con una lama inserita, consigliamo vivamente di tenere la testa del rasoio all\u2019interno di un asciugamano spesso nel caso in cui scivoli.<\/p>\n<p>SCHEDA TECNICA:<br \/>\n<strong>Peso<\/strong>: 103gr<br \/>\n<strong>Manico<\/strong>: 81 mm di lunghezza e 12 mm di diametro<br \/>\n<strong>Materiale<\/strong>: acciaio inossidabile 316L<br \/>\n<strong>Lame consigliate<\/strong>:<\/p>\n<p>PIATTA Professional Blade (aka Artist Club Professional)<br \/>\nPIUME Pro Guard Blade (aka Artist Club Pro Guard)<br \/>\nKAI Captain Titan Mild (aka KAI Pinks)<br \/>\nKAI Captain Titan Mild Protouch MG Blade (lama protetta)<br \/>\nPIUMA Professional Super Blades funzioner\u00e0 anche ma render\u00e0 il rasoio molto aggressivo e non li consiglierei. Le lame FEATHER Professional LIGHT non sono idonee per questo rasoio.<\/p>\n","protected":false},"excerpt":{"rendered":"<p>Razorock rasoio di sicurezza V3 Hawk OC Jaws single edge Hawk V3 interamente realizzato in acciaio inossidabile 316L. La versione &#8220;OC&#8221;\u00a0 \u00e8 il modello aggressivo che offre una piastra a pettine aperto (JAWS) con denti ampiamente distanziati per affrontare facilmente anche una barba con pi\u00f9 giorni di crescita. Per i neofiti del SE: Se non [&hellip;]<\/p>\n","protected":false},"featured_media":5284665,"comment_status":"closed","ping_status":"open","template":"","meta":[],"product_brand":[],"product_cat":[142165],"product_tag":[142241],"class_list":{"0":"post-5292056","1":"product","2":"type-product","3":"status-publish","4":"has-post-thumbnail","6":"product_cat-razorock-3","7":"product_tag-razorock","9":"first","10":"onbackorder","11":"purchasable","12":"product-type-simple"},"jetpack_sharing_enabled":true,"_links":{"self":[{"href":"https:\/\/gadgettravellers.eu\/it\/wp-json\/wp\/v2\/product\/5292056","targetHints":{"allow":["GET"]}}],"collection":[{"href":"https:\/\/gadgettravellers.eu\/it\/wp-json\/wp\/v2\/product"}],"about":[{"href":"https:\/\/gadgettravellers.eu\/it\/wp-json\/wp\/v2\/types\/product"}],"replies":[{"embeddable":true,"href":"https:\/\/gadgettravellers.eu\/it\/wp-json\/wp\/v2\/comments?post=5292056"}],"wp:featuredmedia":[{"embeddable":true,"href":"https:\/\/gadgettravellers.eu\/it\/wp-json\/wp\/v2\/media\/5284665"}],"wp:attachment":[{"href":"https:\/\/gadgettravellers.eu\/it\/wp-json\/wp\/v2\/media?parent=5292056"}],"wp:term":[{"taxonomy":"product_brand","embeddable":true,"href":"https:\/\/gadgettravellers.eu\/it\/wp-json\/wp\/v2\/product_brand?post=5292056"},{"taxonomy":"product_cat","embeddable":true,"href":"https:\/\/gadgettravellers.eu\/it\/wp-json\/wp\/v2\/product_cat?post=5292056"},{"taxonomy":"product_tag","embeddable":true,"href":"https:\/\/gadgettravellers.eu\/it\/wp-json\/wp\/v2\/product_tag?post=5292056"}],"curies":[{"name":"wp","href":"https:\/\/api.w.org\/{rel}","templated":true}]}}